{"id":2695,"date":"2021-12-10T03:22:35","date_gmt":"2021-12-09T19:22:35","guid":{"rendered":"https:\/\/www.geckohaha.com\/productos-adhesivos-personalizados-peel-stick\/"},"modified":"2024-04-23T09:20:32","modified_gmt":"2024-04-23T01:20:32","slug":"productos-adhesivos-personalizados-peel-stick","status":"publish","type":"page","link":"https:\/\/geckohaha.com\/es\/productos-adhesivos-personalizados-peel-stick\/","title":{"rendered":"Productos adhesivos personalizados Peel &amp; Stick"},"content":{"rendered":"<div class=\"wp-block-columns is-layout-flex wp-container-core-columns-is-layout-1 wp-block-columns-is-layout-flex\"><div class=\"wp-block-column is-layout-flow wp-block-column-is-layout-flow\" style=\"flex-basis:50%\"><figure class=\"wp-block-image size-full\"><img fetchpriority=\"high\" decoding=\"async\" width=\"800\" height=\"560\" src=\"https:\/\/geckohaha.com\/wp-content\/uploads\/2021\/12\/20171215_205214_6700-2.jpg\" alt=\"\" class=\"wp-image-873\" srcset=\"https:\/\/geckohaha.com\/wp-content\/uploads\/2021\/12\/20171215_205214_6700-2.jpg 800w, https:\/\/geckohaha.com\/wp-content\/uploads\/2021\/12\/20171215_205214_6700-2-300x210.jpg 300w, https:\/\/geckohaha.com\/wp-content\/uploads\/2021\/12\/20171215_205214_6700-2-768x538.jpg 768w, https:\/\/geckohaha.com\/wp-content\/uploads\/2021\/12\/20171215_205214_6700-2-600x420.jpg 600w, https:\/\/geckohaha.com\/wp-content\/uploads\/2021\/12\/20171215_205214_6700-2-150x105.jpg 150w\" sizes=\"(max-width: 800px) 100vw, 800px\" \/><\/figure>\n\n<div class=\"wp-block-group customize_content\"><div class=\"wp-block-group__inner-container is-layout-flow wp-block-group-is-layout-flow\"><h2 class=\"wp-block-heading has-text-align-center has-text-color\" style=\"color:#509d24\">Dise\u00f1o de Calendario de Escritorio Reutilizable de 2010 con Adhesivo para Despegar y Pegar<\/h2>\n\n<p>Adem\u00e1s de los 12 meses impresos de manera hermosa en la tarjeta posterior del calendario , la caracter\u00edstica m\u00e1s importante es el conjunto de (12 meses) meses individuales con adhesivo para despegar y pegar, que pueden llevarse y pegarse en cuadernos, pantallas de computadora, autos o cualquier superficie deseada. Esto permite una f\u00e1cil referencia a las fechas, los d\u00edas de la semana y la comparaci\u00f3n con los calendarios gregoriano y lunar.<\/p>\n\n<p>Tama\u00f1os disponibles: Tarjeta posterior del calendario (14.716.7cm), Mini calendarios (3.54.5cm\/cada mes)<\/p>\n\n<p>(Todos los tama\u00f1os, especificaciones y dise\u00f1os de los productos son personalizables.)<\/p>\n\n<figure class=\"wp-block-gallery has-nested-images columns-default is-cropped wp-block-gallery-1 is-layout-flex wp-block-gallery-is-layout-flex\"><figure class=\"wp-block-image size-full\"><a href=\"https:\/\/geckohaha.com\/wp-content\/uploads\/2021\/12\/20171215205437_r0v0Z.jpg\"><img decoding=\"async\" width=\"850\" height=\"850\" src=\"https:\/\/geckohaha.com\/wp-content\/uploads\/2021\/12\/20171215205437_r0v0Z.jpg\" alt=\"\" class=\"wp-image-451\" srcset=\"https:\/\/geckohaha.com\/wp-content\/uploads\/2021\/12\/20171215205437_r0v0Z.jpg 850w, https:\/\/geckohaha.com\/wp-content\/uploads\/2021\/12\/20171215205437_r0v0Z-300x300.jpg 300w, https:\/\/geckohaha.com\/wp-content\/uploads\/2021\/12\/20171215205437_r0v0Z-150x150.jpg 150w, https:\/\/geckohaha.com\/wp-content\/uploads\/2021\/12\/20171215205437_r0v0Z-768x768.jpg 768w, https:\/\/geckohaha.com\/wp-content\/uploads\/2021\/12\/20171215205437_r0v0Z-600x600.jpg 600w\" sizes=\"(max-width: 850px) 100vw, 850px\" \/><\/a><\/figure>\n\n<figure class=\"wp-block-image size-full\"><a href=\"https:\/\/geckohaha.com\/wp-content\/uploads\/2021\/12\/20171215210614_2GVaq.jpg\"><img decoding=\"async\" width=\"850\" height=\"850\" src=\"https:\/\/geckohaha.com\/wp-content\/uploads\/2021\/12\/20171215210614_2GVaq.jpg\" alt=\"\" class=\"wp-image-452\" srcset=\"https:\/\/geckohaha.com\/wp-content\/uploads\/2021\/12\/20171215210614_2GVaq.jpg 850w, https:\/\/geckohaha.com\/wp-content\/uploads\/2021\/12\/20171215210614_2GVaq-300x300.jpg 300w, https:\/\/geckohaha.com\/wp-content\/uploads\/2021\/12\/20171215210614_2GVaq-150x150.jpg 150w, https:\/\/geckohaha.com\/wp-content\/uploads\/2021\/12\/20171215210614_2GVaq-768x768.jpg 768w, https:\/\/geckohaha.com\/wp-content\/uploads\/2021\/12\/20171215210614_2GVaq-600x600.jpg 600w\" sizes=\"(max-width: 850px) 100vw, 850px\" \/><\/a><\/figure>\n\n<figure class=\"wp-block-image size-full\"><a href=\"https:\/\/geckohaha.com\/wp-content\/uploads\/2021\/12\/20171215_205340_9555.jpg\"><img loading=\"lazy\" decoding=\"async\" width=\"416\" height=\"425\" src=\"https:\/\/geckohaha.com\/wp-content\/uploads\/2021\/12\/20171215_205340_9555.jpg\" alt=\"\" class=\"wp-image-450\" srcset=\"https:\/\/geckohaha.com\/wp-content\/uploads\/2021\/12\/20171215_205340_9555.jpg 416w, https:\/\/geckohaha.com\/wp-content\/uploads\/2021\/12\/20171215_205340_9555-294x300.jpg 294w, https:\/\/geckohaha.com\/wp-content\/uploads\/2021\/12\/20171215_205340_9555-150x153.jpg 150w\" sizes=\"(max-width: 416px) 100vw, 416px\" \/><\/a><\/figure><\/figure><\/div><\/div><\/div>\n\n<div class=\"wp-block-column is-layout-flow wp-block-column-is-layout-flow\" style=\"flex-basis:50%\"><figure class=\"wp-block-image size-full\"><img loading=\"lazy\" decoding=\"async\" width=\"800\" height=\"560\" src=\"https:\/\/geckohaha.com\/wp-content\/uploads\/2021\/12\/20171218180437_TjLev-2.jpg\" alt=\"\" class=\"wp-image-874\" srcset=\"https:\/\/geckohaha.com\/wp-content\/uploads\/2021\/12\/20171218180437_TjLev-2.jpg 800w, https:\/\/geckohaha.com\/wp-content\/uploads\/2021\/12\/20171218180437_TjLev-2-300x210.jpg 300w, https:\/\/geckohaha.com\/wp-content\/uploads\/2021\/12\/20171218180437_TjLev-2-768x538.jpg 768w, https:\/\/geckohaha.com\/wp-content\/uploads\/2021\/12\/20171218180437_TjLev-2-600x420.jpg 600w, https:\/\/geckohaha.com\/wp-content\/uploads\/2021\/12\/20171218180437_TjLev-2-150x105.jpg 150w\" sizes=\"(max-width: 800px) 100vw, 800px\" \/><\/figure>\n\n<div class=\"wp-block-group customize_content\"><div class=\"wp-block-group__inner-container is-layout-flow wp-block-group-is-layout-flow\"><h2 class=\"wp-block-heading has-text-align-center has-text-color\" style=\"color:#509d24\">Tablero de Notas Adhesivas Reutilizable<\/h2>\n\n<p class=\"has-text-align-center\">Especificaciones: 13X13CM<br\/>Embalaje: 1 pieza\/paquete<\/p><\/div><\/div><\/div><\/div>","protected":false},"excerpt":{"rendered":"<p>Dise\u00f1o de Calendario de Escritorio Reutilizable de 2010 con Adhesivo para Despegar y Pegar Adem\u00e1s de los 12 meses impresos<\/p>\n","protected":false},"author":6,"featured_media":0,"parent":0,"menu_order":0,"comment_status":"closed","ping_status":"closed","template":"","meta":{"_acf_changed":false,"footnotes":""},"class_list":["post-2695","page","type-page","status-publish","hentry"],"acf":[],"yoast_head":"<!-- This site is optimized with the Yoast SEO plugin v24.0 - https:\/\/yoast.com\/wordpress\/plugins\/seo\/ -->\n<title>Productos adhesivos personalizados Peel &amp; Stick<\/title>\n<meta name=\"description\" content=\"ONENICE are rewriting the story of eco-friendly products with Adhesive Peel &amp; Stick Products. Explore ODM\/OEM services for Adhesive Peel &amp; Stick Products.\" \/>\n<meta name=\"robots\" content=\"index, follow, max-snippet:-1, max-image-preview:large, max-video-preview:-1\" \/>\n<link rel=\"canonical\" href=\"https:\/\/geckohaha.com\/es\/productos-adhesivos-personalizados-peel-stick\/\" \/>\n<meta property=\"og:locale\" content=\"es_ES\" \/>\n<meta property=\"og:type\" content=\"article\" \/>\n<meta property=\"og:title\" content=\"Productos adhesivos personalizados Peel &amp; Stick\" \/>\n<meta property=\"og:description\" content=\"ONENICE are rewriting the story of eco-friendly products with Adhesive Peel &amp; Stick Products. Explore ODM\/OEM services for Adhesive Peel &amp; Stick Products.\" \/>\n<meta property=\"og:url\" content=\"https:\/\/geckohaha.com\/es\/productos-adhesivos-personalizados-peel-stick\/\" \/>\n<meta property=\"og:site_name\" content=\"Onenice Internaional Co., Ltd.\" \/>\n<meta property=\"article:modified_time\" content=\"2024-04-23T01:20:32+00:00\" \/>\n<meta property=\"og:image\" content=\"https:\/\/geckohaha.com\/wp-content\/uploads\/2021\/12\/20171215_205214_6700-2.jpg\" \/>\n<meta name=\"twitter:card\" content=\"summary_large_image\" \/>\n<script type=\"application\/ld+json\" class=\"yoast-schema-graph\">{\"@context\":\"https:\/\/schema.org\",\"@graph\":[{\"@type\":\"WebPage\",\"@id\":\"https:\/\/geckohaha.com\/es\/productos-adhesivos-personalizados-peel-stick\/\",\"url\":\"https:\/\/geckohaha.com\/es\/productos-adhesivos-personalizados-peel-stick\/\",\"name\":\"Productos adhesivos personalizados Peel & Stick\",\"isPartOf\":{\"@id\":\"https:\/\/geckohaha.com\/es\/#website\"},\"primaryImageOfPage\":{\"@id\":\"https:\/\/geckohaha.com\/es\/productos-adhesivos-personalizados-peel-stick\/#primaryimage\"},\"image\":{\"@id\":\"https:\/\/geckohaha.com\/es\/productos-adhesivos-personalizados-peel-stick\/#primaryimage\"},\"thumbnailUrl\":\"https:\/\/geckohaha.com\/wp-content\/uploads\/2021\/12\/20171215_205214_6700-2.jpg\",\"datePublished\":\"2021-12-09T19:22:35+00:00\",\"dateModified\":\"2024-04-23T01:20:32+00:00\",\"description\":\"ONENICE are rewriting the story of eco-friendly products with Adhesive Peel & Stick Products. Explore ODM\/OEM services for Adhesive Peel & Stick Products.\",\"breadcrumb\":{\"@id\":\"https:\/\/geckohaha.com\/es\/productos-adhesivos-personalizados-peel-stick\/#breadcrumb\"},\"inLanguage\":\"es\",\"potentialAction\":[{\"@type\":\"ReadAction\",\"target\":[\"https:\/\/geckohaha.com\/es\/productos-adhesivos-personalizados-peel-stick\/\"]}]},{\"@type\":\"ImageObject\",\"inLanguage\":\"es\",\"@id\":\"https:\/\/geckohaha.com\/es\/productos-adhesivos-personalizados-peel-stick\/#primaryimage\",\"url\":\"https:\/\/geckohaha.com\/wp-content\/uploads\/2021\/12\/20171215_205214_6700-2.jpg\",\"contentUrl\":\"https:\/\/geckohaha.com\/wp-content\/uploads\/2021\/12\/20171215_205214_6700-2.jpg\"},{\"@type\":\"BreadcrumbList\",\"@id\":\"https:\/\/geckohaha.com\/es\/productos-adhesivos-personalizados-peel-stick\/#breadcrumb\",\"itemListElement\":[{\"@type\":\"ListItem\",\"position\":1,\"name\":\"INICIO\",\"item\":\"https:\/\/geckohaha.com\/es\/\"},{\"@type\":\"ListItem\",\"position\":2,\"name\":\"Productos adhesivos personalizados Peel &amp; Stick\"}]},{\"@type\":\"WebSite\",\"@id\":\"https:\/\/geckohaha.com\/es\/#website\",\"url\":\"https:\/\/geckohaha.com\/es\/\",\"name\":\"Onenice Internaional Co., Ltd.\",\"description\":\"Free your idea, Enrich your life\",\"publisher\":{\"@id\":\"https:\/\/geckohaha.com\/es\/#organization\"},\"potentialAction\":[{\"@type\":\"SearchAction\",\"target\":{\"@type\":\"EntryPoint\",\"urlTemplate\":\"https:\/\/geckohaha.com\/es\/?s={search_term_string}\"},\"query-input\":{\"@type\":\"PropertyValueSpecification\",\"valueRequired\":true,\"valueName\":\"search_term_string\"}}],\"inLanguage\":\"es\"},{\"@type\":\"Organization\",\"@id\":\"https:\/\/geckohaha.com\/es\/#organization\",\"name\":\"\u842c\u99ff\u570b\u969b\u6709\u9650\u516c\u53f8\",\"url\":\"https:\/\/geckohaha.com\/es\/\",\"logo\":{\"@type\":\"ImageObject\",\"inLanguage\":\"es\",\"@id\":\"https:\/\/geckohaha.com\/es\/#\/schema\/logo\/image\/\",\"url\":\"http:\/\/geckohaha.com\/wp-content\/uploads\/2021\/12\/cropped-site_logo.png\",\"contentUrl\":\"http:\/\/geckohaha.com\/wp-content\/uploads\/2021\/12\/cropped-site_logo.png\",\"width\":512,\"height\":512,\"caption\":\"\u842c\u99ff\u570b\u969b\u6709\u9650\u516c\u53f8\"},\"image\":{\"@id\":\"https:\/\/geckohaha.com\/es\/#\/schema\/logo\/image\/\"}}]}<\/script>\n<!-- \/ Yoast SEO plugin. -->","yoast_head_json":{"title":"Productos adhesivos personalizados Peel & Stick","description":"ONENICE are rewriting the story of eco-friendly products with Adhesive Peel & Stick Products. Explore ODM\/OEM services for Adhesive Peel & Stick Products.","robots":{"index":"index","follow":"follow","max-snippet":"max-snippet:-1","max-image-preview":"max-image-preview:large","max-video-preview":"max-video-preview:-1"},"canonical":"https:\/\/geckohaha.com\/es\/productos-adhesivos-personalizados-peel-stick\/","og_locale":"es_ES","og_type":"article","og_title":"Productos adhesivos personalizados Peel & Stick","og_description":"ONENICE are rewriting the story of eco-friendly products with Adhesive Peel & Stick Products. Explore ODM\/OEM services for Adhesive Peel & Stick Products.","og_url":"https:\/\/geckohaha.com\/es\/productos-adhesivos-personalizados-peel-stick\/","og_site_name":"Onenice Internaional Co., Ltd.","article_modified_time":"2024-04-23T01:20:32+00:00","og_image":[{"url":"https:\/\/geckohaha.com\/wp-content\/uploads\/2021\/12\/20171215_205214_6700-2.jpg","type":"","width":"","height":""}],"twitter_card":"summary_large_image","schema":{"@context":"https:\/\/schema.org","@graph":[{"@type":"WebPage","@id":"https:\/\/geckohaha.com\/es\/productos-adhesivos-personalizados-peel-stick\/","url":"https:\/\/geckohaha.com\/es\/productos-adhesivos-personalizados-peel-stick\/","name":"Productos adhesivos personalizados Peel & Stick","isPartOf":{"@id":"https:\/\/geckohaha.com\/es\/#website"},"primaryImageOfPage":{"@id":"https:\/\/geckohaha.com\/es\/productos-adhesivos-personalizados-peel-stick\/#primaryimage"},"image":{"@id":"https:\/\/geckohaha.com\/es\/productos-adhesivos-personalizados-peel-stick\/#primaryimage"},"thumbnailUrl":"https:\/\/geckohaha.com\/wp-content\/uploads\/2021\/12\/20171215_205214_6700-2.jpg","datePublished":"2021-12-09T19:22:35+00:00","dateModified":"2024-04-23T01:20:32+00:00","description":"ONENICE are rewriting the story of eco-friendly products with Adhesive Peel & Stick Products. Explore ODM\/OEM services for Adhesive Peel & Stick Products.","breadcrumb":{"@id":"https:\/\/geckohaha.com\/es\/productos-adhesivos-personalizados-peel-stick\/#breadcrumb"},"inLanguage":"es","potentialAction":[{"@type":"ReadAction","target":["https:\/\/geckohaha.com\/es\/productos-adhesivos-personalizados-peel-stick\/"]}]},{"@type":"ImageObject","inLanguage":"es","@id":"https:\/\/geckohaha.com\/es\/productos-adhesivos-personalizados-peel-stick\/#primaryimage","url":"https:\/\/geckohaha.com\/wp-content\/uploads\/2021\/12\/20171215_205214_6700-2.jpg","contentUrl":"https:\/\/geckohaha.com\/wp-content\/uploads\/2021\/12\/20171215_205214_6700-2.jpg"},{"@type":"BreadcrumbList","@id":"https:\/\/geckohaha.com\/es\/productos-adhesivos-personalizados-peel-stick\/#breadcrumb","itemListElement":[{"@type":"ListItem","position":1,"name":"INICIO","item":"https:\/\/geckohaha.com\/es\/"},{"@type":"ListItem","position":2,"name":"Productos adhesivos personalizados Peel &amp; Stick"}]},{"@type":"WebSite","@id":"https:\/\/geckohaha.com\/es\/#website","url":"https:\/\/geckohaha.com\/es\/","name":"Onenice Internaional Co., Ltd.","description":"Free your idea, Enrich your life","publisher":{"@id":"https:\/\/geckohaha.com\/es\/#organization"},"potentialAction":[{"@type":"SearchAction","target":{"@type":"EntryPoint","urlTemplate":"https:\/\/geckohaha.com\/es\/?s={search_term_string}"},"query-input":{"@type":"PropertyValueSpecification","valueRequired":true,"valueName":"search_term_string"}}],"inLanguage":"es"},{"@type":"Organization","@id":"https:\/\/geckohaha.com\/es\/#organization","name":"\u842c\u99ff\u570b\u969b\u6709\u9650\u516c\u53f8","url":"https:\/\/geckohaha.com\/es\/","logo":{"@type":"ImageObject","inLanguage":"es","@id":"https:\/\/geckohaha.com\/es\/#\/schema\/logo\/image\/","url":"http:\/\/geckohaha.com\/wp-content\/uploads\/2021\/12\/cropped-site_logo.png","contentUrl":"http:\/\/geckohaha.com\/wp-content\/uploads\/2021\/12\/cropped-site_logo.png","width":512,"height":512,"caption":"\u842c\u99ff\u570b\u969b\u6709\u9650\u516c\u53f8"},"image":{"@id":"https:\/\/geckohaha.com\/es\/#\/schema\/logo\/image\/"}}]}},"_links":{"self":[{"href":"https:\/\/geckohaha.com\/es\/wp-json\/wp\/v2\/pages\/2695","targetHints":{"allow":["GET"]}}],"collection":[{"href":"https:\/\/geckohaha.com\/es\/wp-json\/wp\/v2\/pages"}],"about":[{"href":"https:\/\/geckohaha.com\/es\/wp-json\/wp\/v2\/types\/page"}],"author":[{"embeddable":true,"href":"https:\/\/geckohaha.com\/es\/wp-json\/wp\/v2\/users\/6"}],"replies":[{"embeddable":true,"href":"https:\/\/geckohaha.com\/es\/wp-json\/wp\/v2\/comments?post=2695"}],"version-history":[{"count":0,"href":"https:\/\/geckohaha.com\/es\/wp-json\/wp\/v2\/pages\/2695\/revisions"}],"wp:attachment":[{"href":"https:\/\/geckohaha.com\/es\/wp-json\/wp\/v2\/media?parent=2695"}],"curies":[{"name":"wp","href":"https:\/\/api.w.org\/{rel}","templated":true}]}}