{"id":2708,"date":"2021-12-10T03:22:53","date_gmt":"2021-12-09T19:22:53","guid":{"rendered":"https:\/\/www.geckohaha.com\/noticias-consejos-de-organizacion-del-hogar-e-ideas-creativas\/"},"modified":"2024-04-23T14:50:35","modified_gmt":"2024-04-23T06:50:35","slug":"noticias-consejos-de-organizacion-del-hogar-e-ideas-creativas","status":"publish","type":"page","link":"https:\/\/geckohaha.com\/es\/noticias-consejos-de-organizacion-del-hogar-e-ideas-creativas\/","title":{"rendered":"Noticias &#8211; Consejos de Organizaci\u00f3n del Hogar e Ideas Creativas"},"content":{"rendered":"<div class=\"wp-block-columns max_1280 is-layout-flex wp-container-core-columns-is-layout-7 wp-block-columns-is-layout-flex\"><div class=\"wp-block-column is-layout-flow wp-block-column-is-layout-flow\" style=\"flex-basis:100%\"><div class=\"wp-block-query posts is-layout-flow wp-block-query-is-layout-flow\"><ul class=\"aligncenter wp-block-post-template is-layout-flow wp-block-post-template-is-layout-flow\"><li class=\"wp-block-post post-2676 post type-post status-publish format-standard has-post-thumbnail hentry category-sin-categorizar\"><div class=\"wp-block-columns is-layout-flex wp-container-core-columns-is-layout-1 wp-block-columns-is-layout-flex\"><div class=\"wp-block-column post_img is-layout-flow wp-block-column-is-layout-flow\" style=\"flex-basis:55%\"><figure class=\"wp-block-post-featured-image\"><a href=\"https:\/\/geckohaha.com\/es\/2024-certificado-d-u-n-s\/\" target=\"_self\"  ><img fetchpriority=\"high\" decoding=\"async\" width=\"2400\" height=\"1703\" src=\"https:\/\/geckohaha.com\/wp-content\/uploads\/E-Certificate_658857941.jpg\" class=\"attachment-post-thumbnail size-post-thumbnail wp-post-image\" alt=\"Certificado D-U-N-S\u00ae 2024\" style=\"object-fit:cover;\" srcset=\"https:\/\/geckohaha.com\/wp-content\/uploads\/E-Certificate_658857941.jpg 2400w, https:\/\/geckohaha.com\/wp-content\/uploads\/E-Certificate_658857941-300x213.jpg 300w, https:\/\/geckohaha.com\/wp-content\/uploads\/E-Certificate_658857941-1024x727.jpg 1024w, https:\/\/geckohaha.com\/wp-content\/uploads\/E-Certificate_658857941-768x545.jpg 768w, https:\/\/geckohaha.com\/wp-content\/uploads\/E-Certificate_658857941-1536x1090.jpg 1536w, https:\/\/geckohaha.com\/wp-content\/uploads\/E-Certificate_658857941-2048x1453.jpg 2048w, https:\/\/geckohaha.com\/wp-content\/uploads\/E-Certificate_658857941-600x426.jpg 600w, https:\/\/geckohaha.com\/wp-content\/uploads\/E-Certificate_658857941-150x106.jpg 150w\" sizes=\"(max-width: 2400px) 100vw, 2400px\" \/><\/a><\/figure><\/div>\n\n<div class=\"wp-block-column post_content is-layout-flow wp-block-column-is-layout-flow\" style=\"flex-basis:45%\"><h2 class=\"wp-block-post-title\"><a href=\"https:\/\/geckohaha.com\/es\/2024-certificado-d-u-n-s\/\" target=\"_self\" >Certificado D-U-N-S\u00ae 2024<\/a><\/h2>\n\n<div class=\"wp-block-post-excerpt\"><p class=\"wp-block-post-excerpt__excerpt\"><\/p><p class=\"wp-block-post-excerpt__more-text\"><a class=\"wp-block-post-excerpt__more-link\" href=\"https:\/\/geckohaha.com\/es\/2024-certificado-d-u-n-s\/\">Leer m\u00e1s &gt;<\/a><\/p><\/div>\n\n<p><\/p><\/div><\/div><\/li><li class=\"wp-block-post post-3180 post type-post status-publish format-standard has-post-thumbnail hentry category-sin-categorizar\"><div class=\"wp-block-columns is-layout-flex wp-container-core-columns-is-layout-2 wp-block-columns-is-layout-flex\"><div class=\"wp-block-column post_img is-layout-flow wp-block-column-is-layout-flow\" style=\"flex-basis:55%\"><figure class=\"wp-block-post-featured-image\"><a href=\"https:\/\/geckohaha.com\/es\/mision-comercial-de-taiwan-2022-a-malasia-tailandia-y-vietnam\/\" target=\"_self\"  ><img decoding=\"async\" width=\"892\" height=\"550\" src=\"https:\/\/geckohaha.com\/wp-content\/uploads\/TAITRA-2022.jpg\" class=\"attachment-post-thumbnail size-post-thumbnail wp-post-image\" alt=\"Misi\u00f3n Comercial de Taiw\u00e1n 2022 a Malasia, Tailandia y Vietnam.\" style=\"object-fit:cover;\" srcset=\"https:\/\/geckohaha.com\/wp-content\/uploads\/TAITRA-2022.jpg 892w, https:\/\/geckohaha.com\/wp-content\/uploads\/TAITRA-2022-300x185.jpg 300w, https:\/\/geckohaha.com\/wp-content\/uploads\/TAITRA-2022-768x474.jpg 768w, https:\/\/geckohaha.com\/wp-content\/uploads\/TAITRA-2022-600x370.jpg 600w, https:\/\/geckohaha.com\/wp-content\/uploads\/TAITRA-2022-150x92.jpg 150w\" sizes=\"(max-width: 892px) 100vw, 892px\" \/><\/a><\/figure><\/div>\n\n<div class=\"wp-block-column post_content is-layout-flow wp-block-column-is-layout-flow\" style=\"flex-basis:45%\"><h2 class=\"wp-block-post-title\"><a href=\"https:\/\/geckohaha.com\/es\/mision-comercial-de-taiwan-2022-a-malasia-tailandia-y-vietnam\/\" target=\"_self\" >Misi\u00f3n Comercial de Taiw\u00e1n 2022 a Malasia, Tailandia y Vietnam.<\/a><\/h2>\n\n<div class=\"wp-block-post-excerpt\"><p class=\"wp-block-post-excerpt__excerpt\">Misi\u00f3n Comercial de Taiw\u00e1n 2022 a Malasia, Tailandia y Vietnam. 27 de noviembre &#8211; 7 de diciembre de 2022 sitio<\/p><p class=\"wp-block-post-excerpt__more-text\"><a class=\"wp-block-post-excerpt__more-link\" href=\"https:\/\/geckohaha.com\/es\/mision-comercial-de-taiwan-2022-a-malasia-tailandia-y-vietnam\/\">Leer m\u00e1s &gt;<\/a><\/p><\/div>\n\n<p><\/p><\/div><\/div><\/li><li class=\"wp-block-post post-3173 post type-post status-publish format-standard hentry category-sin-categorizar\"><div class=\"wp-block-columns is-layout-flex wp-container-core-columns-is-layout-3 wp-block-columns-is-layout-flex\"><div class=\"wp-block-column post_img is-layout-flow wp-block-column-is-layout-flow\" style=\"flex-basis:55%\"><\/div>\n\n<div class=\"wp-block-column post_content is-layout-flow wp-block-column-is-layout-flow\" style=\"flex-basis:45%\"><h2 class=\"wp-block-post-title\"><a href=\"https:\/\/geckohaha.com\/es\/semana-taiwan-kenia-2022\/\" target=\"_self\" >Semana Taiw\u00e1n Kenia 2022<\/a><\/h2>\n\n<div class=\"wp-block-post-excerpt\"><p class=\"wp-block-post-excerpt__excerpt\">Reuniones B2B en l\u00ednea 2022 19\/09: Etiop\u00eda 22\/09: Nigeria 27\/09: Kenia 29\/09: Tanzania Misi\u00f3n Comercial 2022:22\/09: Radisson Blu. Hoteles y<\/p><p class=\"wp-block-post-excerpt__more-text\"><a class=\"wp-block-post-excerpt__more-link\" href=\"https:\/\/geckohaha.com\/es\/semana-taiwan-kenia-2022\/\">Leer m\u00e1s &gt;<\/a><\/p><\/div>\n\n<p><\/p><\/div><\/div><\/li><li class=\"wp-block-post post-3171 post type-post status-publish format-standard hentry category-sin-categorizar\"><div class=\"wp-block-columns is-layout-flex wp-container-core-columns-is-layout-4 wp-block-columns-is-layout-flex\"><div class=\"wp-block-column post_img is-layout-flow wp-block-column-is-layout-flow\" style=\"flex-basis:55%\"><\/div>\n\n<div class=\"wp-block-column post_content is-layout-flow wp-block-column-is-layout-flow\" style=\"flex-basis:45%\"><h2 class=\"wp-block-post-title\"><a href=\"https:\/\/geckohaha.com\/es\/piezas-de-automovil-de-taiwan-2022\/\" target=\"_self\" >Piezas de Autom\u00f3vil de Taiw\u00e1n 2022<\/a><\/h2>\n\n<div class=\"wp-block-post-excerpt\"><p class=\"wp-block-post-excerpt__excerpt\">Delegaci\u00f3n h\u00edbrida de la industria de piezas de autom\u00f3vil, maquinaria y equipos m\u00e9dicos de Taiw\u00e1n 2022 a \u00c1frica sudoccidental. 30\/06<\/p><p class=\"wp-block-post-excerpt__more-text\"><a class=\"wp-block-post-excerpt__more-link\" href=\"https:\/\/geckohaha.com\/es\/piezas-de-automovil-de-taiwan-2022\/\">Leer m\u00e1s &gt;<\/a><\/p><\/div>\n\n<p><\/p><\/div><\/div><\/li><li class=\"wp-block-post post-3168 post type-post status-publish format-standard has-post-thumbnail hentry category-sin-categorizar\"><div class=\"wp-block-columns is-layout-flex wp-container-core-columns-is-layout-5 wp-block-columns-is-layout-flex\"><div class=\"wp-block-column post_img is-layout-flow wp-block-column-is-layout-flow\" style=\"flex-basis:55%\"><figure class=\"wp-block-post-featured-image\"><a href=\"https:\/\/geckohaha.com\/es\/feria-mos-2016\/\" target=\"_self\"  ><img decoding=\"async\" width=\"892\" height=\"575\" src=\"https:\/\/geckohaha.com\/wp-content\/uploads\/2021\/12\/20201119193507_NHrva.jpg\" class=\"attachment-post-thumbnail size-post-thumbnail wp-post-image\" alt=\"Feria MOS 2016\" style=\"object-fit:cover;\" srcset=\"https:\/\/geckohaha.com\/wp-content\/uploads\/2021\/12\/20201119193507_NHrva.jpg 892w, https:\/\/geckohaha.com\/wp-content\/uploads\/2021\/12\/20201119193507_NHrva-300x193.jpg 300w, https:\/\/geckohaha.com\/wp-content\/uploads\/2021\/12\/20201119193507_NHrva-768x495.jpg 768w, https:\/\/geckohaha.com\/wp-content\/uploads\/2021\/12\/20201119193507_NHrva-600x387.jpg 600w, https:\/\/geckohaha.com\/wp-content\/uploads\/2021\/12\/20201119193507_NHrva-150x97.jpg 150w\" sizes=\"(max-width: 892px) 100vw, 892px\" \/><\/a><\/figure><\/div>\n\n<div class=\"wp-block-column post_content is-layout-flow wp-block-column-is-layout-flow\" style=\"flex-basis:45%\"><h2 class=\"wp-block-post-title\"><a href=\"https:\/\/geckohaha.com\/es\/feria-mos-2016\/\" target=\"_self\" >Feria MOS 2016<\/a><\/h2>\n\n<div class=\"wp-block-post-excerpt\"><p class=\"wp-block-post-excerpt__excerpt\">Producimos art\u00edculos como cinta adhesiva de doble cara, puntos de pegamento r\u00e1pido, almohadillas antideslizantes, etiquetas reutilizables, ganchos adhesivos para pared<\/p><p class=\"wp-block-post-excerpt__more-text\"><a class=\"wp-block-post-excerpt__more-link\" href=\"https:\/\/geckohaha.com\/es\/feria-mos-2016\/\">Leer m\u00e1s &gt;<\/a><\/p><\/div>\n\n<p><\/p><\/div><\/div><\/li><li class=\"wp-block-post post-3193 post type-post status-publish format-standard has-post-thumbnail hentry category-sin-categorizar\"><div class=\"wp-block-columns is-layout-flex wp-container-core-columns-is-layout-6 wp-block-columns-is-layout-flex\"><div class=\"wp-block-column post_img is-layout-flow wp-block-column-is-layout-flow\" style=\"flex-basis:55%\"><figure class=\"wp-block-post-featured-image\"><a href=\"https:\/\/geckohaha.com\/es\/aplicacion-certificada-por-d-u-n-s\/\" target=\"_self\"  ><img loading=\"lazy\" decoding=\"async\" width=\"893\" height=\"575\" src=\"https:\/\/geckohaha.com\/wp-content\/uploads\/2021\/12\/20210202200015_njXXh.jpg\" class=\"attachment-post-thumbnail size-post-thumbnail wp-post-image\" alt=\"Aplicaci\u00f3n Certificada por D-U-N-S\u00ae\" style=\"object-fit:cover;\" srcset=\"https:\/\/geckohaha.com\/wp-content\/uploads\/2021\/12\/20210202200015_njXXh.jpg 893w, https:\/\/geckohaha.com\/wp-content\/uploads\/2021\/12\/20210202200015_njXXh-300x193.jpg 300w, https:\/\/geckohaha.com\/wp-content\/uploads\/2021\/12\/20210202200015_njXXh-768x495.jpg 768w, https:\/\/geckohaha.com\/wp-content\/uploads\/2021\/12\/20210202200015_njXXh-600x386.jpg 600w, https:\/\/geckohaha.com\/wp-content\/uploads\/2021\/12\/20210202200015_njXXh-150x97.jpg 150w\" sizes=\"(max-width: 893px) 100vw, 893px\" \/><\/a><\/figure><\/div>\n\n<div class=\"wp-block-column post_content is-layout-flow wp-block-column-is-layout-flow\" style=\"flex-basis:45%\"><h2 class=\"wp-block-post-title\"><a href=\"https:\/\/geckohaha.com\/es\/aplicacion-certificada-por-d-u-n-s\/\" target=\"_self\" >Aplicaci\u00f3n Certificada por D-U-N-S\u00ae<\/a><\/h2>\n\n<div class=\"wp-block-post-excerpt\"><p class=\"wp-block-post-excerpt__excerpt\"><\/p><p class=\"wp-block-post-excerpt__more-text\"><a class=\"wp-block-post-excerpt__more-link\" href=\"https:\/\/geckohaha.com\/es\/aplicacion-certificada-por-d-u-n-s\/\">Leer m\u00e1s &gt;<\/a><\/p><\/div>\n\n<p><\/p><\/div><\/div><\/li><\/ul>\n\n<\/div><\/div><\/div>","protected":false},"excerpt":{"rendered":"","protected":false},"author":6,"featured_media":0,"parent":0,"menu_order":0,"comment_status":"closed","ping_status":"closed","template":"","meta":{"_acf_changed":false,"footnotes":""},"class_list":["post-2708","page","type-page","status-publish","hentry"],"acf":[],"yoast_head":"<!-- This site is optimized with the Yoast SEO plugin v24.0 - https:\/\/yoast.com\/wordpress\/plugins\/seo\/ -->\n<title>Noticias - Consejos de Organizaci\u00f3n del Hogar e Ideas Creativas<\/title>\n<meta name=\"description\" content=\"Discover ONENICE&#039;s organization tips for a well-organized home with articles on bathroom organization tips, wall hooks, smart home devices, and more.\" \/>\n<meta name=\"robots\" content=\"index, follow, max-snippet:-1, max-image-preview:large, max-video-preview:-1\" \/>\n<link rel=\"canonical\" href=\"https:\/\/geckohaha.com\/es\/noticias-consejos-de-organizacion-del-hogar-e-ideas-creativas\/\" \/>\n<meta property=\"og:locale\" content=\"es_ES\" \/>\n<meta property=\"og:type\" content=\"article\" \/>\n<meta property=\"og:title\" content=\"Noticias - Consejos de Organizaci\u00f3n del Hogar e Ideas Creativas\" \/>\n<meta property=\"og:description\" content=\"Discover ONENICE&#039;s organization tips for a well-organized home with articles on bathroom organization tips, wall hooks, smart home devices, and more.\" \/>\n<meta property=\"og:url\" content=\"https:\/\/geckohaha.com\/es\/noticias-consejos-de-organizacion-del-hogar-e-ideas-creativas\/\" \/>\n<meta property=\"og:site_name\" content=\"Onenice Internaional Co., Ltd.\" \/>\n<meta property=\"article:modified_time\" content=\"2024-04-23T06:50:35+00:00\" \/>\n<meta property=\"og:image\" content=\"https:\/\/geckohaha.com\/wp-content\/uploads\/2021\/12\/cropped-site_logo.png\" \/>\n\t<meta property=\"og:image:width\" content=\"512\" \/>\n\t<meta property=\"og:image:height\" content=\"512\" \/>\n\t<meta property=\"og:image:type\" content=\"image\/png\" \/>\n<meta name=\"twitter:card\" content=\"summary_large_image\" \/>\n<script type=\"application\/ld+json\" class=\"yoast-schema-graph\">{\"@context\":\"https:\/\/schema.org\",\"@graph\":[{\"@type\":\"WebPage\",\"@id\":\"https:\/\/geckohaha.com\/es\/noticias-consejos-de-organizacion-del-hogar-e-ideas-creativas\/\",\"url\":\"https:\/\/geckohaha.com\/es\/noticias-consejos-de-organizacion-del-hogar-e-ideas-creativas\/\",\"name\":\"Noticias - Consejos de Organizaci\u00f3n del Hogar e Ideas Creativas\",\"isPartOf\":{\"@id\":\"https:\/\/geckohaha.com\/es\/#website\"},\"datePublished\":\"2021-12-09T19:22:53+00:00\",\"dateModified\":\"2024-04-23T06:50:35+00:00\",\"description\":\"Discover ONENICE's organization tips for a well-organized home with articles on bathroom organization tips, wall hooks, smart home devices, and more.\",\"breadcrumb\":{\"@id\":\"https:\/\/geckohaha.com\/es\/noticias-consejos-de-organizacion-del-hogar-e-ideas-creativas\/#breadcrumb\"},\"inLanguage\":\"es\",\"potentialAction\":[{\"@type\":\"ReadAction\",\"target\":[\"https:\/\/geckohaha.com\/es\/noticias-consejos-de-organizacion-del-hogar-e-ideas-creativas\/\"]}]},{\"@type\":\"BreadcrumbList\",\"@id\":\"https:\/\/geckohaha.com\/es\/noticias-consejos-de-organizacion-del-hogar-e-ideas-creativas\/#breadcrumb\",\"itemListElement\":[{\"@type\":\"ListItem\",\"position\":1,\"name\":\"INICIO\",\"item\":\"https:\/\/geckohaha.com\/es\/\"},{\"@type\":\"ListItem\",\"position\":2,\"name\":\"Noticias &#8211; Consejos de Organizaci\u00f3n del Hogar e Ideas Creativas\"}]},{\"@type\":\"WebSite\",\"@id\":\"https:\/\/geckohaha.com\/es\/#website\",\"url\":\"https:\/\/geckohaha.com\/es\/\",\"name\":\"Onenice Internaional Co., Ltd.\",\"description\":\"Free your idea, Enrich your life\",\"publisher\":{\"@id\":\"https:\/\/geckohaha.com\/es\/#organization\"},\"potentialAction\":[{\"@type\":\"SearchAction\",\"target\":{\"@type\":\"EntryPoint\",\"urlTemplate\":\"https:\/\/geckohaha.com\/es\/?s={search_term_string}\"},\"query-input\":{\"@type\":\"PropertyValueSpecification\",\"valueRequired\":true,\"valueName\":\"search_term_string\"}}],\"inLanguage\":\"es\"},{\"@type\":\"Organization\",\"@id\":\"https:\/\/geckohaha.com\/es\/#organization\",\"name\":\"\u842c\u99ff\u570b\u969b\u6709\u9650\u516c\u53f8\",\"url\":\"https:\/\/geckohaha.com\/es\/\",\"logo\":{\"@type\":\"ImageObject\",\"inLanguage\":\"es\",\"@id\":\"https:\/\/geckohaha.com\/es\/#\/schema\/logo\/image\/\",\"url\":\"http:\/\/geckohaha.com\/wp-content\/uploads\/2021\/12\/cropped-site_logo.png\",\"contentUrl\":\"http:\/\/geckohaha.com\/wp-content\/uploads\/2021\/12\/cropped-site_logo.png\",\"width\":512,\"height\":512,\"caption\":\"\u842c\u99ff\u570b\u969b\u6709\u9650\u516c\u53f8\"},\"image\":{\"@id\":\"https:\/\/geckohaha.com\/es\/#\/schema\/logo\/image\/\"}}]}<\/script>\n<!-- \/ Yoast SEO plugin. -->","yoast_head_json":{"title":"Noticias - Consejos de Organizaci\u00f3n del Hogar e Ideas Creativas","description":"Discover ONENICE's organization tips for a well-organized home with articles on bathroom organization tips, wall hooks, smart home devices, and more.","robots":{"index":"index","follow":"follow","max-snippet":"max-snippet:-1","max-image-preview":"max-image-preview:large","max-video-preview":"max-video-preview:-1"},"canonical":"https:\/\/geckohaha.com\/es\/noticias-consejos-de-organizacion-del-hogar-e-ideas-creativas\/","og_locale":"es_ES","og_type":"article","og_title":"Noticias - Consejos de Organizaci\u00f3n del Hogar e Ideas Creativas","og_description":"Discover ONENICE's organization tips for a well-organized home with articles on bathroom organization tips, wall hooks, smart home devices, and more.","og_url":"https:\/\/geckohaha.com\/es\/noticias-consejos-de-organizacion-del-hogar-e-ideas-creativas\/","og_site_name":"Onenice Internaional Co., Ltd.","article_modified_time":"2024-04-23T06:50:35+00:00","og_image":[{"width":512,"height":512,"url":"https:\/\/geckohaha.com\/wp-content\/uploads\/2021\/12\/cropped-site_logo.png","type":"image\/png"}],"twitter_card":"summary_large_image","schema":{"@context":"https:\/\/schema.org","@graph":[{"@type":"WebPage","@id":"https:\/\/geckohaha.com\/es\/noticias-consejos-de-organizacion-del-hogar-e-ideas-creativas\/","url":"https:\/\/geckohaha.com\/es\/noticias-consejos-de-organizacion-del-hogar-e-ideas-creativas\/","name":"Noticias - Consejos de Organizaci\u00f3n del Hogar e Ideas Creativas","isPartOf":{"@id":"https:\/\/geckohaha.com\/es\/#website"},"datePublished":"2021-12-09T19:22:53+00:00","dateModified":"2024-04-23T06:50:35+00:00","description":"Discover ONENICE's organization tips for a well-organized home with articles on bathroom organization tips, wall hooks, smart home devices, and more.","breadcrumb":{"@id":"https:\/\/geckohaha.com\/es\/noticias-consejos-de-organizacion-del-hogar-e-ideas-creativas\/#breadcrumb"},"inLanguage":"es","potentialAction":[{"@type":"ReadAction","target":["https:\/\/geckohaha.com\/es\/noticias-consejos-de-organizacion-del-hogar-e-ideas-creativas\/"]}]},{"@type":"BreadcrumbList","@id":"https:\/\/geckohaha.com\/es\/noticias-consejos-de-organizacion-del-hogar-e-ideas-creativas\/#breadcrumb","itemListElement":[{"@type":"ListItem","position":1,"name":"INICIO","item":"https:\/\/geckohaha.com\/es\/"},{"@type":"ListItem","position":2,"name":"Noticias &#8211; Consejos de Organizaci\u00f3n del Hogar e Ideas Creativas"}]},{"@type":"WebSite","@id":"https:\/\/geckohaha.com\/es\/#website","url":"https:\/\/geckohaha.com\/es\/","name":"Onenice Internaional Co., Ltd.","description":"Free your idea, Enrich your life","publisher":{"@id":"https:\/\/geckohaha.com\/es\/#organization"},"potentialAction":[{"@type":"SearchAction","target":{"@type":"EntryPoint","urlTemplate":"https:\/\/geckohaha.com\/es\/?s={search_term_string}"},"query-input":{"@type":"PropertyValueSpecification","valueRequired":true,"valueName":"search_term_string"}}],"inLanguage":"es"},{"@type":"Organization","@id":"https:\/\/geckohaha.com\/es\/#organization","name":"\u842c\u99ff\u570b\u969b\u6709\u9650\u516c\u53f8","url":"https:\/\/geckohaha.com\/es\/","logo":{"@type":"ImageObject","inLanguage":"es","@id":"https:\/\/geckohaha.com\/es\/#\/schema\/logo\/image\/","url":"http:\/\/geckohaha.com\/wp-content\/uploads\/2021\/12\/cropped-site_logo.png","contentUrl":"http:\/\/geckohaha.com\/wp-content\/uploads\/2021\/12\/cropped-site_logo.png","width":512,"height":512,"caption":"\u842c\u99ff\u570b\u969b\u6709\u9650\u516c\u53f8"},"image":{"@id":"https:\/\/geckohaha.com\/es\/#\/schema\/logo\/image\/"}}]}},"_links":{"self":[{"href":"https:\/\/geckohaha.com\/es\/wp-json\/wp\/v2\/pages\/2708","targetHints":{"allow":["GET"]}}],"collection":[{"href":"https:\/\/geckohaha.com\/es\/wp-json\/wp\/v2\/pages"}],"about":[{"href":"https:\/\/geckohaha.com\/es\/wp-json\/wp\/v2\/types\/page"}],"author":[{"embeddable":true,"href":"https:\/\/geckohaha.com\/es\/wp-json\/wp\/v2\/users\/6"}],"replies":[{"embeddable":true,"href":"https:\/\/geckohaha.com\/es\/wp-json\/wp\/v2\/comments?post=2708"}],"version-history":[{"count":0,"href":"https:\/\/geckohaha.com\/es\/wp-json\/wp\/v2\/pages\/2708\/revisions"}],"wp:attachment":[{"href":"https:\/\/geckohaha.com\/es\/wp-json\/wp\/v2\/media?parent=2708"}],"curies":[{"name":"wp","href":"https:\/\/api.w.org\/{rel}","templated":true}]}}