{"id":2727,"date":"2021-12-14T07:08:37","date_gmt":"2021-12-13T23:08:37","guid":{"rendered":"https:\/\/www.geckohaha.com\/solicitar-un-presupuesto-la-mejor-eleccion-para-productos-del-hogar\/"},"modified":"2024-04-23T14:12:13","modified_gmt":"2024-04-23T06:12:13","slug":"solicitar-un-presupuesto-la-mejor-eleccion-para-productos-del-hogar","status":"publish","type":"page","link":"https:\/\/geckohaha.com\/es\/solicitar-un-presupuesto-la-mejor-eleccion-para-productos-del-hogar\/","title":{"rendered":"Solicitar un Presupuesto: La Mejor Elecci\u00f3n para Productos del Hogar"},"content":{"rendered":"\n<div class=\"woocommerce ywraq-wrapper ywraq-empty\">\n\t\t\t<div id=\"yith-ywraq-message\"><div class=\"ywraq-question-message\">\n\t<\/div>\n<\/div>\n\t\t\n\t\t\t\t<div class=\"ywraq-form-table-wrapper vertical\">\n\t\t\t<div class=\"ywraq-before-form\">\n\t<p class=\"ywraq_list_empty_message\">Tu lista est\u00e1 vac\u00eda, agrega productos a la lista para enviar una solicitud\n<p><p class=\"return-to-shop\"><a class=\"button wc-backward\" href=\"https:\/\/geckohaha.com\/products\/\">VOLVER A LA LISTA DE PRODUCTOS<\/a><\/p><\/div>\n\t\t\t\t\t<\/div>\n\t<\/div>\n","protected":false},"excerpt":{"rendered":"","protected":false},"author":6,"featured_media":0,"parent":0,"menu_order":0,"comment_status":"closed","ping_status":"closed","template":"","meta":{"_acf_changed":false,"footnotes":""},"class_list":["post-2727","page","type-page","status-publish","hentry"],"acf":[],"yoast_head":"<!-- This site is optimized with the Yoast SEO plugin v24.0 - https:\/\/yoast.com\/wordpress\/plugins\/seo\/ -->\n<title>Solicitar un Presupuesto: La Mejor Elecci\u00f3n para Productos del Hogar\u2502Onenice<\/title>\n<meta name=\"description\" content=\"Solicita una cotizaci\u00f3n de Onenice, tu fuente de productos dom\u00e9sticos de alta calidad. Onenice est\u00e1 listo para ofrecerte precios competitivos y un servicio excelente.\" \/>\n<meta name=\"robots\" content=\"index, follow, max-snippet:-1, max-image-preview:large, max-video-preview:-1\" \/>\n<link rel=\"canonical\" href=\"https:\/\/geckohaha.com\/es\/solicitar-un-presupuesto-la-mejor-eleccion-para-productos-del-hogar\/\" \/>\n<meta property=\"og:locale\" content=\"es_ES\" \/>\n<meta property=\"og:type\" content=\"article\" \/>\n<meta property=\"og:title\" content=\"Solicitar un Presupuesto: La Mejor Elecci\u00f3n para Productos del Hogar\u2502Onenice\" \/>\n<meta property=\"og:description\" content=\"Solicita una cotizaci\u00f3n de Onenice, tu fuente de productos dom\u00e9sticos de alta calidad. Onenice est\u00e1 listo para ofrecerte precios competitivos y un servicio excelente.\" \/>\n<meta property=\"og:url\" content=\"https:\/\/geckohaha.com\/es\/solicitar-un-presupuesto-la-mejor-eleccion-para-productos-del-hogar\/\" \/>\n<meta property=\"og:site_name\" content=\"Onenice Internaional Co., Ltd.\" \/>\n<meta property=\"article:modified_time\" content=\"2024-04-23T06:12:13+00:00\" \/>\n<meta property=\"og:image\" content=\"https:\/\/geckohaha.com\/wp-content\/uploads\/2021\/12\/cropped-site_logo.png\" \/>\n\t<meta property=\"og:image:width\" content=\"512\" \/>\n\t<meta property=\"og:image:height\" content=\"512\" \/>\n\t<meta property=\"og:image:type\" content=\"image\/png\" \/>\n<meta name=\"twitter:card\" content=\"summary_large_image\" \/>\n<script type=\"application\/ld+json\" class=\"yoast-schema-graph\">{\"@context\":\"https:\/\/schema.org\",\"@graph\":[{\"@type\":\"WebPage\",\"@id\":\"https:\/\/geckohaha.com\/es\/solicitar-un-presupuesto-la-mejor-eleccion-para-productos-del-hogar\/\",\"url\":\"https:\/\/geckohaha.com\/es\/solicitar-un-presupuesto-la-mejor-eleccion-para-productos-del-hogar\/\",\"name\":\"Solicitar un Presupuesto: La Mejor Elecci\u00f3n para Productos del Hogar\u2502Onenice\",\"isPartOf\":{\"@id\":\"https:\/\/geckohaha.com\/es\/#website\"},\"datePublished\":\"2021-12-13T23:08:37+00:00\",\"dateModified\":\"2024-04-23T06:12:13+00:00\",\"description\":\"Solicita una cotizaci\u00f3n de Onenice, tu fuente de productos dom\u00e9sticos de alta calidad. Onenice est\u00e1 listo para ofrecerte precios competitivos y un servicio excelente.\",\"breadcrumb\":{\"@id\":\"https:\/\/geckohaha.com\/es\/solicitar-un-presupuesto-la-mejor-eleccion-para-productos-del-hogar\/#breadcrumb\"},\"inLanguage\":\"es\",\"potentialAction\":[{\"@type\":\"ReadAction\",\"target\":[\"https:\/\/geckohaha.com\/es\/solicitar-un-presupuesto-la-mejor-eleccion-para-productos-del-hogar\/\"]}]},{\"@type\":\"BreadcrumbList\",\"@id\":\"https:\/\/geckohaha.com\/es\/solicitar-un-presupuesto-la-mejor-eleccion-para-productos-del-hogar\/#breadcrumb\",\"itemListElement\":[{\"@type\":\"ListItem\",\"position\":1,\"name\":\"INICIO\",\"item\":\"https:\/\/geckohaha.com\/es\/\"},{\"@type\":\"ListItem\",\"position\":2,\"name\":\"Solicitar un Presupuesto: La Mejor Elecci\u00f3n para Productos del Hogar\"}]},{\"@type\":\"WebSite\",\"@id\":\"https:\/\/geckohaha.com\/es\/#website\",\"url\":\"https:\/\/geckohaha.com\/es\/\",\"name\":\"Onenice Internaional Co., Ltd.\",\"description\":\"Free your idea, Enrich your life\",\"publisher\":{\"@id\":\"https:\/\/geckohaha.com\/es\/#organization\"},\"potentialAction\":[{\"@type\":\"SearchAction\",\"target\":{\"@type\":\"EntryPoint\",\"urlTemplate\":\"https:\/\/geckohaha.com\/es\/?s={search_term_string}\"},\"query-input\":{\"@type\":\"PropertyValueSpecification\",\"valueRequired\":true,\"valueName\":\"search_term_string\"}}],\"inLanguage\":\"es\"},{\"@type\":\"Organization\",\"@id\":\"https:\/\/geckohaha.com\/es\/#organization\",\"name\":\"\u842c\u99ff\u570b\u969b\u6709\u9650\u516c\u53f8\",\"url\":\"https:\/\/geckohaha.com\/es\/\",\"logo\":{\"@type\":\"ImageObject\",\"inLanguage\":\"es\",\"@id\":\"https:\/\/geckohaha.com\/es\/#\/schema\/logo\/image\/\",\"url\":\"http:\/\/geckohaha.com\/wp-content\/uploads\/2021\/12\/cropped-site_logo.png\",\"contentUrl\":\"http:\/\/geckohaha.com\/wp-content\/uploads\/2021\/12\/cropped-site_logo.png\",\"width\":512,\"height\":512,\"caption\":\"\u842c\u99ff\u570b\u969b\u6709\u9650\u516c\u53f8\"},\"image\":{\"@id\":\"https:\/\/geckohaha.com\/es\/#\/schema\/logo\/image\/\"}}]}<\/script>\n<!-- \/ Yoast SEO plugin. -->","yoast_head_json":{"title":"Solicitar un Presupuesto: La Mejor Elecci\u00f3n para Productos del Hogar\u2502Onenice","description":"Solicita una cotizaci\u00f3n de Onenice, tu fuente de productos dom\u00e9sticos de alta calidad. Onenice est\u00e1 listo para ofrecerte precios competitivos y un servicio excelente.","robots":{"index":"index","follow":"follow","max-snippet":"max-snippet:-1","max-image-preview":"max-image-preview:large","max-video-preview":"max-video-preview:-1"},"canonical":"https:\/\/geckohaha.com\/es\/solicitar-un-presupuesto-la-mejor-eleccion-para-productos-del-hogar\/","og_locale":"es_ES","og_type":"article","og_title":"Solicitar un Presupuesto: La Mejor Elecci\u00f3n para Productos del Hogar\u2502Onenice","og_description":"Solicita una cotizaci\u00f3n de Onenice, tu fuente de productos dom\u00e9sticos de alta calidad. Onenice est\u00e1 listo para ofrecerte precios competitivos y un servicio excelente.","og_url":"https:\/\/geckohaha.com\/es\/solicitar-un-presupuesto-la-mejor-eleccion-para-productos-del-hogar\/","og_site_name":"Onenice Internaional Co., Ltd.","article_modified_time":"2024-04-23T06:12:13+00:00","og_image":[{"width":512,"height":512,"url":"https:\/\/geckohaha.com\/wp-content\/uploads\/2021\/12\/cropped-site_logo.png","type":"image\/png"}],"twitter_card":"summary_large_image","schema":{"@context":"https:\/\/schema.org","@graph":[{"@type":"WebPage","@id":"https:\/\/geckohaha.com\/es\/solicitar-un-presupuesto-la-mejor-eleccion-para-productos-del-hogar\/","url":"https:\/\/geckohaha.com\/es\/solicitar-un-presupuesto-la-mejor-eleccion-para-productos-del-hogar\/","name":"Solicitar un Presupuesto: La Mejor Elecci\u00f3n para Productos del Hogar\u2502Onenice","isPartOf":{"@id":"https:\/\/geckohaha.com\/es\/#website"},"datePublished":"2021-12-13T23:08:37+00:00","dateModified":"2024-04-23T06:12:13+00:00","description":"Solicita una cotizaci\u00f3n de Onenice, tu fuente de productos dom\u00e9sticos de alta calidad. Onenice est\u00e1 listo para ofrecerte precios competitivos y un servicio excelente.","breadcrumb":{"@id":"https:\/\/geckohaha.com\/es\/solicitar-un-presupuesto-la-mejor-eleccion-para-productos-del-hogar\/#breadcrumb"},"inLanguage":"es","potentialAction":[{"@type":"ReadAction","target":["https:\/\/geckohaha.com\/es\/solicitar-un-presupuesto-la-mejor-eleccion-para-productos-del-hogar\/"]}]},{"@type":"BreadcrumbList","@id":"https:\/\/geckohaha.com\/es\/solicitar-un-presupuesto-la-mejor-eleccion-para-productos-del-hogar\/#breadcrumb","itemListElement":[{"@type":"ListItem","position":1,"name":"INICIO","item":"https:\/\/geckohaha.com\/es\/"},{"@type":"ListItem","position":2,"name":"Solicitar un Presupuesto: La Mejor Elecci\u00f3n para Productos del Hogar"}]},{"@type":"WebSite","@id":"https:\/\/geckohaha.com\/es\/#website","url":"https:\/\/geckohaha.com\/es\/","name":"Onenice Internaional Co., Ltd.","description":"Free your idea, Enrich your life","publisher":{"@id":"https:\/\/geckohaha.com\/es\/#organization"},"potentialAction":[{"@type":"SearchAction","target":{"@type":"EntryPoint","urlTemplate":"https:\/\/geckohaha.com\/es\/?s={search_term_string}"},"query-input":{"@type":"PropertyValueSpecification","valueRequired":true,"valueName":"search_term_string"}}],"inLanguage":"es"},{"@type":"Organization","@id":"https:\/\/geckohaha.com\/es\/#organization","name":"\u842c\u99ff\u570b\u969b\u6709\u9650\u516c\u53f8","url":"https:\/\/geckohaha.com\/es\/","logo":{"@type":"ImageObject","inLanguage":"es","@id":"https:\/\/geckohaha.com\/es\/#\/schema\/logo\/image\/","url":"http:\/\/geckohaha.com\/wp-content\/uploads\/2021\/12\/cropped-site_logo.png","contentUrl":"http:\/\/geckohaha.com\/wp-content\/uploads\/2021\/12\/cropped-site_logo.png","width":512,"height":512,"caption":"\u842c\u99ff\u570b\u969b\u6709\u9650\u516c\u53f8"},"image":{"@id":"https:\/\/geckohaha.com\/es\/#\/schema\/logo\/image\/"}}]}},"_links":{"self":[{"href":"https:\/\/geckohaha.com\/es\/wp-json\/wp\/v2\/pages\/2727","targetHints":{"allow":["GET"]}}],"collection":[{"href":"https:\/\/geckohaha.com\/es\/wp-json\/wp\/v2\/pages"}],"about":[{"href":"https:\/\/geckohaha.com\/es\/wp-json\/wp\/v2\/types\/page"}],"author":[{"embeddable":true,"href":"https:\/\/geckohaha.com\/es\/wp-json\/wp\/v2\/users\/6"}],"replies":[{"embeddable":true,"href":"https:\/\/geckohaha.com\/es\/wp-json\/wp\/v2\/comments?post=2727"}],"version-history":[{"count":0,"href":"https:\/\/geckohaha.com\/es\/wp-json\/wp\/v2\/pages\/2727\/revisions"}],"wp:attachment":[{"href":"https:\/\/geckohaha.com\/es\/wp-json\/wp\/v2\/media?parent=2727"}],"curies":[{"name":"wp","href":"https:\/\/api.w.org\/{rel}","templated":true}]}}