{"id":2738,"date":"2021-12-10T03:22:18","date_gmt":"2021-12-09T19:22:18","guid":{"rendered":"https:\/\/www.geckohaha.com\/sobre-onenice\/"},"modified":"2024-04-25T16:20:54","modified_gmt":"2024-04-25T08:20:54","slug":"sobre-onenice","status":"publish","type":"page","link":"https:\/\/geckohaha.com\/es\/sobre-onenice\/","title":{"rendered":"Sobre Onenice"},"content":{"rendered":"<p><img fetchpriority=\"high\" decoding=\"async\" width=\"360\" height=\"164\" src=\"https:\/\/geckohaha.com\/wp-content\/uploads\/logo.png\" alt=\"\" srcset=\"https:\/\/geckohaha.com\/wp-content\/uploads\/logo.png 360w, https:\/\/geckohaha.com\/wp-content\/uploads\/logo-300x137.png 300w, https:\/\/geckohaha.com\/wp-content\/uploads\/logo-150x68.png 150w\" sizes=\"(max-width: 360px) 100vw, 360px\" \/>\t\t\t\t\t\t\t\t\t\t\t\t\t<\/p>\n<h4>Sobre Onenice<\/h4>\n<p>Onenice naci\u00f3 de la b\u00fasqueda de la creatividad, dedicada a proporcionar a los clientes soluciones \u00fanicas y sostenibles. Al mismo tiempo, entendemos profundamente la importancia de cuidar la Tierra. Por lo tanto, nos comprometemos a promover materiales respetuosos con el medio ambiente e integrar elementos ecol\u00f3gicos en el ADN de nuestra empresa.<\/p>\n<p>Cada elemento del logotipo del p\u00e1jaro de boca grande refleja nuestro compromiso con la protecci\u00f3n del medio ambiente. Las plumas de este p\u00e1jaro est\u00e1n hechas de materiales reciclables, lo que simboliza nuestra dedicaci\u00f3n a reducir el consumo de recursos naturales. Fomentamos la reutilizaci\u00f3n creativa y apoyamos la fabricaci\u00f3n verde para minimizar el impacto ambiental de nuestros productos.<\/p>\n<p>En nuestra historia, la creatividad est\u00e1 estrechamente vinculada con la protecci\u00f3n del medio ambiente. Los Double Sided Glue Dots respetuosos con el medio ambiente y no t\u00f3xicos se han convertido en un producto popular, ahorrando tiempo y esfuerzo con su aplicaci\u00f3n instant\u00e1nea. Con una excelente adhesi\u00f3n, proporcionan a los clientes una opci\u00f3n de adhesivo m\u00e1s conveniente y respetuosa con el medio ambiente.<\/p>\n<p>Al mismo tiempo, nuestras alfombrillas antichoque y antideslizantes tambi\u00e9n est\u00e1n hechas de materiales respetuosos con el medio ambiente y no t\u00f3xicos. Tienen una excelente adhesi\u00f3n y durabilidad. Se pueden lavar cuando est\u00e1n sucios y reutilizar despu\u00e9s de secarse, no solo ahorrando recursos sino tambi\u00e9n reduciendo el impacto en la Tierra, creando un entorno de vida m\u00e1s seguro y saludable para los clientes. Onenice ampl\u00eda a\u00fan m\u00e1s el concepto de reutilizaci\u00f3n desarrollando una serie de estantes de almacenamiento montados en la pared.<\/p>\n<p>Estos estantes no solo ayudan a los usuarios a organizar y ordenar los elementos de sus hogares, sino que tambi\u00e9n tienen dise\u00f1os ajustables y m\u00f3viles para adaptarse a diferentes necesidades espaciales. Hechos de materiales respetuosos con el medio ambiente y reutilizables, estos estantes de almacenamiento se convierten en la opci\u00f3n ideal para crear un hogar ecol\u00f3gico. El \u00faltimo producto de Onenice es la iluminaci\u00f3n inteligente controlada por voz para el hogar, que integra conceptos de creatividad y protecci\u00f3n del medio ambiente.<\/p>\n<p>Esta iluminaci\u00f3n no solo proporciona una iluminaci\u00f3n eficiente y de ahorro de energ\u00eda, sino que tambi\u00e9n viene con un asistente de voz inteligente que permite a los usuarios controlar el brillo y la temperatura del color mediante comandos de voz, brindando una experiencia dom\u00e9stica m\u00e1s inteligente y conveniente. Adem\u00e1s, las luces est\u00e1n hechas con LED, aline\u00e1ndose con el compromiso ambiental consistente de Onenice, proporcionando a los usuarios una opci\u00f3n de estilo de vida verde y saludable. La historia de Onenice no solo trata sobre la creatividad y la diversi\u00f3n, sino tambi\u00e9n es una firme declaraci\u00f3n de protecci\u00f3n del medio ambiente.<\/p>\n<p>Creemos firmemente que mediante la introducci\u00f3n de cada uno de nuestros productos verdes, podemos agregar m\u00e1s verdor a este hermoso mundo.<\/p>\n<p>PRODUCTOS<\/p>\n<h2>Detalles del producto<\/h2>\n<p>Onenice tambi\u00e9n es un proveedor profesional de materiales y productos biodegradables compostables de PLA y almid\u00f3n, tales como utensilios de mesa desechables, bandejas, pajitas, pel\u00edculas agr\u00edcolas y macetas para plantas\/semillas, as\u00ed como espuma de embalaje a base de almid\u00f3n.<\/p>\n<p>https:\/\/www.youtube.com\/watch?v=xIJrvt4gUis<\/p>\n<p>FEATURES<\/p>\n<h2>Our Advantage<\/h2>\n<h3>\n\t\t\t\t\t\tThis is the heading<br \/>\n\t\t\t\t<\/h3>\n<p>\n\t\t\t\t\t\tLorem ipsum dolor sit amet, consectetur adipiscing elit. Ut elit tellus, luctus nec ullamcorper mattis, pulvinar dapibus leo.\t\t\t\t\t<\/p>\n<h3>\n\t\t\t\t\t\tThis is the heading<br \/>\n\t\t\t\t<\/h3>\n<p>\n\t\t\t\t\t\tLorem ipsum dolor sit amet, consectetur adipiscing elit. Ut elit tellus, luctus nec ullamcorper mattis, pulvinar dapibus leo.\t\t\t\t\t<\/p>\n<h3>\n\t\t\t\t\t\tThis is the heading<br \/>\n\t\t\t\t<\/h3>\n<p>\n\t\t\t\t\t\tLorem ipsum dolor sit amet, consectetur adipiscing elit. Ut elit tellus, luctus nec ullamcorper mattis, pulvinar dapibus leo.\t\t\t\t\t<\/p>\n<h3>\n\t\t\t\t\t\tThis is the heading<br \/>\n\t\t\t\t<\/h3>\n<p>\n\t\t\t\t\t\tLorem ipsum dolor sit amet, consectetur adipiscing elit. Ut elit tellus, luctus nec ullamcorper mattis, pulvinar dapibus leo.\t\t\t\t\t<\/p>\n<p>\t\t\t\t\t\t\t\t\t\t\t\t\t<img decoding=\"async\" width=\"1024\" height=\"339\" src=\"https:\/\/geckohaha.com\/wp-content\/uploads\/2021\/12\/smart-agriculture-iot-with-hand-planting-tree-background-1-1024x339.jpg\" alt=\"\" srcset=\"https:\/\/geckohaha.com\/wp-content\/uploads\/2021\/12\/smart-agriculture-iot-with-hand-planting-tree-background-1-1024x339.jpg 1024w, https:\/\/geckohaha.com\/wp-content\/uploads\/2021\/12\/smart-agriculture-iot-with-hand-planting-tree-background-1-150x50.jpg 150w, https:\/\/geckohaha.com\/wp-content\/uploads\/2021\/12\/smart-agriculture-iot-with-hand-planting-tree-background-1-600x199.jpg 600w, https:\/\/geckohaha.com\/wp-content\/uploads\/2021\/12\/smart-agriculture-iot-with-hand-planting-tree-background-1-300x99.jpg 300w, https:\/\/geckohaha.com\/wp-content\/uploads\/2021\/12\/smart-agriculture-iot-with-hand-planting-tree-background-1-768x254.jpg 768w, https:\/\/geckohaha.com\/wp-content\/uploads\/2021\/12\/smart-agriculture-iot-with-hand-planting-tree-background-1.jpg 1449w\" sizes=\"(max-width: 1024px) 100vw, 1024px\" \/>\t\t\t\t\t\t\t\t\t\t\t\t\t<\/p>\n<p>Nuestra historia<\/p>\n<h2>Acerca de la almohadilla Gecko<\/h2>\n<p>\u00bfPor qu\u00e9 llamamos a esto GECKO PAD? El lagarto es un peque\u00f1o personaje de la vida que es \u00e1gil y divertido; lo interesante es que puede trepar por las paredes de forma vertical, desliz\u00e1ndose sin dejar rastro. A simple vista, podemos ver sus peque\u00f1as y suaves patas, que pueden agarrarse a cualquier cosa, incluso a superficies lisas como el vidrio. Nos preguntamos, \u00bfqu\u00e9 pasar\u00eda si colocamos las peque\u00f1as patas del lagarto en objetos de la vida cotidiana?<\/p>\n<p>Entonces, \u00bfno podr\u00eda cada cosa adherirse libremente a las paredes verticales y moverse sin dejar rastro? \u00a1Ser\u00eda una imagen tan divertida!<\/p>\n<p>Por eso, surgi\u00f3 el nombre de la marca GECKO PAD.<\/p>\n","protected":false},"excerpt":{"rendered":"<p>Sobre Onenice Onenice naci\u00f3 de la b\u00fasqueda de la creatividad, dedicada a proporcionar a los clientes soluciones \u00fanicas y sostenibles.<\/p>\n","protected":false},"author":6,"featured_media":4087,"parent":0,"menu_order":0,"comment_status":"closed","ping_status":"closed","template":"","meta":{"_acf_changed":false,"footnotes":""},"class_list":["post-2738","page","type-page","status-publish","has-post-thumbnail","hentry"],"acf":[],"yoast_head":"<!-- This site is optimized with the Yoast SEO plugin v24.0 - https:\/\/yoast.com\/wordpress\/plugins\/seo\/ -->\n<title>Fabricante de Ganchos Montados en la Pared Ecol\u00f3gicos \u2502 Acerca de Onenice<\/title>\n<meta name=\"description\" content=\"Descubre ONENICE: Fabricante de ganchos para montaje en pared con un enfoque ecol\u00f3gico. Tu fabricante de ganchos para montaje en pared, combinando estilo y conciencia ecol\u00f3gica.\" \/>\n<meta name=\"robots\" content=\"index, follow, max-snippet:-1, max-image-preview:large, max-video-preview:-1\" \/>\n<link rel=\"canonical\" href=\"https:\/\/geckohaha.com\/es\/sobre-onenice\/\" \/>\n<meta property=\"og:locale\" content=\"es_ES\" \/>\n<meta property=\"og:type\" content=\"article\" \/>\n<meta property=\"og:title\" content=\"Fabricante de Ganchos Montados en la Pared Ecol\u00f3gicos \u2502 Acerca de Onenice\" \/>\n<meta property=\"og:description\" content=\"Descubre ONENICE: Fabricante de ganchos para montaje en pared con un enfoque ecol\u00f3gico. Tu fabricante de ganchos para montaje en pared, combinando estilo y conciencia ecol\u00f3gica.\" \/>\n<meta property=\"og:url\" content=\"https:\/\/geckohaha.com\/es\/sobre-onenice\/\" \/>\n<meta property=\"og:site_name\" content=\"Onenice Internaional Co., Ltd.\" \/>\n<meta property=\"article:modified_time\" content=\"2024-04-25T08:20:54+00:00\" \/>\n<meta property=\"og:image\" content=\"https:\/\/geckohaha.com\/wp-content\/uploads\/logo.png\" \/>\n<meta name=\"twitter:card\" content=\"summary_large_image\" \/>\n<script type=\"application\/ld+json\" class=\"yoast-schema-graph\">{\"@context\":\"https:\/\/schema.org\",\"@graph\":[{\"@type\":\"WebPage\",\"@id\":\"https:\/\/geckohaha.com\/es\/sobre-onenice\/\",\"url\":\"https:\/\/geckohaha.com\/es\/sobre-onenice\/\",\"name\":\"Fabricante de Ganchos Montados en la Pared Ecol\u00f3gicos \u2502 Acerca de Onenice\",\"isPartOf\":{\"@id\":\"https:\/\/geckohaha.com\/es\/#website\"},\"primaryImageOfPage\":{\"@id\":\"https:\/\/geckohaha.com\/es\/sobre-onenice\/#primaryimage\"},\"image\":{\"@id\":\"https:\/\/geckohaha.com\/es\/sobre-onenice\/#primaryimage\"},\"thumbnailUrl\":\"https:\/\/geckohaha.com\/wp-content\/uploads\/onenice-reusable-bathroom-organizer-wall-mounted-holder-1.jpg\",\"datePublished\":\"2021-12-09T19:22:18+00:00\",\"dateModified\":\"2024-04-25T08:20:54+00:00\",\"description\":\"Descubre ONENICE: Fabricante de ganchos para montaje en pared con un enfoque ecol\u00f3gico. Tu fabricante de ganchos para montaje en pared, combinando estilo y conciencia ecol\u00f3gica.\",\"breadcrumb\":{\"@id\":\"https:\/\/geckohaha.com\/es\/sobre-onenice\/#breadcrumb\"},\"inLanguage\":\"es\",\"potentialAction\":[{\"@type\":\"ReadAction\",\"target\":[\"https:\/\/geckohaha.com\/es\/sobre-onenice\/\"]}]},{\"@type\":\"ImageObject\",\"inLanguage\":\"es\",\"@id\":\"https:\/\/geckohaha.com\/es\/sobre-onenice\/#primaryimage\",\"url\":\"https:\/\/geckohaha.com\/wp-content\/uploads\/onenice-reusable-bathroom-organizer-wall-mounted-holder-1.jpg\",\"contentUrl\":\"https:\/\/geckohaha.com\/wp-content\/uploads\/onenice-reusable-bathroom-organizer-wall-mounted-holder-1.jpg\",\"width\":980,\"height\":353},{\"@type\":\"BreadcrumbList\",\"@id\":\"https:\/\/geckohaha.com\/es\/sobre-onenice\/#breadcrumb\",\"itemListElement\":[{\"@type\":\"ListItem\",\"position\":1,\"name\":\"INICIO\",\"item\":\"https:\/\/geckohaha.com\/es\/\"},{\"@type\":\"ListItem\",\"position\":2,\"name\":\"Sobre Onenice\"}]},{\"@type\":\"WebSite\",\"@id\":\"https:\/\/geckohaha.com\/es\/#website\",\"url\":\"https:\/\/geckohaha.com\/es\/\",\"name\":\"Onenice Internaional Co., Ltd.\",\"description\":\"Free your idea, Enrich your life\",\"publisher\":{\"@id\":\"https:\/\/geckohaha.com\/es\/#organization\"},\"potentialAction\":[{\"@type\":\"SearchAction\",\"target\":{\"@type\":\"EntryPoint\",\"urlTemplate\":\"https:\/\/geckohaha.com\/es\/?s={search_term_string}\"},\"query-input\":{\"@type\":\"PropertyValueSpecification\",\"valueRequired\":true,\"valueName\":\"search_term_string\"}}],\"inLanguage\":\"es\"},{\"@type\":\"Organization\",\"@id\":\"https:\/\/geckohaha.com\/es\/#organization\",\"name\":\"\u842c\u99ff\u570b\u969b\u6709\u9650\u516c\u53f8\",\"url\":\"https:\/\/geckohaha.com\/es\/\",\"logo\":{\"@type\":\"ImageObject\",\"inLanguage\":\"es\",\"@id\":\"https:\/\/geckohaha.com\/es\/#\/schema\/logo\/image\/\",\"url\":\"http:\/\/geckohaha.com\/wp-content\/uploads\/2021\/12\/cropped-site_logo.png\",\"contentUrl\":\"http:\/\/geckohaha.com\/wp-content\/uploads\/2021\/12\/cropped-site_logo.png\",\"width\":512,\"height\":512,\"caption\":\"\u842c\u99ff\u570b\u969b\u6709\u9650\u516c\u53f8\"},\"image\":{\"@id\":\"https:\/\/geckohaha.com\/es\/#\/schema\/logo\/image\/\"}}]}<\/script>\n<!-- \/ Yoast SEO plugin. -->","yoast_head_json":{"title":"Fabricante de Ganchos Montados en la Pared Ecol\u00f3gicos \u2502 Acerca de Onenice","description":"Descubre ONENICE: Fabricante de ganchos para montaje en pared con un enfoque ecol\u00f3gico. Tu fabricante de ganchos para montaje en pared, combinando estilo y conciencia ecol\u00f3gica.","robots":{"index":"index","follow":"follow","max-snippet":"max-snippet:-1","max-image-preview":"max-image-preview:large","max-video-preview":"max-video-preview:-1"},"canonical":"https:\/\/geckohaha.com\/es\/sobre-onenice\/","og_locale":"es_ES","og_type":"article","og_title":"Fabricante de Ganchos Montados en la Pared Ecol\u00f3gicos \u2502 Acerca de Onenice","og_description":"Descubre ONENICE: Fabricante de ganchos para montaje en pared con un enfoque ecol\u00f3gico. Tu fabricante de ganchos para montaje en pared, combinando estilo y conciencia ecol\u00f3gica.","og_url":"https:\/\/geckohaha.com\/es\/sobre-onenice\/","og_site_name":"Onenice Internaional Co., Ltd.","article_modified_time":"2024-04-25T08:20:54+00:00","og_image":[{"url":"https:\/\/geckohaha.com\/wp-content\/uploads\/logo.png","type":"","width":"","height":""}],"twitter_card":"summary_large_image","schema":{"@context":"https:\/\/schema.org","@graph":[{"@type":"WebPage","@id":"https:\/\/geckohaha.com\/es\/sobre-onenice\/","url":"https:\/\/geckohaha.com\/es\/sobre-onenice\/","name":"Fabricante de Ganchos Montados en la Pared Ecol\u00f3gicos \u2502 Acerca de Onenice","isPartOf":{"@id":"https:\/\/geckohaha.com\/es\/#website"},"primaryImageOfPage":{"@id":"https:\/\/geckohaha.com\/es\/sobre-onenice\/#primaryimage"},"image":{"@id":"https:\/\/geckohaha.com\/es\/sobre-onenice\/#primaryimage"},"thumbnailUrl":"https:\/\/geckohaha.com\/wp-content\/uploads\/onenice-reusable-bathroom-organizer-wall-mounted-holder-1.jpg","datePublished":"2021-12-09T19:22:18+00:00","dateModified":"2024-04-25T08:20:54+00:00","description":"Descubre ONENICE: Fabricante de ganchos para montaje en pared con un enfoque ecol\u00f3gico. Tu fabricante de ganchos para montaje en pared, combinando estilo y conciencia ecol\u00f3gica.","breadcrumb":{"@id":"https:\/\/geckohaha.com\/es\/sobre-onenice\/#breadcrumb"},"inLanguage":"es","potentialAction":[{"@type":"ReadAction","target":["https:\/\/geckohaha.com\/es\/sobre-onenice\/"]}]},{"@type":"ImageObject","inLanguage":"es","@id":"https:\/\/geckohaha.com\/es\/sobre-onenice\/#primaryimage","url":"https:\/\/geckohaha.com\/wp-content\/uploads\/onenice-reusable-bathroom-organizer-wall-mounted-holder-1.jpg","contentUrl":"https:\/\/geckohaha.com\/wp-content\/uploads\/onenice-reusable-bathroom-organizer-wall-mounted-holder-1.jpg","width":980,"height":353},{"@type":"BreadcrumbList","@id":"https:\/\/geckohaha.com\/es\/sobre-onenice\/#breadcrumb","itemListElement":[{"@type":"ListItem","position":1,"name":"INICIO","item":"https:\/\/geckohaha.com\/es\/"},{"@type":"ListItem","position":2,"name":"Sobre Onenice"}]},{"@type":"WebSite","@id":"https:\/\/geckohaha.com\/es\/#website","url":"https:\/\/geckohaha.com\/es\/","name":"Onenice Internaional Co., Ltd.","description":"Free your idea, Enrich your life","publisher":{"@id":"https:\/\/geckohaha.com\/es\/#organization"},"potentialAction":[{"@type":"SearchAction","target":{"@type":"EntryPoint","urlTemplate":"https:\/\/geckohaha.com\/es\/?s={search_term_string}"},"query-input":{"@type":"PropertyValueSpecification","valueRequired":true,"valueName":"search_term_string"}}],"inLanguage":"es"},{"@type":"Organization","@id":"https:\/\/geckohaha.com\/es\/#organization","name":"\u842c\u99ff\u570b\u969b\u6709\u9650\u516c\u53f8","url":"https:\/\/geckohaha.com\/es\/","logo":{"@type":"ImageObject","inLanguage":"es","@id":"https:\/\/geckohaha.com\/es\/#\/schema\/logo\/image\/","url":"http:\/\/geckohaha.com\/wp-content\/uploads\/2021\/12\/cropped-site_logo.png","contentUrl":"http:\/\/geckohaha.com\/wp-content\/uploads\/2021\/12\/cropped-site_logo.png","width":512,"height":512,"caption":"\u842c\u99ff\u570b\u969b\u6709\u9650\u516c\u53f8"},"image":{"@id":"https:\/\/geckohaha.com\/es\/#\/schema\/logo\/image\/"}}]}},"_links":{"self":[{"href":"https:\/\/geckohaha.com\/es\/wp-json\/wp\/v2\/pages\/2738","targetHints":{"allow":["GET"]}}],"collection":[{"href":"https:\/\/geckohaha.com\/es\/wp-json\/wp\/v2\/pages"}],"about":[{"href":"https:\/\/geckohaha.com\/es\/wp-json\/wp\/v2\/types\/page"}],"author":[{"embeddable":true,"href":"https:\/\/geckohaha.com\/es\/wp-json\/wp\/v2\/users\/6"}],"replies":[{"embeddable":true,"href":"https:\/\/geckohaha.com\/es\/wp-json\/wp\/v2\/comments?post=2738"}],"version-history":[{"count":0,"href":"https:\/\/geckohaha.com\/es\/wp-json\/wp\/v2\/pages\/2738\/revisions"}],"wp:featuredmedia":[{"embeddable":true,"href":"https:\/\/geckohaha.com\/es\/wp-json\/wp\/v2\/media\/4087"}],"wp:attachment":[{"href":"https:\/\/geckohaha.com\/es\/wp-json\/wp\/v2\/media?parent=2738"}],"curies":[{"name":"wp","href":"https:\/\/api.w.org\/{rel}","templated":true}]}}