{"id":2792,"date":"2022-05-25T10:22:53","date_gmt":"2022-05-25T02:22:53","guid":{"rendered":"https:\/\/www.geckohaha.com\/product\/gancho-de-hierro-grande-reutilizable-lavable-y-ensamblable\/"},"modified":"2024-04-29T11:46:06","modified_gmt":"2024-04-29T03:46:06","slug":"gancho-de-hierro-grande-reutilizable-lavable-y-ensamblable","status":"publish","type":"product","link":"https:\/\/geckohaha.com\/es\/producto\/gancho-de-hierro-grande-reutilizable-lavable-y-ensamblable\/","title":{"rendered":"Gancho de hierro grande reutilizable, lavable y ensamblable"},"content":{"rendered":"<h2><span data-sheets-value=\"{\" data-sheets-userformat=\"{\">Detalles de productos<\/span><\/h2>\n<ul>\n<li><span data-sheets-value=\"{\" data-sheets-userformat=\"{\">Pel\u00edcula de PU no t\u00f3xica y ecol\u00f3gica, con opci\u00f3n de pel\u00edcula transparente o con dise\u00f1o impreso personalizado.<\/span><\/li>\n<li><span data-sheets-value=\"{\" data-sheets-userformat=\"{\">Excelente efecto impermeable.<\/span><\/li>\n<li><span data-sheets-value=\"{\" data-sheets-userformat=\"{\">La pel\u00edcula se puede lavar con agua si se ensucia antes de volver a utilizarla.<\/span><\/li>\n<li><span data-sheets-value=\"{\" data-sheets-userformat=\"{\">La serie de soportes de hierro se puede elegir entre alambre de acero cromado o acero inoxidable.<\/span><\/li>\n<li><span data-sheets-value=\"{\" data-sheets-userformat=\"{\">Materiales que se pueden pegar: se pueden usar superficies lisas como vidrio (excepto vidrio esmerilado), espejos y azulejos.<\/span><\/li>\n<li><span data-sheets-value=\"{\" data-sheets-userformat=\"{\">Materiales que no se pueden pegar: materiales que absorben la grasa, como cer\u00e1mica sin esmaltar y azulejos, paredes tratadas solo con mortero, concreto, productos de madera, cuero, productos de papel.<\/span><\/li>\n<\/ul>\n<p>&nbsp;<\/p>\n<h2><span data-sheets-value=\"{\" data-sheets-userformat=\"{\">Especificaciones<\/span><\/h2>\n<ul>\n<li><span data-sheets-value=\"{\" data-sheets-userformat=\"{\">Tama\u00f1o de l\u00e1mina: 10 x 10cm<\/span><\/li>\n<li><span data-sheets-value=\"{\" data-sheets-userformat=\"{\">Tama\u00f1o del gancho: aproximadamente 7.0&#215;2.5&#215;3.2cm<\/span><\/li>\n<li><span data-sheets-value=\"{\" data-sheets-userformat=\"{\">Empaque: paquete en bl\u00edster<\/span><\/li>\n<li><span data-sheets-value=\"{\" data-sheets-userformat=\"{\">MOQ (Cantidad M\u00ednima de Pedido): 500<\/span><\/li>\n<\/ul>\n<p>&nbsp;<\/p>\n<h2><span data-sheets-value=\"{\" data-sheets-userformat=\"{\">Material<\/span><\/h2>\n<ol>\n<li><span data-sheets-value=\"{\" data-sheets-userformat=\"{\">Alambre de acero cromado, l\u00e1mina de PU sin rastro, PP transparente\/impreso, gancho de PC<\/span><\/li>\n<li><span data-sheets-value=\"{\" data-sheets-userformat=\"{\">Alambre de acero inoxidable, l\u00e1mina de PU sin rastro, PP transparente\/impreso, gancho de PC<br \/>\n<\/span><\/li>\n<\/ol>\n<p>&nbsp;<\/p>\n<h2><span data-sheets-value=\"{\" data-sheets-userformat=\"{\">La serie \u00abWall Hooks Stick\u00bb de ONENICE hace la vida m\u00e1s f\u00e1cil y conveniente.<\/span><\/h2>\n<p>Cuelga lo que quieras, donde quieras, cambia de opini\u00f3n sin preocupaciones, todo sin necesidad de clavos o herramientas. Estos ganchos est\u00e1n hechos de una pel\u00edcula de gel PU ecol\u00f3gica y no t\u00f3xica y se pueden personalizar f\u00e1cilmente con tu dise\u00f1o o imagen favorita. Pueden sostener hasta 1.5KG y est\u00e1n disponibles en alambre cromado y acero inoxidable. La mejor parte de estos ganchos es que se pueden quitar y reutilizar f\u00e1cilmente, lo que los hace perfectos para inquilinos o cualquier persona que le guste cambiar su decoraci\u00f3n frecuentemente.<\/p>\n<p>Adem\u00e1s, son impermeables y se pueden usar en ba\u00f1os y otros entornos h\u00famedos. Se pueden colgar en una variedad de superficies lisas, como vidrio, espejos y paredes de azulejos, pero no deben usarse en superficies propensas a engrasarse o porosas, como cer\u00e1micas sin esmaltar o cuero. La serie \u00abWall Hooks Stick\u00bb de ONENICE est\u00e1 dise\u00f1ada para hacer tu vida m\u00e1s f\u00e1cil y conveniente.<\/p>\n<p>Te permite decorar tu hogar o espacio de oficina seg\u00fan tus propias preferencias, sin necesidad de herramientas o clavos. Y cuando est\u00e9s listo para un cambio, puedes quitar f\u00e1cilmente los ganchos sin dejar residuos pegajosos o da\u00f1os. \u00bfPor qu\u00e9 no probar el \u00bb Portaobjetos multifuncional sectorial lavable y reutilizable\u00bb de ONENICE y ver c\u00f3mo puede simplificar tu vida?<\/p>\n<p>&nbsp;<\/p>\n<h2>Instrucciones de uso<\/h2>\n<ol>\n<li>Antes de usar, limpie bien la superficie de la pared y aseg\u00farese de que est\u00e9 seca.<\/li>\n<li>Retire la pel\u00edcula protectora de la parte posterior.<\/li>\n<li>Pegue la almohadilla en una superficie lisa, presione hacia abajo y elimine el aire desde el centro hacia afuera, asegur\u00e1ndose de que la almohadilla se adhiera completamente a la pared.<\/li>\n<li>Inserte el soporte de hierro en la ranura del gancho de suspensi\u00f3n y aseg\u00farese de que el soporte est\u00e9 completamente fijado para sostener el art\u00edculo.<\/li>\n<li>Para quitar la almohadilla, simplemente tire lentamente de las cuatro esquinas.<\/li>\n<\/ol>\n<p>&nbsp;<\/p>\n<h2>Certificado<\/h2>\n<h2><img fetchpriority=\"high\" decoding=\"async\" class=\"alignnone wp-image-2773 size-medium\" src=\"https:\/\/geckohaha.com\/wp-content\/uploads\/\/unnamed-1-212x300.jpg\" alt=\"\" width=\"212\" height=\"300\" srcset=\"https:\/\/geckohaha.com\/wp-content\/uploads\/unnamed-1-212x300.jpg 212w, https:\/\/geckohaha.com\/wp-content\/uploads\/unnamed-1-150x212.jpg 150w, https:\/\/geckohaha.com\/wp-content\/uploads\/unnamed-1.jpg 362w\" sizes=\"(max-width: 212px) 100vw, 212px\" \/> <img decoding=\"async\" class=\"alignnone wp-image-2776 size-medium\" src=\"https:\/\/geckohaha.com\/wp-content\/uploads\/\/unnamed-2-212x300.jpg\" alt=\"\" width=\"212\" height=\"300\" srcset=\"https:\/\/geckohaha.com\/wp-content\/uploads\/unnamed-2-212x300.jpg 212w, https:\/\/geckohaha.com\/wp-content\/uploads\/unnamed-2-150x212.jpg 150w, https:\/\/geckohaha.com\/wp-content\/uploads\/unnamed-2.jpg 362w\" sizes=\"(max-width: 212px) 100vw, 212px\" \/> <img decoding=\"async\" class=\"alignnone wp-image-2779 size-medium\" src=\"https:\/\/geckohaha.com\/wp-content\/uploads\/\/unnamed-211x300.jpg\" alt=\"\" width=\"211\" height=\"300\" srcset=\"https:\/\/geckohaha.com\/wp-content\/uploads\/unnamed-211x300.jpg 211w, https:\/\/geckohaha.com\/wp-content\/uploads\/unnamed-150x213.jpg 150w, https:\/\/geckohaha.com\/wp-content\/uploads\/unnamed.jpg 360w\" sizes=\"(max-width: 211px) 100vw, 211px\" \/><\/h2>\n<p>&nbsp;<\/p>\n<h2>Precauciones<\/h2>\n<p>\u2022 No lo use ni lo guarde en lugares con una temperatura superior a 60 \u00b0C o en lugares h\u00famedos durante mucho tiempo.<br \/>\n\u2022 Despu\u00e9s de un uso prolongado, la exposici\u00f3n al sol, el estiramiento, la agitaci\u00f3n o la perforaci\u00f3n con objetos afilados pueden hacer que el producto cambie de color, se da\u00f1e, se deforme o cause una diferencia en el \u00e1rea de adhesi\u00f3n y el entorno circundante. Deje de usarlo y reemplace el producto para evitar riesgos en el uso.<br \/>\n\u2022 Los ni\u00f1os menores de 12 a\u00f1os deben estar acompa\u00f1ados por sus padres al usarlo. Col\u00f3quelo o \u00faselo en un lugar fuera del alcance de los ni\u00f1os peque\u00f1os.<br \/>\n\u2022 No exceda el l\u00edmite de carga durante su uso. No cuelgue art\u00edculos fr\u00e1giles, valiosos o peligrosos.<\/p>\n","protected":false},"excerpt":{"rendered":"<ul>\n<li><span data-sheets-value=\"{\" data-sheets-userformat=\"{\">Ganchos adhesivos para pared lavables con agua<\/span><\/li>\n<li><span data-sheets-value=\"{\" data-sheets-userformat=\"{\">F\u00e1cil de rasgar, impermeable<\/span><\/li>\n<li><span data-sheets-value=\"{\" data-sheets-userformat=\"{\">Carga m\u00e1xima: 1.5KG<br \/>\n<\/span><\/li>\n<\/ul>\n","protected":false},"featured_media":2833,"template":"","meta":{"_acf_changed":false},"product_cat":[115,114],"product_tag":[],"class_list":{"0":"post-2792","1":"product","2":"type-product","3":"status-publish","4":"has-post-thumbnail","6":"product_cat-no-drill-reusable-self-adhesive-hooks-for-walls","7":"product_cat-adhesive-hooks-caddies-metal-series","9":"first","10":"instock","11":"shipping-taxable","12":"product-type-simple"},"acf":[],"yoast_head":"<!-- This site is optimized with the Yoast SEO plugin v24.0 - https:\/\/yoast.com\/wordpress\/plugins\/seo\/ -->\n<title>Gancho de hierro grande reutilizable, lavable y ensamblable\u2502ONENICE<\/title>\n<meta name=\"description\" content=\"Mejora tu espacio con Ganchos Adhesivos Grandes para Pared, perfectos para abrigos, postes telesc\u00f3picos y m\u00e1s. \u00a1Explora hoy la versatilidad de los Ganchos Adhesivos para Pared!\" \/>\n<meta name=\"robots\" content=\"index, follow, max-snippet:-1, max-image-preview:large, max-video-preview:-1\" \/>\n<link rel=\"canonical\" href=\"https:\/\/geckohaha.com\/es\/producto\/gancho-de-hierro-grande-reutilizable-lavable-y-ensamblable\/\" \/>\n<meta property=\"og:locale\" content=\"es_ES\" \/>\n<meta property=\"og:type\" content=\"article\" \/>\n<meta property=\"og:title\" content=\"Gancho de hierro grande reutilizable, lavable y ensamblable\u2502ONENICE\" \/>\n<meta property=\"og:description\" content=\"Mejora tu espacio con Ganchos Adhesivos Grandes para Pared, perfectos para abrigos, postes telesc\u00f3picos y m\u00e1s. \u00a1Explora hoy la versatilidad de los Ganchos Adhesivos para Pared!\" \/>\n<meta property=\"og:url\" content=\"https:\/\/geckohaha.com\/es\/producto\/gancho-de-hierro-grande-reutilizable-lavable-y-ensamblable\/\" \/>\n<meta property=\"og:site_name\" content=\"Onenice Internaional Co., Ltd.\" \/>\n<meta property=\"article:modified_time\" content=\"2024-04-29T03:46:06+00:00\" \/>\n<meta property=\"og:image\" content=\"https:\/\/geckohaha.com\/wp-content\/uploads\/Gancho-de-hierro-grande-reutilizable1.jpg\" \/>\n\t<meta property=\"og:image:width\" content=\"700\" \/>\n\t<meta property=\"og:image:height\" content=\"700\" \/>\n\t<meta property=\"og:image:type\" content=\"image\/jpeg\" \/>\n<meta name=\"twitter:card\" content=\"summary_large_image\" \/>\n<script type=\"application\/ld+json\" class=\"yoast-schema-graph\">{\"@context\":\"https:\/\/schema.org\",\"@graph\":[{\"@type\":\"WebPage\",\"@id\":\"https:\/\/geckohaha.com\/es\/producto\/gancho-de-hierro-grande-reutilizable-lavable-y-ensamblable\/\",\"url\":\"https:\/\/geckohaha.com\/es\/producto\/gancho-de-hierro-grande-reutilizable-lavable-y-ensamblable\/\",\"name\":\"Gancho de hierro grande reutilizable, lavable y ensamblable\u2502ONENICE\",\"isPartOf\":{\"@id\":\"https:\/\/geckohaha.com\/es\/#website\"},\"primaryImageOfPage\":{\"@id\":\"https:\/\/geckohaha.com\/es\/producto\/gancho-de-hierro-grande-reutilizable-lavable-y-ensamblable\/#primaryimage\"},\"image\":{\"@id\":\"https:\/\/geckohaha.com\/es\/producto\/gancho-de-hierro-grande-reutilizable-lavable-y-ensamblable\/#primaryimage\"},\"thumbnailUrl\":\"https:\/\/geckohaha.com\/wp-content\/uploads\/Gancho-de-hierro-grande-reutilizable1.jpg\",\"datePublished\":\"2022-05-25T02:22:53+00:00\",\"dateModified\":\"2024-04-29T03:46:06+00:00\",\"description\":\"Mejora tu espacio con Ganchos Adhesivos Grandes para Pared, perfectos para abrigos, postes telesc\u00f3picos y m\u00e1s. \u00a1Explora hoy la versatilidad de los Ganchos Adhesivos para Pared!\",\"breadcrumb\":{\"@id\":\"https:\/\/geckohaha.com\/es\/producto\/gancho-de-hierro-grande-reutilizable-lavable-y-ensamblable\/#breadcrumb\"},\"inLanguage\":\"es\",\"potentialAction\":[{\"@type\":\"ReadAction\",\"target\":[\"https:\/\/geckohaha.com\/es\/producto\/gancho-de-hierro-grande-reutilizable-lavable-y-ensamblable\/\"]}]},{\"@type\":\"ImageObject\",\"inLanguage\":\"es\",\"@id\":\"https:\/\/geckohaha.com\/es\/producto\/gancho-de-hierro-grande-reutilizable-lavable-y-ensamblable\/#primaryimage\",\"url\":\"https:\/\/geckohaha.com\/wp-content\/uploads\/Gancho-de-hierro-grande-reutilizable1.jpg\",\"contentUrl\":\"https:\/\/geckohaha.com\/wp-content\/uploads\/Gancho-de-hierro-grande-reutilizable1.jpg\",\"width\":700,\"height\":700},{\"@type\":\"BreadcrumbList\",\"@id\":\"https:\/\/geckohaha.com\/es\/producto\/gancho-de-hierro-grande-reutilizable-lavable-y-ensamblable\/#breadcrumb\",\"itemListElement\":[{\"@type\":\"ListItem\",\"position\":1,\"name\":\"INICIO\",\"item\":\"https:\/\/geckohaha.com\/es\/\"},{\"@type\":\"ListItem\",\"position\":2,\"name\":\"Productos\",\"item\":\"https:\/\/geckohaha.com\/products\/\"},{\"@type\":\"ListItem\",\"position\":3,\"name\":\"Sin taladro\/ganchos autoadhesivos reutilizables para paredes\",\"item\":\"https:\/\/geckohaha.com\/es\/categoria-producto\/no-drill-reusable-self-adhesive-hooks-for-walls\/\"},{\"@type\":\"ListItem\",\"position\":4,\"name\":\"Gancho de hierro grande reutilizable, lavable y ensamblable\"}]},{\"@type\":\"WebSite\",\"@id\":\"https:\/\/geckohaha.com\/es\/#website\",\"url\":\"https:\/\/geckohaha.com\/es\/\",\"name\":\"Onenice Internaional Co., Ltd.\",\"description\":\"Free your idea, Enrich your life\",\"publisher\":{\"@id\":\"https:\/\/geckohaha.com\/es\/#organization\"},\"potentialAction\":[{\"@type\":\"SearchAction\",\"target\":{\"@type\":\"EntryPoint\",\"urlTemplate\":\"https:\/\/geckohaha.com\/es\/?s={search_term_string}\"},\"query-input\":{\"@type\":\"PropertyValueSpecification\",\"valueRequired\":true,\"valueName\":\"search_term_string\"}}],\"inLanguage\":\"es\"},{\"@type\":\"Organization\",\"@id\":\"https:\/\/geckohaha.com\/es\/#organization\",\"name\":\"\u842c\u99ff\u570b\u969b\u6709\u9650\u516c\u53f8\",\"url\":\"https:\/\/geckohaha.com\/es\/\",\"logo\":{\"@type\":\"ImageObject\",\"inLanguage\":\"es\",\"@id\":\"https:\/\/geckohaha.com\/es\/#\/schema\/logo\/image\/\",\"url\":\"http:\/\/geckohaha.com\/wp-content\/uploads\/2021\/12\/cropped-site_logo.png\",\"contentUrl\":\"http:\/\/geckohaha.com\/wp-content\/uploads\/2021\/12\/cropped-site_logo.png\",\"width\":512,\"height\":512,\"caption\":\"\u842c\u99ff\u570b\u969b\u6709\u9650\u516c\u53f8\"},\"image\":{\"@id\":\"https:\/\/geckohaha.com\/es\/#\/schema\/logo\/image\/\"}}]}<\/script>\n<!-- \/ Yoast SEO plugin. -->","yoast_head_json":{"title":"Gancho de hierro grande reutilizable, lavable y ensamblable\u2502ONENICE","description":"Mejora tu espacio con Ganchos Adhesivos Grandes para Pared, perfectos para abrigos, postes telesc\u00f3picos y m\u00e1s. \u00a1Explora hoy la versatilidad de los Ganchos Adhesivos para Pared!","robots":{"index":"index","follow":"follow","max-snippet":"max-snippet:-1","max-image-preview":"max-image-preview:large","max-video-preview":"max-video-preview:-1"},"canonical":"https:\/\/geckohaha.com\/es\/producto\/gancho-de-hierro-grande-reutilizable-lavable-y-ensamblable\/","og_locale":"es_ES","og_type":"article","og_title":"Gancho de hierro grande reutilizable, lavable y ensamblable\u2502ONENICE","og_description":"Mejora tu espacio con Ganchos Adhesivos Grandes para Pared, perfectos para abrigos, postes telesc\u00f3picos y m\u00e1s. \u00a1Explora hoy la versatilidad de los Ganchos Adhesivos para Pared!","og_url":"https:\/\/geckohaha.com\/es\/producto\/gancho-de-hierro-grande-reutilizable-lavable-y-ensamblable\/","og_site_name":"Onenice Internaional Co., Ltd.","article_modified_time":"2024-04-29T03:46:06+00:00","og_image":[{"width":700,"height":700,"url":"https:\/\/geckohaha.com\/wp-content\/uploads\/Gancho-de-hierro-grande-reutilizable1.jpg","type":"image\/jpeg"}],"twitter_card":"summary_large_image","schema":{"@context":"https:\/\/schema.org","@graph":[{"@type":"WebPage","@id":"https:\/\/geckohaha.com\/es\/producto\/gancho-de-hierro-grande-reutilizable-lavable-y-ensamblable\/","url":"https:\/\/geckohaha.com\/es\/producto\/gancho-de-hierro-grande-reutilizable-lavable-y-ensamblable\/","name":"Gancho de hierro grande reutilizable, lavable y ensamblable\u2502ONENICE","isPartOf":{"@id":"https:\/\/geckohaha.com\/es\/#website"},"primaryImageOfPage":{"@id":"https:\/\/geckohaha.com\/es\/producto\/gancho-de-hierro-grande-reutilizable-lavable-y-ensamblable\/#primaryimage"},"image":{"@id":"https:\/\/geckohaha.com\/es\/producto\/gancho-de-hierro-grande-reutilizable-lavable-y-ensamblable\/#primaryimage"},"thumbnailUrl":"https:\/\/geckohaha.com\/wp-content\/uploads\/Gancho-de-hierro-grande-reutilizable1.jpg","datePublished":"2022-05-25T02:22:53+00:00","dateModified":"2024-04-29T03:46:06+00:00","description":"Mejora tu espacio con Ganchos Adhesivos Grandes para Pared, perfectos para abrigos, postes telesc\u00f3picos y m\u00e1s. \u00a1Explora hoy la versatilidad de los Ganchos Adhesivos para Pared!","breadcrumb":{"@id":"https:\/\/geckohaha.com\/es\/producto\/gancho-de-hierro-grande-reutilizable-lavable-y-ensamblable\/#breadcrumb"},"inLanguage":"es","potentialAction":[{"@type":"ReadAction","target":["https:\/\/geckohaha.com\/es\/producto\/gancho-de-hierro-grande-reutilizable-lavable-y-ensamblable\/"]}]},{"@type":"ImageObject","inLanguage":"es","@id":"https:\/\/geckohaha.com\/es\/producto\/gancho-de-hierro-grande-reutilizable-lavable-y-ensamblable\/#primaryimage","url":"https:\/\/geckohaha.com\/wp-content\/uploads\/Gancho-de-hierro-grande-reutilizable1.jpg","contentUrl":"https:\/\/geckohaha.com\/wp-content\/uploads\/Gancho-de-hierro-grande-reutilizable1.jpg","width":700,"height":700},{"@type":"BreadcrumbList","@id":"https:\/\/geckohaha.com\/es\/producto\/gancho-de-hierro-grande-reutilizable-lavable-y-ensamblable\/#breadcrumb","itemListElement":[{"@type":"ListItem","position":1,"name":"INICIO","item":"https:\/\/geckohaha.com\/es\/"},{"@type":"ListItem","position":2,"name":"Productos","item":"https:\/\/geckohaha.com\/products\/"},{"@type":"ListItem","position":3,"name":"Sin taladro\/ganchos autoadhesivos reutilizables para paredes","item":"https:\/\/geckohaha.com\/es\/categoria-producto\/no-drill-reusable-self-adhesive-hooks-for-walls\/"},{"@type":"ListItem","position":4,"name":"Gancho de hierro grande reutilizable, lavable y ensamblable"}]},{"@type":"WebSite","@id":"https:\/\/geckohaha.com\/es\/#website","url":"https:\/\/geckohaha.com\/es\/","name":"Onenice Internaional Co., Ltd.","description":"Free your idea, Enrich your life","publisher":{"@id":"https:\/\/geckohaha.com\/es\/#organization"},"potentialAction":[{"@type":"SearchAction","target":{"@type":"EntryPoint","urlTemplate":"https:\/\/geckohaha.com\/es\/?s={search_term_string}"},"query-input":{"@type":"PropertyValueSpecification","valueRequired":true,"valueName":"search_term_string"}}],"inLanguage":"es"},{"@type":"Organization","@id":"https:\/\/geckohaha.com\/es\/#organization","name":"\u842c\u99ff\u570b\u969b\u6709\u9650\u516c\u53f8","url":"https:\/\/geckohaha.com\/es\/","logo":{"@type":"ImageObject","inLanguage":"es","@id":"https:\/\/geckohaha.com\/es\/#\/schema\/logo\/image\/","url":"http:\/\/geckohaha.com\/wp-content\/uploads\/2021\/12\/cropped-site_logo.png","contentUrl":"http:\/\/geckohaha.com\/wp-content\/uploads\/2021\/12\/cropped-site_logo.png","width":512,"height":512,"caption":"\u842c\u99ff\u570b\u969b\u6709\u9650\u516c\u53f8"},"image":{"@id":"https:\/\/geckohaha.com\/es\/#\/schema\/logo\/image\/"}}]}},"_links":{"self":[{"href":"https:\/\/geckohaha.com\/es\/wp-json\/wp\/v2\/product\/2792","targetHints":{"allow":["GET"]}}],"collection":[{"href":"https:\/\/geckohaha.com\/es\/wp-json\/wp\/v2\/product"}],"about":[{"href":"https:\/\/geckohaha.com\/es\/wp-json\/wp\/v2\/types\/product"}],"wp:featuredmedia":[{"embeddable":true,"href":"https:\/\/geckohaha.com\/es\/wp-json\/wp\/v2\/media\/2833"}],"wp:attachment":[{"href":"https:\/\/geckohaha.com\/es\/wp-json\/wp\/v2\/media?parent=2792"}],"wp:term":[{"taxonomy":"product_cat","embeddable":true,"href":"https:\/\/geckohaha.com\/es\/wp-json\/wp\/v2\/product_cat?post=2792"},{"taxonomy":"product_tag","embeddable":true,"href":"https:\/\/geckohaha.com\/es\/wp-json\/wp\/v2\/product_tag?post=2792"}],"curies":[{"name":"wp","href":"https:\/\/api.w.org\/{rel}","templated":true}]}}