{"id":2803,"date":"2022-05-25T16:34:37","date_gmt":"2022-05-25T08:34:37","guid":{"rendered":"https:\/\/www.geckohaha.com\/product\/estante-de-almacenamiento-de-montaje-en-pared-reutilizable-y-lavable-para-botellas-y-frascos-de-cocina-y-bano\/"},"modified":"2024-04-26T16:43:21","modified_gmt":"2024-04-26T08:43:21","slug":"estante-de-almacenamiento-de-montaje-en-pared-reutilizable-y-lavable-para-botellas-y-frascos-de-cocina-y-bano","status":"publish","type":"product","link":"https:\/\/geckohaha.com\/es\/producto\/estante-de-almacenamiento-de-montaje-en-pared-reutilizable-y-lavable-para-botellas-y-frascos-de-cocina-y-bano\/","title":{"rendered":"Estante de almacenamiento de montaje en pared reutilizable y lavable para botellas y frascos de cocina y ba\u00f1o"},"content":{"rendered":"<h2><span data-sheets-value=\"{\"1\":2,\"2\":\"Product details\"}\" data-sheets-userformat=\"{\"2\":31683,\"3\":{\"1\":0},\"4\":{\"1\":2,\"2\":13228792},\"9\":0,\"10\":1,\"11\":4,\"12\":0,\"14\":{\"1\":2,\"2\":0},\"15\":\"Arial\",\"16\":10,\"17\":1}\">Detalles de productos<\/span><\/h2>\n<ul>\n<li><span data-sheets-value=\"{\"1\":2,\"2\":\"\u2022Environmentally friendly. Non-toxic PU film\\n\u2022Transparent surface, does not affect decoration.\\n\u2022Customizable into any picture or designe.\\n\u2022Good waterproof effect.\\n\u2022Can be used again after washing with water.\\n\u2022Iron frame series can choose chrome-plated steel wire or stainless steel material\"}\" data-sheets-userformat=\"{\"2\":15297,\"3\":{\"1\":0},\"9\":0,\"10\":1,\"11\":4,\"12\":0,\"14\":{\"1\":2,\"2\":0},\"15\":\"Arial\",\"16\":10}\">Pel\u00edcula de PU no t\u00f3xica y ecol\u00f3gica, con opci\u00f3n de pel\u00edcula transparente o con dise\u00f1o impreso personalizado.<\/span><\/li>\n<li><span data-sheets-value=\"{\"1\":2,\"2\":\"\u2022Environmentally friendly. Non-toxic PU film\\n\u2022Transparent surface, does not affect decoration.\\n\u2022Customizable into any picture or designe.\\n\u2022Good waterproof effect.\\n\u2022Can be used again after washing with water.\\n\u2022Iron frame series can choose chrome-plated steel wire or stainless steel material\"}\" data-sheets-userformat=\"{\"2\":15297,\"3\":{\"1\":0},\"9\":0,\"10\":1,\"11\":4,\"12\":0,\"14\":{\"1\":2,\"2\":0},\"15\":\"Arial\",\"16\":10}\">Excelente efecto impermeable.<\/span><\/li>\n<li><span data-sheets-value=\"{\"1\":2,\"2\":\"\u2022Environmentally friendly. Non-toxic PU film\\n\u2022Transparent surface, does not affect decoration.\\n\u2022Customizable into any picture or designe.\\n\u2022Good waterproof effect.\\n\u2022Can be used again after washing with water.\\n\u2022Iron frame series can choose chrome-plated steel wire or stainless steel material\"}\" data-sheets-userformat=\"{\"2\":15297,\"3\":{\"1\":0},\"9\":0,\"10\":1,\"11\":4,\"12\":0,\"14\":{\"1\":2,\"2\":0},\"15\":\"Arial\",\"16\":10}\">La pel\u00edcula se puede lavar con agua si se ensucia antes de volver a utilizarla.<\/span><\/li>\n<li><span data-sheets-value=\"{\"1\":2,\"2\":\"\u2022Environmentally friendly. Non-toxic PU film\\n\u2022Transparent surface, does not affect decoration.\\n\u2022Customizable into any picture or designe.\\n\u2022Good waterproof effect.\\n\u2022Can be used again after washing with water.\\n\u2022Iron frame series can choose chrome-plated steel wire or stainless steel material\"}\" data-sheets-userformat=\"{\"2\":15297,\"3\":{\"1\":0},\"9\":0,\"10\":1,\"11\":4,\"12\":0,\"14\":{\"1\":2,\"2\":0},\"15\":\"Arial\",\"16\":10}\">La serie de soportes de hierro se puede elegir entre alambre de acero cromado o acero inoxidable.<\/span><\/li>\n<li><span data-sheets-value=\"{\"1\":2,\"2\":\"\u2022Environmentally friendly. Non-toxic PU film\\n\u2022Transparent surface, does not affect decoration.\\n\u2022Customizable into any picture or designe.\\n\u2022Good waterproof effect.\\n\u2022Can be used again after washing with water.\\n\u2022Iron frame series can choose chrome-plated steel wire or stainless steel material\"}\" data-sheets-userformat=\"{\"2\":15297,\"3\":{\"1\":0},\"9\":0,\"10\":1,\"11\":4,\"12\":0,\"14\":{\"1\":2,\"2\":0},\"15\":\"Arial\",\"16\":10}\">Materiales que se pueden pegar: se pueden usar superficies lisas como vidrio (excepto vidrio esmerilado), espejos y azulejos.<\/span><\/li>\n<li><span data-sheets-value=\"{\"1\":2,\"2\":\"\u2022Environmentally friendly. Non-toxic PU film\\n\u2022Transparent surface, does not affect decoration.\\n\u2022Customizable into any picture or designe.\\n\u2022Good waterproof effect.\\n\u2022Can be used again after washing with water.\\n\u2022Iron frame series can choose chrome-plated steel wire or stainless steel material\"}\" data-sheets-userformat=\"{\"2\":15297,\"3\":{\"1\":0},\"9\":0,\"10\":1,\"11\":4,\"12\":0,\"14\":{\"1\":2,\"2\":0},\"15\":\"Arial\",\"16\":10}\">Materiales que no se pueden pegar: materiales que absorben la grasa, como cer\u00e1mica sin esmaltar y azulejos, paredes tratadas solo con mortero, concreto, productos de madera, cuero, productos de papel.<\/span><\/li>\n<\/ul>\n<p>&nbsp;<\/p>\n<h2><span data-sheets-value=\"{\"1\":2,\"2\":\"Specifications\"}\" data-sheets-userformat=\"{\"2\":31683,\"3\":{\"1\":0},\"4\":{\"1\":2,\"2\":13228792},\"9\":0,\"10\":1,\"11\":4,\"12\":0,\"14\":{\"1\":2,\"2\":0},\"15\":\"Arial\",\"16\":10,\"17\":1}\">Especificaciones<\/span><\/h2>\n<ul>\n<li><span data-sheets-value=\"{\"1\":2,\"2\":\"\uff0eSticker size\uff1a7.5x21cm\\n\uff0eHolder size\uff1a\u7d0424.5x13.5x4.5cm\\n\uff0ePackage\uff1aPP Box\\n\uff0eMOQ\uff1a500\"}\" data-sheets-userformat=\"{\"2\":9153,\"3\":{\"1\":0},\"9\":0,\"10\":1,\"11\":4,\"12\":0,\"16\":10}\">Tama\u00f1o de la pel\u00edcula: 7.5 x 21cm<\/span><\/li>\n<li><span data-sheets-value=\"{\"1\":2,\"2\":\"\uff0eSticker size\uff1a7.5x21cm\\n\uff0eHolder size\uff1a\u7d0424.5x13.5x4.5cm\\n\uff0ePackage\uff1aPP Box\\n\uff0eMOQ\uff1a500\"}\" data-sheets-userformat=\"{\"2\":9153,\"3\":{\"1\":0},\"9\":0,\"10\":1,\"11\":4,\"12\":0,\"16\":10}\">Tama\u00f1o del soporte de hierro: aproximadamente 30x10x7.5cm<\/span><\/li>\n<li><span data-sheets-value=\"{\"1\":2,\"2\":\"\uff0eSticker size\uff1a7.5x21cm\\n\uff0eHolder size\uff1a\u7d0424.5x13.5x4.5cm\\n\uff0ePackage\uff1aPP Box\\n\uff0eMOQ\uff1a500\"}\" data-sheets-userformat=\"{\"2\":9153,\"3\":{\"1\":0},\"9\":0,\"10\":1,\"11\":4,\"12\":0,\"16\":10}\">Empaque: Caja de PP<\/span><\/li>\n<li><span data-sheets-value=\"{\"1\":2,\"2\":\"\uff0eSticker size\uff1a7.5x21cm\\n\uff0eHolder size\uff1a\u7d0424.5x13.5x4.5cm\\n\uff0ePackage\uff1aPP Box\\n\uff0eMOQ\uff1a500\"}\" data-sheets-userformat=\"{\"2\":9153,\"3\":{\"1\":0},\"9\":0,\"10\":1,\"11\":4,\"12\":0,\"16\":10}\">MOQ (Cantidad M\u00ednima de Pedido): 500<\/span><\/li>\n<\/ul>\n<p>&nbsp;<\/p>\n<h2><span data-sheets-value=\"{\"1\":2,\"2\":\"Material\"}\" data-sheets-userformat=\"{\"2\":31683,\"3\":{\"1\":0},\"4\":{\"1\":2,\"2\":13228792},\"9\":0,\"10\":1,\"11\":4,\"12\":0,\"14\":{\"1\":2,\"2\":0},\"15\":\"Arial\",\"16\":10,\"17\":1}\">Material<\/span><\/h2>\n<ol>\n<li><span data-sheets-value=\"{\"1\":2,\"2\":\"1.Chrome plated rack, PET\uff0fPP printing, Nontoxic PU glue\\n2.Stainless rack, PET\uff0fPP printing, Nontoxic PU glue\\n\"}\" data-sheets-userformat=\"{\"2\":15297,\"3\":{\"1\":0},\"9\":0,\"10\":1,\"11\":4,\"12\":0,\"14\":{\"1\":2,\"2\":0},\"15\":\"Arial\",\"16\":10}\">Alambre de acero cromado, l\u00e1mina de PU sin rastro, PP transparente\/impreso, gancho de PC<\/span><\/li>\n<li><span data-sheets-value=\"{\"1\":2,\"2\":\"1.Chrome plated rack, PET\uff0fPP printing, Nontoxic PU glue\\n2.Stainless rack, PET\uff0fPP printing, Nontoxic PU glue\\n\"}\" data-sheets-userformat=\"{\"2\":15297,\"3\":{\"1\":0},\"9\":0,\"10\":1,\"11\":4,\"12\":0,\"14\":{\"1\":2,\"2\":0},\"15\":\"Arial\",\"16\":10}\">Alambre de acero inoxidable, l\u00e1mina de PU sin rastro, PP transparente\/impreso, gancho de PC<br \/>\n<\/span><\/li>\n<\/ol>\n<p>&nbsp;<\/p>\n<h2><span data-sheets-value=\"{\"1\":2,\"2\":\"ONENICE Wall hooks stick\"}\" data-sheets-userformat=\"{\"2\":31683,\"3\":{\"1\":0},\"4\":{\"1\":2,\"2\":13228792},\"9\":0,\"10\":1,\"11\":4,\"12\":0,\"14\":{\"1\":2,\"2\":0},\"15\":\"Arial\",\"16\":10,\"17\":1}\">La serie \u00abWall Hooks Stick\u00bb de ONENICE hace la vida m\u00e1s f\u00e1cil y conveniente.<\/span><\/h2>\n<p>Cuelga lo que quieras, donde quieras, cambia de opini\u00f3n sin preocupaciones, todo sin necesidad de clavos o herramientas. Estos ganchos est\u00e1n hechos de una pel\u00edcula de gel PU ecol\u00f3gica y no t\u00f3xica y se pueden personalizar f\u00e1cilmente con tu dise\u00f1o o imagen favorita. Pueden sostener hasta 1.5KG y est\u00e1n disponibles en alambre cromado y acero inoxidable. La mejor parte de estos ganchos es que se pueden quitar y reutilizar f\u00e1cilmente, lo que los hace perfectos para inquilinos o cualquier persona que le guste cambiar su decoraci\u00f3n frecuentemente.<\/p>\n<p>Adem\u00e1s, son impermeables y se pueden usar en ba\u00f1os y otros entornos h\u00famedos. Se pueden colgar en una variedad de superficies lisas, como vidrio, espejos y paredes de azulejos, pero no deben usarse en superficies propensas a engrasarse o porosas, como cer\u00e1micas sin esmaltar o cuero. La serie \u00abWall Hooks Stick\u00bb de ONENICE est\u00e1 dise\u00f1ada para hacer tu vida m\u00e1s f\u00e1cil y conveniente.<\/p>\n<p>Te permite decorar tu hogar o espacio de oficina seg\u00fan tus propias preferencias, sin necesidad de herramientas o clavos. Y cuando est\u00e9s listo para un cambio, puedes quitar f\u00e1cilmente los ganchos sin dejar residuos pegajosos o da\u00f1os. \u00bfPor qu\u00e9 no probar el \u00bb \u00abPortaobjetos multifuncional sectorial lavable y reutilizable\u00bb de ONENICE y ver c\u00f3mo puede simplificar tu vida?<\/p>\n","protected":false},"excerpt":{"rendered":"<ul>\n<li><span data-sheets-value=\"{\"1\":2,\"2\":\"\u2022Water washable wall hooks stick-Tissue holder\\n\u2022Easy tear, Waterproof\\n\u2022Maximum load\uff1a1.5KG\\n\"}\" data-sheets-userformat=\"{\"2\":15297,\"3\":{\"1\":0},\"9\":0,\"10\":1,\"11\":4,\"12\":0,\"14\":{\"1\":2,\"2\":0},\"15\":\"Arial\",\"16\":10}\">Ganchos adhesivos para pared lavables con agua &#8211; Porta papel higi\u00e9nico<\/span><\/li>\n<li><span data-sheets-value=\"{\"1\":2,\"2\":\"\u2022Water washable wall hooks stick-Tissue holder\\n\u2022Easy tear, Waterproof\\n\u2022Maximum load\uff1a1.5KG\\n\"}\" data-sheets-userformat=\"{\"2\":15297,\"3\":{\"1\":0},\"9\":0,\"10\":1,\"11\":4,\"12\":0,\"14\":{\"1\":2,\"2\":0},\"15\":\"Arial\",\"16\":10}\">F\u00e1cil de rasgar, impermeable<\/span><\/li>\n<li><span data-sheets-value=\"{\"1\":2,\"2\":\"\u2022Water washable wall hooks stick-Tissue holder\\n\u2022Easy tear, Waterproof\\n\u2022Maximum load\uff1a1.5KG\\n\"}\" data-sheets-userformat=\"{\"2\":15297,\"3\":{\"1\":0},\"9\":0,\"10\":1,\"11\":4,\"12\":0,\"14\":{\"1\":2,\"2\":0},\"15\":\"Arial\",\"16\":10}\">Carga m\u00e1xima: 1.5KG<br \/>\n<\/span><\/li>\n<\/ul>\n","protected":false},"featured_media":2804,"template":"","meta":{"_acf_changed":false},"product_cat":[115,114],"product_tag":[],"class_list":{"0":"post-2803","1":"product","2":"type-product","3":"status-publish","4":"has-post-thumbnail","6":"product_cat-no-drill-reusable-self-adhesive-hooks-for-walls","7":"product_cat-adhesive-hooks-caddies-metal-series","9":"first","10":"instock","11":"shipping-taxable","12":"product-type-simple"},"acf":[],"yoast_head":"<!-- This site is optimized with the Yoast SEO plugin v24.0 - https:\/\/yoast.com\/wordpress\/plugins\/seo\/ -->\n<title>Estante de almacenamiento de montaje en pared reutilizable y lavable para botellas y frascos de cocina y ba\u00f1o\u2502ONENICE<\/title>\n<meta name=\"description\" content=\"El Estante de Almacenamiento Autoadhesivo proporciona el espacio perfecto para colocar tus esenciales de ducha o cocina. \u00a1Eleva tu organizaci\u00f3n con el Estante de Almacenamiento Adhesivo!\" \/>\n<meta name=\"robots\" content=\"index, follow, max-snippet:-1, max-image-preview:large, max-video-preview:-1\" \/>\n<link rel=\"canonical\" href=\"https:\/\/geckohaha.com\/es\/producto\/estante-de-almacenamiento-de-montaje-en-pared-reutilizable-y-lavable-para-botellas-y-frascos-de-cocina-y-bano\/\" \/>\n<meta property=\"og:locale\" content=\"es_ES\" \/>\n<meta property=\"og:type\" content=\"article\" \/>\n<meta property=\"og:title\" content=\"Estante de almacenamiento de montaje en pared reutilizable y lavable para botellas y frascos de cocina y ba\u00f1o\u2502ONENICE\" \/>\n<meta property=\"og:description\" content=\"El Estante de Almacenamiento Autoadhesivo proporciona el espacio perfecto para colocar tus esenciales de ducha o cocina. \u00a1Eleva tu organizaci\u00f3n con el Estante de Almacenamiento Adhesivo!\" \/>\n<meta property=\"og:url\" content=\"https:\/\/geckohaha.com\/es\/producto\/estante-de-almacenamiento-de-montaje-en-pared-reutilizable-y-lavable-para-botellas-y-frascos-de-cocina-y-bano\/\" \/>\n<meta property=\"og:site_name\" content=\"Onenice Internaional Co., Ltd.\" \/>\n<meta property=\"article:modified_time\" content=\"2024-04-26T08:43:21+00:00\" \/>\n<meta property=\"og:image\" content=\"https:\/\/geckohaha.com\/wp-content\/uploads\/ON-134_ON-144WALL-HOOKS-STICK-Container-holder\u2502ONENICE_vivipic-1.jpg\" \/>\n\t<meta property=\"og:image:width\" content=\"1080\" \/>\n\t<meta property=\"og:image:height\" content=\"1080\" \/>\n\t<meta property=\"og:image:type\" content=\"image\/jpeg\" \/>\n<meta name=\"twitter:card\" content=\"summary_large_image\" \/>\n<script type=\"application\/ld+json\" class=\"yoast-schema-graph\">{\"@context\":\"https:\/\/schema.org\",\"@graph\":[{\"@type\":\"WebPage\",\"@id\":\"https:\/\/geckohaha.com\/es\/producto\/estante-de-almacenamiento-de-montaje-en-pared-reutilizable-y-lavable-para-botellas-y-frascos-de-cocina-y-bano\/\",\"url\":\"https:\/\/geckohaha.com\/es\/producto\/estante-de-almacenamiento-de-montaje-en-pared-reutilizable-y-lavable-para-botellas-y-frascos-de-cocina-y-bano\/\",\"name\":\"Estante de almacenamiento de montaje en pared reutilizable y lavable para botellas y frascos de cocina y ba\u00f1o\u2502ONENICE\",\"isPartOf\":{\"@id\":\"https:\/\/geckohaha.com\/es\/#website\"},\"primaryImageOfPage\":{\"@id\":\"https:\/\/geckohaha.com\/es\/producto\/estante-de-almacenamiento-de-montaje-en-pared-reutilizable-y-lavable-para-botellas-y-frascos-de-cocina-y-bano\/#primaryimage\"},\"image\":{\"@id\":\"https:\/\/geckohaha.com\/es\/producto\/estante-de-almacenamiento-de-montaje-en-pared-reutilizable-y-lavable-para-botellas-y-frascos-de-cocina-y-bano\/#primaryimage\"},\"thumbnailUrl\":\"https:\/\/geckohaha.com\/wp-content\/uploads\/ON-134_ON-144WALL-HOOKS-STICK-Container-holder\u2502ONENICE_vivipic-1.jpg\",\"datePublished\":\"2022-05-25T08:34:37+00:00\",\"dateModified\":\"2024-04-26T08:43:21+00:00\",\"description\":\"El Estante de Almacenamiento Autoadhesivo proporciona el espacio perfecto para colocar tus esenciales de ducha o cocina. \u00a1Eleva tu organizaci\u00f3n con el Estante de Almacenamiento Adhesivo!\",\"breadcrumb\":{\"@id\":\"https:\/\/geckohaha.com\/es\/producto\/estante-de-almacenamiento-de-montaje-en-pared-reutilizable-y-lavable-para-botellas-y-frascos-de-cocina-y-bano\/#breadcrumb\"},\"inLanguage\":\"es\",\"potentialAction\":[{\"@type\":\"ReadAction\",\"target\":[\"https:\/\/geckohaha.com\/es\/producto\/estante-de-almacenamiento-de-montaje-en-pared-reutilizable-y-lavable-para-botellas-y-frascos-de-cocina-y-bano\/\"]}]},{\"@type\":\"ImageObject\",\"inLanguage\":\"es\",\"@id\":\"https:\/\/geckohaha.com\/es\/producto\/estante-de-almacenamiento-de-montaje-en-pared-reutilizable-y-lavable-para-botellas-y-frascos-de-cocina-y-bano\/#primaryimage\",\"url\":\"https:\/\/geckohaha.com\/wp-content\/uploads\/ON-134_ON-144WALL-HOOKS-STICK-Container-holder\u2502ONENICE_vivipic-1.jpg\",\"contentUrl\":\"https:\/\/geckohaha.com\/wp-content\/uploads\/ON-134_ON-144WALL-HOOKS-STICK-Container-holder\u2502ONENICE_vivipic-1.jpg\",\"width\":1080,\"height\":1080},{\"@type\":\"BreadcrumbList\",\"@id\":\"https:\/\/geckohaha.com\/es\/producto\/estante-de-almacenamiento-de-montaje-en-pared-reutilizable-y-lavable-para-botellas-y-frascos-de-cocina-y-bano\/#breadcrumb\",\"itemListElement\":[{\"@type\":\"ListItem\",\"position\":1,\"name\":\"INICIO\",\"item\":\"https:\/\/geckohaha.com\/es\/\"},{\"@type\":\"ListItem\",\"position\":2,\"name\":\"Productos\",\"item\":\"https:\/\/geckohaha.com\/products\/\"},{\"@type\":\"ListItem\",\"position\":3,\"name\":\"Sin taladro\/ganchos autoadhesivos reutilizables para paredes\",\"item\":\"https:\/\/geckohaha.com\/es\/categoria-producto\/no-drill-reusable-self-adhesive-hooks-for-walls\/\"},{\"@type\":\"ListItem\",\"position\":4,\"name\":\"Estante de almacenamiento de montaje en pared reutilizable y lavable para botellas y frascos de cocina y ba\u00f1o\"}]},{\"@type\":\"WebSite\",\"@id\":\"https:\/\/geckohaha.com\/es\/#website\",\"url\":\"https:\/\/geckohaha.com\/es\/\",\"name\":\"Onenice Internaional Co., Ltd.\",\"description\":\"Free your idea, Enrich your life\",\"publisher\":{\"@id\":\"https:\/\/geckohaha.com\/es\/#organization\"},\"potentialAction\":[{\"@type\":\"SearchAction\",\"target\":{\"@type\":\"EntryPoint\",\"urlTemplate\":\"https:\/\/geckohaha.com\/es\/?s={search_term_string}\"},\"query-input\":{\"@type\":\"PropertyValueSpecification\",\"valueRequired\":true,\"valueName\":\"search_term_string\"}}],\"inLanguage\":\"es\"},{\"@type\":\"Organization\",\"@id\":\"https:\/\/geckohaha.com\/es\/#organization\",\"name\":\"\u842c\u99ff\u570b\u969b\u6709\u9650\u516c\u53f8\",\"url\":\"https:\/\/geckohaha.com\/es\/\",\"logo\":{\"@type\":\"ImageObject\",\"inLanguage\":\"es\",\"@id\":\"https:\/\/geckohaha.com\/es\/#\/schema\/logo\/image\/\",\"url\":\"http:\/\/geckohaha.com\/wp-content\/uploads\/2021\/12\/cropped-site_logo.png\",\"contentUrl\":\"http:\/\/geckohaha.com\/wp-content\/uploads\/2021\/12\/cropped-site_logo.png\",\"width\":512,\"height\":512,\"caption\":\"\u842c\u99ff\u570b\u969b\u6709\u9650\u516c\u53f8\"},\"image\":{\"@id\":\"https:\/\/geckohaha.com\/es\/#\/schema\/logo\/image\/\"}}]}<\/script>\n<!-- \/ Yoast SEO plugin. -->","yoast_head_json":{"title":"Estante de almacenamiento de montaje en pared reutilizable y lavable para botellas y frascos de cocina y ba\u00f1o\u2502ONENICE","description":"El Estante de Almacenamiento Autoadhesivo proporciona el espacio perfecto para colocar tus esenciales de ducha o cocina. \u00a1Eleva tu organizaci\u00f3n con el Estante de Almacenamiento Adhesivo!","robots":{"index":"index","follow":"follow","max-snippet":"max-snippet:-1","max-image-preview":"max-image-preview:large","max-video-preview":"max-video-preview:-1"},"canonical":"https:\/\/geckohaha.com\/es\/producto\/estante-de-almacenamiento-de-montaje-en-pared-reutilizable-y-lavable-para-botellas-y-frascos-de-cocina-y-bano\/","og_locale":"es_ES","og_type":"article","og_title":"Estante de almacenamiento de montaje en pared reutilizable y lavable para botellas y frascos de cocina y ba\u00f1o\u2502ONENICE","og_description":"El Estante de Almacenamiento Autoadhesivo proporciona el espacio perfecto para colocar tus esenciales de ducha o cocina. \u00a1Eleva tu organizaci\u00f3n con el Estante de Almacenamiento Adhesivo!","og_url":"https:\/\/geckohaha.com\/es\/producto\/estante-de-almacenamiento-de-montaje-en-pared-reutilizable-y-lavable-para-botellas-y-frascos-de-cocina-y-bano\/","og_site_name":"Onenice Internaional Co., Ltd.","article_modified_time":"2024-04-26T08:43:21+00:00","og_image":[{"width":1080,"height":1080,"url":"https:\/\/geckohaha.com\/wp-content\/uploads\/ON-134_ON-144WALL-HOOKS-STICK-Container-holder\u2502ONENICE_vivipic-1.jpg","type":"image\/jpeg"}],"twitter_card":"summary_large_image","schema":{"@context":"https:\/\/schema.org","@graph":[{"@type":"WebPage","@id":"https:\/\/geckohaha.com\/es\/producto\/estante-de-almacenamiento-de-montaje-en-pared-reutilizable-y-lavable-para-botellas-y-frascos-de-cocina-y-bano\/","url":"https:\/\/geckohaha.com\/es\/producto\/estante-de-almacenamiento-de-montaje-en-pared-reutilizable-y-lavable-para-botellas-y-frascos-de-cocina-y-bano\/","name":"Estante de almacenamiento de montaje en pared reutilizable y lavable para botellas y frascos de cocina y ba\u00f1o\u2502ONENICE","isPartOf":{"@id":"https:\/\/geckohaha.com\/es\/#website"},"primaryImageOfPage":{"@id":"https:\/\/geckohaha.com\/es\/producto\/estante-de-almacenamiento-de-montaje-en-pared-reutilizable-y-lavable-para-botellas-y-frascos-de-cocina-y-bano\/#primaryimage"},"image":{"@id":"https:\/\/geckohaha.com\/es\/producto\/estante-de-almacenamiento-de-montaje-en-pared-reutilizable-y-lavable-para-botellas-y-frascos-de-cocina-y-bano\/#primaryimage"},"thumbnailUrl":"https:\/\/geckohaha.com\/wp-content\/uploads\/ON-134_ON-144WALL-HOOKS-STICK-Container-holder\u2502ONENICE_vivipic-1.jpg","datePublished":"2022-05-25T08:34:37+00:00","dateModified":"2024-04-26T08:43:21+00:00","description":"El Estante de Almacenamiento Autoadhesivo proporciona el espacio perfecto para colocar tus esenciales de ducha o cocina. \u00a1Eleva tu organizaci\u00f3n con el Estante de Almacenamiento Adhesivo!","breadcrumb":{"@id":"https:\/\/geckohaha.com\/es\/producto\/estante-de-almacenamiento-de-montaje-en-pared-reutilizable-y-lavable-para-botellas-y-frascos-de-cocina-y-bano\/#breadcrumb"},"inLanguage":"es","potentialAction":[{"@type":"ReadAction","target":["https:\/\/geckohaha.com\/es\/producto\/estante-de-almacenamiento-de-montaje-en-pared-reutilizable-y-lavable-para-botellas-y-frascos-de-cocina-y-bano\/"]}]},{"@type":"ImageObject","inLanguage":"es","@id":"https:\/\/geckohaha.com\/es\/producto\/estante-de-almacenamiento-de-montaje-en-pared-reutilizable-y-lavable-para-botellas-y-frascos-de-cocina-y-bano\/#primaryimage","url":"https:\/\/geckohaha.com\/wp-content\/uploads\/ON-134_ON-144WALL-HOOKS-STICK-Container-holder\u2502ONENICE_vivipic-1.jpg","contentUrl":"https:\/\/geckohaha.com\/wp-content\/uploads\/ON-134_ON-144WALL-HOOKS-STICK-Container-holder\u2502ONENICE_vivipic-1.jpg","width":1080,"height":1080},{"@type":"BreadcrumbList","@id":"https:\/\/geckohaha.com\/es\/producto\/estante-de-almacenamiento-de-montaje-en-pared-reutilizable-y-lavable-para-botellas-y-frascos-de-cocina-y-bano\/#breadcrumb","itemListElement":[{"@type":"ListItem","position":1,"name":"INICIO","item":"https:\/\/geckohaha.com\/es\/"},{"@type":"ListItem","position":2,"name":"Productos","item":"https:\/\/geckohaha.com\/products\/"},{"@type":"ListItem","position":3,"name":"Sin taladro\/ganchos autoadhesivos reutilizables para paredes","item":"https:\/\/geckohaha.com\/es\/categoria-producto\/no-drill-reusable-self-adhesive-hooks-for-walls\/"},{"@type":"ListItem","position":4,"name":"Estante de almacenamiento de montaje en pared reutilizable y lavable para botellas y frascos de cocina y ba\u00f1o"}]},{"@type":"WebSite","@id":"https:\/\/geckohaha.com\/es\/#website","url":"https:\/\/geckohaha.com\/es\/","name":"Onenice Internaional Co., Ltd.","description":"Free your idea, Enrich your life","publisher":{"@id":"https:\/\/geckohaha.com\/es\/#organization"},"potentialAction":[{"@type":"SearchAction","target":{"@type":"EntryPoint","urlTemplate":"https:\/\/geckohaha.com\/es\/?s={search_term_string}"},"query-input":{"@type":"PropertyValueSpecification","valueRequired":true,"valueName":"search_term_string"}}],"inLanguage":"es"},{"@type":"Organization","@id":"https:\/\/geckohaha.com\/es\/#organization","name":"\u842c\u99ff\u570b\u969b\u6709\u9650\u516c\u53f8","url":"https:\/\/geckohaha.com\/es\/","logo":{"@type":"ImageObject","inLanguage":"es","@id":"https:\/\/geckohaha.com\/es\/#\/schema\/logo\/image\/","url":"http:\/\/geckohaha.com\/wp-content\/uploads\/2021\/12\/cropped-site_logo.png","contentUrl":"http:\/\/geckohaha.com\/wp-content\/uploads\/2021\/12\/cropped-site_logo.png","width":512,"height":512,"caption":"\u842c\u99ff\u570b\u969b\u6709\u9650\u516c\u53f8"},"image":{"@id":"https:\/\/geckohaha.com\/es\/#\/schema\/logo\/image\/"}}]}},"_links":{"self":[{"href":"https:\/\/geckohaha.com\/es\/wp-json\/wp\/v2\/product\/2803","targetHints":{"allow":["GET"]}}],"collection":[{"href":"https:\/\/geckohaha.com\/es\/wp-json\/wp\/v2\/product"}],"about":[{"href":"https:\/\/geckohaha.com\/es\/wp-json\/wp\/v2\/types\/product"}],"wp:featuredmedia":[{"embeddable":true,"href":"https:\/\/geckohaha.com\/es\/wp-json\/wp\/v2\/media\/2804"}],"wp:attachment":[{"href":"https:\/\/geckohaha.com\/es\/wp-json\/wp\/v2\/media?parent=2803"}],"wp:term":[{"taxonomy":"product_cat","embeddable":true,"href":"https:\/\/geckohaha.com\/es\/wp-json\/wp\/v2\/product_cat?post=2803"},{"taxonomy":"product_tag","embeddable":true,"href":"https:\/\/geckohaha.com\/es\/wp-json\/wp\/v2\/product_tag?post=2803"}],"curies":[{"name":"wp","href":"https:\/\/api.w.org\/{rel}","templated":true}]}}