{"id":3065,"date":"2022-11-10T12:01:55","date_gmt":"2022-11-10T04:01:55","guid":{"rendered":"https:\/\/www.geckohaha.com\/product\/estante-mini-para-cepillo-de-dientes-y-pasta-dental-de-acrilico-sin-perforaciones\/"},"modified":"2024-04-26T14:38:01","modified_gmt":"2024-04-26T06:38:01","slug":"estante-mini-para-cepillo-de-dientes-y-pasta-dental-de-acrilico-sin-perforaciones","status":"publish","type":"product","link":"https:\/\/geckohaha.com\/es\/producto\/estante-mini-para-cepillo-de-dientes-y-pasta-dental-de-acrilico-sin-perforaciones\/","title":{"rendered":"Estante mini para cepillo de dientes y pasta dental de acr\u00edlico sin perforaciones."},"content":{"rendered":"<p>Caracter\u00edsticas del producto<br \/>\n* Apto para superficies lisas y pulidas, como vidrio,<br \/>\nazulejo cer\u00e1mico, superficie met\u00e1lica, espejo, tablero de PVC, acr\u00edlico<br \/>\ntablero, pizarra blanca\u2026etc.<br \/>\n* Reutilizable, lavable con agua<br \/>\n* F\u00e1cil de usar y despegar, no deja residuos despu\u00e9s de la eliminaci\u00f3n<br \/>\n* Impermeable<\/p>\n<p>Material: impresi\u00f3n en PET\/PP<br \/>\nPegamento PU no t\u00f3xico<br \/>\nSoporte de acr\u00edlico<\/p>\n<p>Tama\u00f1o de la etiqueta: 10 x 10 cm<br \/>\ntama\u00f1o personalizado<\/p>\n<p>Tama\u00f1o del soporte: 8 x 7.5 x 5 cm<\/p>\n<p>Empaque: paquete en bl\u00edster<\/p>\n","protected":false},"excerpt":{"rendered":"<p>Sin taladrar, sin herramientas.<br \/>\nNo da\u00f1a la pared.<\/p>\n","protected":false},"featured_media":3066,"template":"","meta":{"_acf_changed":false},"product_cat":[115,122],"product_tag":[],"class_list":{"0":"post-3065","1":"product","2":"type-product","3":"status-publish","4":"has-post-thumbnail","6":"product_cat-no-drill-reusable-self-adhesive-hooks-for-walls","7":"product_cat-ganchos-adhesivos-serie-de-plastico","9":"first","10":"instock","11":"shipping-taxable","12":"product-type-simple"},"acf":[],"yoast_head":"<!-- This site is optimized with the Yoast SEO plugin v24.0 - https:\/\/yoast.com\/wordpress\/plugins\/seo\/ -->\n<title>Estante mini para cepillo de dientes y pasta dental de acr\u00edlico sin perforaciones\u2502ONENICE<\/title>\n<meta name=\"description\" content=\"Optimiza el espacio de tu lavabo con el estante mini para cepillo de dientes de acr\u00edlico sin perforaciones. Este estante mini para pasta dental de acr\u00edlico sin perforaciones ofrece un almacenamiento ordenado.\" \/>\n<meta name=\"robots\" content=\"index, follow, max-snippet:-1, max-image-preview:large, max-video-preview:-1\" \/>\n<link rel=\"canonical\" href=\"https:\/\/geckohaha.com\/es\/producto\/estante-mini-para-cepillo-de-dientes-y-pasta-dental-de-acrilico-sin-perforaciones\/\" \/>\n<meta property=\"og:locale\" content=\"es_ES\" \/>\n<meta property=\"og:type\" content=\"article\" \/>\n<meta property=\"og:title\" content=\"Estante mini para cepillo de dientes y pasta dental de acr\u00edlico sin perforaciones\u2502ONENICE\" \/>\n<meta property=\"og:description\" content=\"Optimiza el espacio de tu lavabo con el estante mini para cepillo de dientes de acr\u00edlico sin perforaciones. Este estante mini para pasta dental de acr\u00edlico sin perforaciones ofrece un almacenamiento ordenado.\" \/>\n<meta property=\"og:url\" content=\"https:\/\/geckohaha.com\/es\/producto\/estante-mini-para-cepillo-de-dientes-y-pasta-dental-de-acrilico-sin-perforaciones\/\" \/>\n<meta property=\"og:site_name\" content=\"Onenice Internaional Co., Ltd.\" \/>\n<meta property=\"article:modified_time\" content=\"2024-04-26T06:38:01+00:00\" \/>\n<meta property=\"og:image\" content=\"https:\/\/geckohaha.com\/wp-content\/uploads\/geckohaha-wall-mounted-acrylic-toothbrush-holder-1.jpg\" \/>\n\t<meta property=\"og:image:width\" content=\"700\" \/>\n\t<meta property=\"og:image:height\" content=\"700\" \/>\n\t<meta property=\"og:image:type\" content=\"image\/jpeg\" \/>\n<meta name=\"twitter:card\" content=\"summary_large_image\" \/>\n<script type=\"application\/ld+json\" class=\"yoast-schema-graph\">{\"@context\":\"https:\/\/schema.org\",\"@graph\":[{\"@type\":\"WebPage\",\"@id\":\"https:\/\/geckohaha.com\/es\/producto\/estante-mini-para-cepillo-de-dientes-y-pasta-dental-de-acrilico-sin-perforaciones\/\",\"url\":\"https:\/\/geckohaha.com\/es\/producto\/estante-mini-para-cepillo-de-dientes-y-pasta-dental-de-acrilico-sin-perforaciones\/\",\"name\":\"Estante mini para cepillo de dientes y pasta dental de acr\u00edlico sin perforaciones\u2502ONENICE\",\"isPartOf\":{\"@id\":\"https:\/\/geckohaha.com\/es\/#website\"},\"primaryImageOfPage\":{\"@id\":\"https:\/\/geckohaha.com\/es\/producto\/estante-mini-para-cepillo-de-dientes-y-pasta-dental-de-acrilico-sin-perforaciones\/#primaryimage\"},\"image\":{\"@id\":\"https:\/\/geckohaha.com\/es\/producto\/estante-mini-para-cepillo-de-dientes-y-pasta-dental-de-acrilico-sin-perforaciones\/#primaryimage\"},\"thumbnailUrl\":\"https:\/\/geckohaha.com\/wp-content\/uploads\/geckohaha-wall-mounted-acrylic-toothbrush-holder-1.jpg\",\"datePublished\":\"2022-11-10T04:01:55+00:00\",\"dateModified\":\"2024-04-26T06:38:01+00:00\",\"description\":\"Optimiza el espacio de tu lavabo con el estante mini para cepillo de dientes de acr\u00edlico sin perforaciones. Este estante mini para pasta dental de acr\u00edlico sin perforaciones ofrece un almacenamiento ordenado.\",\"breadcrumb\":{\"@id\":\"https:\/\/geckohaha.com\/es\/producto\/estante-mini-para-cepillo-de-dientes-y-pasta-dental-de-acrilico-sin-perforaciones\/#breadcrumb\"},\"inLanguage\":\"es\",\"potentialAction\":[{\"@type\":\"ReadAction\",\"target\":[\"https:\/\/geckohaha.com\/es\/producto\/estante-mini-para-cepillo-de-dientes-y-pasta-dental-de-acrilico-sin-perforaciones\/\"]}]},{\"@type\":\"ImageObject\",\"inLanguage\":\"es\",\"@id\":\"https:\/\/geckohaha.com\/es\/producto\/estante-mini-para-cepillo-de-dientes-y-pasta-dental-de-acrilico-sin-perforaciones\/#primaryimage\",\"url\":\"https:\/\/geckohaha.com\/wp-content\/uploads\/geckohaha-wall-mounted-acrylic-toothbrush-holder-1.jpg\",\"contentUrl\":\"https:\/\/geckohaha.com\/wp-content\/uploads\/geckohaha-wall-mounted-acrylic-toothbrush-holder-1.jpg\",\"width\":700,\"height\":700},{\"@type\":\"BreadcrumbList\",\"@id\":\"https:\/\/geckohaha.com\/es\/producto\/estante-mini-para-cepillo-de-dientes-y-pasta-dental-de-acrilico-sin-perforaciones\/#breadcrumb\",\"itemListElement\":[{\"@type\":\"ListItem\",\"position\":1,\"name\":\"INICIO\",\"item\":\"https:\/\/geckohaha.com\/es\/\"},{\"@type\":\"ListItem\",\"position\":2,\"name\":\"Productos\",\"item\":\"https:\/\/geckohaha.com\/products\/\"},{\"@type\":\"ListItem\",\"position\":3,\"name\":\"Sin taladro\/ganchos autoadhesivos reutilizables para paredes\",\"item\":\"https:\/\/geckohaha.com\/es\/categoria-producto\/no-drill-reusable-self-adhesive-hooks-for-walls\/\"},{\"@type\":\"ListItem\",\"position\":4,\"name\":\"Ganchos Adhesivos - Serie de Pl\u00e1stico\",\"item\":\"https:\/\/geckohaha.com\/es\/categoria-producto\/no-drill-reusable-self-adhesive-hooks-for-walls\/ganchos-adhesivos-serie-de-plastico\/\"},{\"@type\":\"ListItem\",\"position\":5,\"name\":\"Estante mini para cepillo de dientes y pasta dental de acr\u00edlico sin perforaciones.\"}]},{\"@type\":\"WebSite\",\"@id\":\"https:\/\/geckohaha.com\/es\/#website\",\"url\":\"https:\/\/geckohaha.com\/es\/\",\"name\":\"Onenice Internaional Co., Ltd.\",\"description\":\"Free your idea, Enrich your life\",\"publisher\":{\"@id\":\"https:\/\/geckohaha.com\/es\/#organization\"},\"potentialAction\":[{\"@type\":\"SearchAction\",\"target\":{\"@type\":\"EntryPoint\",\"urlTemplate\":\"https:\/\/geckohaha.com\/es\/?s={search_term_string}\"},\"query-input\":{\"@type\":\"PropertyValueSpecification\",\"valueRequired\":true,\"valueName\":\"search_term_string\"}}],\"inLanguage\":\"es\"},{\"@type\":\"Organization\",\"@id\":\"https:\/\/geckohaha.com\/es\/#organization\",\"name\":\"\u842c\u99ff\u570b\u969b\u6709\u9650\u516c\u53f8\",\"url\":\"https:\/\/geckohaha.com\/es\/\",\"logo\":{\"@type\":\"ImageObject\",\"inLanguage\":\"es\",\"@id\":\"https:\/\/geckohaha.com\/es\/#\/schema\/logo\/image\/\",\"url\":\"http:\/\/geckohaha.com\/wp-content\/uploads\/2021\/12\/cropped-site_logo.png\",\"contentUrl\":\"http:\/\/geckohaha.com\/wp-content\/uploads\/2021\/12\/cropped-site_logo.png\",\"width\":512,\"height\":512,\"caption\":\"\u842c\u99ff\u570b\u969b\u6709\u9650\u516c\u53f8\"},\"image\":{\"@id\":\"https:\/\/geckohaha.com\/es\/#\/schema\/logo\/image\/\"}}]}<\/script>\n<!-- \/ Yoast SEO plugin. -->","yoast_head_json":{"title":"Estante mini para cepillo de dientes y pasta dental de acr\u00edlico sin perforaciones\u2502ONENICE","description":"Optimiza el espacio de tu lavabo con el estante mini para cepillo de dientes de acr\u00edlico sin perforaciones. Este estante mini para pasta dental de acr\u00edlico sin perforaciones ofrece un almacenamiento ordenado.","robots":{"index":"index","follow":"follow","max-snippet":"max-snippet:-1","max-image-preview":"max-image-preview:large","max-video-preview":"max-video-preview:-1"},"canonical":"https:\/\/geckohaha.com\/es\/producto\/estante-mini-para-cepillo-de-dientes-y-pasta-dental-de-acrilico-sin-perforaciones\/","og_locale":"es_ES","og_type":"article","og_title":"Estante mini para cepillo de dientes y pasta dental de acr\u00edlico sin perforaciones\u2502ONENICE","og_description":"Optimiza el espacio de tu lavabo con el estante mini para cepillo de dientes de acr\u00edlico sin perforaciones. Este estante mini para pasta dental de acr\u00edlico sin perforaciones ofrece un almacenamiento ordenado.","og_url":"https:\/\/geckohaha.com\/es\/producto\/estante-mini-para-cepillo-de-dientes-y-pasta-dental-de-acrilico-sin-perforaciones\/","og_site_name":"Onenice Internaional Co., Ltd.","article_modified_time":"2024-04-26T06:38:01+00:00","og_image":[{"width":700,"height":700,"url":"https:\/\/geckohaha.com\/wp-content\/uploads\/geckohaha-wall-mounted-acrylic-toothbrush-holder-1.jpg","type":"image\/jpeg"}],"twitter_card":"summary_large_image","schema":{"@context":"https:\/\/schema.org","@graph":[{"@type":"WebPage","@id":"https:\/\/geckohaha.com\/es\/producto\/estante-mini-para-cepillo-de-dientes-y-pasta-dental-de-acrilico-sin-perforaciones\/","url":"https:\/\/geckohaha.com\/es\/producto\/estante-mini-para-cepillo-de-dientes-y-pasta-dental-de-acrilico-sin-perforaciones\/","name":"Estante mini para cepillo de dientes y pasta dental de acr\u00edlico sin perforaciones\u2502ONENICE","isPartOf":{"@id":"https:\/\/geckohaha.com\/es\/#website"},"primaryImageOfPage":{"@id":"https:\/\/geckohaha.com\/es\/producto\/estante-mini-para-cepillo-de-dientes-y-pasta-dental-de-acrilico-sin-perforaciones\/#primaryimage"},"image":{"@id":"https:\/\/geckohaha.com\/es\/producto\/estante-mini-para-cepillo-de-dientes-y-pasta-dental-de-acrilico-sin-perforaciones\/#primaryimage"},"thumbnailUrl":"https:\/\/geckohaha.com\/wp-content\/uploads\/geckohaha-wall-mounted-acrylic-toothbrush-holder-1.jpg","datePublished":"2022-11-10T04:01:55+00:00","dateModified":"2024-04-26T06:38:01+00:00","description":"Optimiza el espacio de tu lavabo con el estante mini para cepillo de dientes de acr\u00edlico sin perforaciones. Este estante mini para pasta dental de acr\u00edlico sin perforaciones ofrece un almacenamiento ordenado.","breadcrumb":{"@id":"https:\/\/geckohaha.com\/es\/producto\/estante-mini-para-cepillo-de-dientes-y-pasta-dental-de-acrilico-sin-perforaciones\/#breadcrumb"},"inLanguage":"es","potentialAction":[{"@type":"ReadAction","target":["https:\/\/geckohaha.com\/es\/producto\/estante-mini-para-cepillo-de-dientes-y-pasta-dental-de-acrilico-sin-perforaciones\/"]}]},{"@type":"ImageObject","inLanguage":"es","@id":"https:\/\/geckohaha.com\/es\/producto\/estante-mini-para-cepillo-de-dientes-y-pasta-dental-de-acrilico-sin-perforaciones\/#primaryimage","url":"https:\/\/geckohaha.com\/wp-content\/uploads\/geckohaha-wall-mounted-acrylic-toothbrush-holder-1.jpg","contentUrl":"https:\/\/geckohaha.com\/wp-content\/uploads\/geckohaha-wall-mounted-acrylic-toothbrush-holder-1.jpg","width":700,"height":700},{"@type":"BreadcrumbList","@id":"https:\/\/geckohaha.com\/es\/producto\/estante-mini-para-cepillo-de-dientes-y-pasta-dental-de-acrilico-sin-perforaciones\/#breadcrumb","itemListElement":[{"@type":"ListItem","position":1,"name":"INICIO","item":"https:\/\/geckohaha.com\/es\/"},{"@type":"ListItem","position":2,"name":"Productos","item":"https:\/\/geckohaha.com\/products\/"},{"@type":"ListItem","position":3,"name":"Sin taladro\/ganchos autoadhesivos reutilizables para paredes","item":"https:\/\/geckohaha.com\/es\/categoria-producto\/no-drill-reusable-self-adhesive-hooks-for-walls\/"},{"@type":"ListItem","position":4,"name":"Ganchos Adhesivos - Serie de Pl\u00e1stico","item":"https:\/\/geckohaha.com\/es\/categoria-producto\/no-drill-reusable-self-adhesive-hooks-for-walls\/ganchos-adhesivos-serie-de-plastico\/"},{"@type":"ListItem","position":5,"name":"Estante mini para cepillo de dientes y pasta dental de acr\u00edlico sin perforaciones."}]},{"@type":"WebSite","@id":"https:\/\/geckohaha.com\/es\/#website","url":"https:\/\/geckohaha.com\/es\/","name":"Onenice Internaional Co., Ltd.","description":"Free your idea, Enrich your life","publisher":{"@id":"https:\/\/geckohaha.com\/es\/#organization"},"potentialAction":[{"@type":"SearchAction","target":{"@type":"EntryPoint","urlTemplate":"https:\/\/geckohaha.com\/es\/?s={search_term_string}"},"query-input":{"@type":"PropertyValueSpecification","valueRequired":true,"valueName":"search_term_string"}}],"inLanguage":"es"},{"@type":"Organization","@id":"https:\/\/geckohaha.com\/es\/#organization","name":"\u842c\u99ff\u570b\u969b\u6709\u9650\u516c\u53f8","url":"https:\/\/geckohaha.com\/es\/","logo":{"@type":"ImageObject","inLanguage":"es","@id":"https:\/\/geckohaha.com\/es\/#\/schema\/logo\/image\/","url":"http:\/\/geckohaha.com\/wp-content\/uploads\/2021\/12\/cropped-site_logo.png","contentUrl":"http:\/\/geckohaha.com\/wp-content\/uploads\/2021\/12\/cropped-site_logo.png","width":512,"height":512,"caption":"\u842c\u99ff\u570b\u969b\u6709\u9650\u516c\u53f8"},"image":{"@id":"https:\/\/geckohaha.com\/es\/#\/schema\/logo\/image\/"}}]}},"_links":{"self":[{"href":"https:\/\/geckohaha.com\/es\/wp-json\/wp\/v2\/product\/3065","targetHints":{"allow":["GET"]}}],"collection":[{"href":"https:\/\/geckohaha.com\/es\/wp-json\/wp\/v2\/product"}],"about":[{"href":"https:\/\/geckohaha.com\/es\/wp-json\/wp\/v2\/types\/product"}],"wp:featuredmedia":[{"embeddable":true,"href":"https:\/\/geckohaha.com\/es\/wp-json\/wp\/v2\/media\/3066"}],"wp:attachment":[{"href":"https:\/\/geckohaha.com\/es\/wp-json\/wp\/v2\/media?parent=3065"}],"wp:term":[{"taxonomy":"product_cat","embeddable":true,"href":"https:\/\/geckohaha.com\/es\/wp-json\/wp\/v2\/product_cat?post=3065"},{"taxonomy":"product_tag","embeddable":true,"href":"https:\/\/geckohaha.com\/es\/wp-json\/wp\/v2\/product_tag?post=3065"}],"curies":[{"name":"wp","href":"https:\/\/api.w.org\/{rel}","templated":true}]}}