{"id":3071,"date":"2022-10-27T15:49:01","date_gmt":"2022-10-27T07:49:01","guid":{"rendered":"https:\/\/www.geckohaha.com\/product\/soporte-de-botella-de-gel-de-ducha-montado-en-la-pared-para-el-bano\/"},"modified":"2022-10-27T15:49:01","modified_gmt":"2022-10-27T07:49:01","slug":"soporte-de-botella-de-gel-de-ducha-montado-en-la-pared-para-el-bano","status":"publish","type":"product","link":"https:\/\/geckohaha.com\/es\/producto\/soporte-de-botella-de-gel-de-ducha-montado-en-la-pared-para-el-bano\/","title":{"rendered":"Soporte de botella de gel de ducha montado en la pared para el ba\u00f1o."},"content":{"rendered":"<p>Caracter\u00edsticas del producto<br \/>\n* Apto para superficies lisas y pulidas, como vidrio,<br \/>\nazulejo cer\u00e1mico, superficie met\u00e1lica, espejo, tablero de PVC, acr\u00edlico<br \/>\ntablero, pizarra blanca\u2026etc.<br \/>\n* Reutilizable, lavable con agua<br \/>\n* F\u00e1cil de usar y despegar, no deja residuos despu\u00e9s de la eliminaci\u00f3n<br \/>\n* Impermeable<\/p>\n<p>Material: impresi\u00f3n en PET\/PP<br \/>\nPegamento PU no t\u00f3xico<br \/>\nSoporte de acr\u00edlico<\/p>\n<p>Tama\u00f1o de la etiqueta: 10&#215;10 cm<br \/>\ntama\u00f1o personalizado<\/p>\n<p>Empaque: paquete en bl\u00edster<\/p>\n","protected":false},"excerpt":{"rendered":"<p>Fabricantes profesionales de ganchos reutilizables y m\u00f3viles.<\/p>\n","protected":false},"featured_media":3072,"template":"","meta":{"_acf_changed":false},"product_cat":[115,122],"product_tag":[],"class_list":{"0":"post-3071","1":"product","2":"type-product","3":"status-publish","4":"has-post-thumbnail","6":"product_cat-no-drill-reusable-self-adhesive-hooks-for-walls","7":"product_cat-ganchos-adhesivos-serie-de-plastico","9":"first","10":"instock","11":"shipping-taxable","12":"product-type-simple"},"acf":[],"yoast_head":"<!-- This site is optimized with the Yoast SEO plugin v24.0 - https:\/\/yoast.com\/wordpress\/plugins\/seo\/ -->\n<title>Soporte de botella de gel de ducha montado en la pared para el ba\u00f1o.\u2502ONENICE<\/title>\n<meta name=\"description\" content=\"Mant\u00e9n tu ducha libre de desorden con el soporte de botella de gel de ducha de ONENICE. El soporte de botella de gel de ducha montado en la pared a\u00f1ade gran comodidad.\" \/>\n<meta name=\"robots\" content=\"index, follow, max-snippet:-1, max-image-preview:large, max-video-preview:-1\" \/>\n<link rel=\"canonical\" href=\"https:\/\/geckohaha.com\/es\/producto\/soporte-de-botella-de-gel-de-ducha-montado-en-la-pared-para-el-bano\/\" \/>\n<meta property=\"og:locale\" content=\"es_ES\" \/>\n<meta property=\"og:type\" content=\"article\" \/>\n<meta property=\"og:title\" content=\"Soporte de botella de gel de ducha montado en la pared para el ba\u00f1o.\u2502ONENICE\" \/>\n<meta property=\"og:description\" content=\"Mant\u00e9n tu ducha libre de desorden con el soporte de botella de gel de ducha de ONENICE. El soporte de botella de gel de ducha montado en la pared a\u00f1ade gran comodidad.\" \/>\n<meta property=\"og:url\" content=\"https:\/\/geckohaha.com\/es\/producto\/soporte-de-botella-de-gel-de-ducha-montado-en-la-pared-para-el-bano\/\" \/>\n<meta property=\"og:site_name\" content=\"Onenice Internaional Co., Ltd.\" \/>\n<meta property=\"og:image\" content=\"https:\/\/geckohaha.com\/wp-content\/uploads\/Geckohaha-shampoo-holder\u58d3\u514b\u529b\u6c90\u6d74\u4e73\u67b6\u82f11.jpg\" \/>\n\t<meta property=\"og:image:width\" content=\"700\" \/>\n\t<meta property=\"og:image:height\" content=\"700\" \/>\n\t<meta property=\"og:image:type\" content=\"image\/jpeg\" \/>\n<meta name=\"twitter:card\" content=\"summary_large_image\" \/>\n<script type=\"application\/ld+json\" class=\"yoast-schema-graph\">{\"@context\":\"https:\/\/schema.org\",\"@graph\":[{\"@type\":\"WebPage\",\"@id\":\"https:\/\/geckohaha.com\/es\/producto\/soporte-de-botella-de-gel-de-ducha-montado-en-la-pared-para-el-bano\/\",\"url\":\"https:\/\/geckohaha.com\/es\/producto\/soporte-de-botella-de-gel-de-ducha-montado-en-la-pared-para-el-bano\/\",\"name\":\"Soporte de botella de gel de ducha montado en la pared para el ba\u00f1o.\u2502ONENICE\",\"isPartOf\":{\"@id\":\"https:\/\/geckohaha.com\/es\/#website\"},\"primaryImageOfPage\":{\"@id\":\"https:\/\/geckohaha.com\/es\/producto\/soporte-de-botella-de-gel-de-ducha-montado-en-la-pared-para-el-bano\/#primaryimage\"},\"image\":{\"@id\":\"https:\/\/geckohaha.com\/es\/producto\/soporte-de-botella-de-gel-de-ducha-montado-en-la-pared-para-el-bano\/#primaryimage\"},\"thumbnailUrl\":\"https:\/\/geckohaha.com\/wp-content\/uploads\/Geckohaha-shampoo-holder\u58d3\u514b\u529b\u6c90\u6d74\u4e73\u67b6\u82f11.jpg\",\"datePublished\":\"2022-10-27T07:49:01+00:00\",\"dateModified\":\"2022-10-27T07:49:01+00:00\",\"description\":\"Mant\u00e9n tu ducha libre de desorden con el soporte de botella de gel de ducha de ONENICE. El soporte de botella de gel de ducha montado en la pared a\u00f1ade gran comodidad.\",\"breadcrumb\":{\"@id\":\"https:\/\/geckohaha.com\/es\/producto\/soporte-de-botella-de-gel-de-ducha-montado-en-la-pared-para-el-bano\/#breadcrumb\"},\"inLanguage\":\"es\",\"potentialAction\":[{\"@type\":\"ReadAction\",\"target\":[\"https:\/\/geckohaha.com\/es\/producto\/soporte-de-botella-de-gel-de-ducha-montado-en-la-pared-para-el-bano\/\"]}]},{\"@type\":\"ImageObject\",\"inLanguage\":\"es\",\"@id\":\"https:\/\/geckohaha.com\/es\/producto\/soporte-de-botella-de-gel-de-ducha-montado-en-la-pared-para-el-bano\/#primaryimage\",\"url\":\"https:\/\/geckohaha.com\/wp-content\/uploads\/Geckohaha-shampoo-holder\u58d3\u514b\u529b\u6c90\u6d74\u4e73\u67b6\u82f11.jpg\",\"contentUrl\":\"https:\/\/geckohaha.com\/wp-content\/uploads\/Geckohaha-shampoo-holder\u58d3\u514b\u529b\u6c90\u6d74\u4e73\u67b6\u82f11.jpg\",\"width\":700,\"height\":700},{\"@type\":\"BreadcrumbList\",\"@id\":\"https:\/\/geckohaha.com\/es\/producto\/soporte-de-botella-de-gel-de-ducha-montado-en-la-pared-para-el-bano\/#breadcrumb\",\"itemListElement\":[{\"@type\":\"ListItem\",\"position\":1,\"name\":\"INICIO\",\"item\":\"https:\/\/geckohaha.com\/es\/\"},{\"@type\":\"ListItem\",\"position\":2,\"name\":\"Productos\",\"item\":\"https:\/\/geckohaha.com\/products\/\"},{\"@type\":\"ListItem\",\"position\":3,\"name\":\"Sin taladro\/ganchos autoadhesivos reutilizables para paredes\",\"item\":\"https:\/\/geckohaha.com\/es\/categoria-producto\/no-drill-reusable-self-adhesive-hooks-for-walls\/\"},{\"@type\":\"ListItem\",\"position\":4,\"name\":\"Ganchos Adhesivos - Serie de Pl\u00e1stico\",\"item\":\"https:\/\/geckohaha.com\/es\/categoria-producto\/no-drill-reusable-self-adhesive-hooks-for-walls\/ganchos-adhesivos-serie-de-plastico\/\"},{\"@type\":\"ListItem\",\"position\":5,\"name\":\"Soporte de botella de gel de ducha montado en la pared para el ba\u00f1o.\"}]},{\"@type\":\"WebSite\",\"@id\":\"https:\/\/geckohaha.com\/es\/#website\",\"url\":\"https:\/\/geckohaha.com\/es\/\",\"name\":\"Onenice Internaional Co., Ltd.\",\"description\":\"Free your idea, Enrich your life\",\"publisher\":{\"@id\":\"https:\/\/geckohaha.com\/es\/#organization\"},\"potentialAction\":[{\"@type\":\"SearchAction\",\"target\":{\"@type\":\"EntryPoint\",\"urlTemplate\":\"https:\/\/geckohaha.com\/es\/?s={search_term_string}\"},\"query-input\":{\"@type\":\"PropertyValueSpecification\",\"valueRequired\":true,\"valueName\":\"search_term_string\"}}],\"inLanguage\":\"es\"},{\"@type\":\"Organization\",\"@id\":\"https:\/\/geckohaha.com\/es\/#organization\",\"name\":\"\u842c\u99ff\u570b\u969b\u6709\u9650\u516c\u53f8\",\"url\":\"https:\/\/geckohaha.com\/es\/\",\"logo\":{\"@type\":\"ImageObject\",\"inLanguage\":\"es\",\"@id\":\"https:\/\/geckohaha.com\/es\/#\/schema\/logo\/image\/\",\"url\":\"http:\/\/geckohaha.com\/wp-content\/uploads\/2021\/12\/cropped-site_logo.png\",\"contentUrl\":\"http:\/\/geckohaha.com\/wp-content\/uploads\/2021\/12\/cropped-site_logo.png\",\"width\":512,\"height\":512,\"caption\":\"\u842c\u99ff\u570b\u969b\u6709\u9650\u516c\u53f8\"},\"image\":{\"@id\":\"https:\/\/geckohaha.com\/es\/#\/schema\/logo\/image\/\"}}]}<\/script>\n<!-- \/ Yoast SEO plugin. -->","yoast_head_json":{"title":"Soporte de botella de gel de ducha montado en la pared para el ba\u00f1o.\u2502ONENICE","description":"Mant\u00e9n tu ducha libre de desorden con el soporte de botella de gel de ducha de ONENICE. El soporte de botella de gel de ducha montado en la pared a\u00f1ade gran comodidad.","robots":{"index":"index","follow":"follow","max-snippet":"max-snippet:-1","max-image-preview":"max-image-preview:large","max-video-preview":"max-video-preview:-1"},"canonical":"https:\/\/geckohaha.com\/es\/producto\/soporte-de-botella-de-gel-de-ducha-montado-en-la-pared-para-el-bano\/","og_locale":"es_ES","og_type":"article","og_title":"Soporte de botella de gel de ducha montado en la pared para el ba\u00f1o.\u2502ONENICE","og_description":"Mant\u00e9n tu ducha libre de desorden con el soporte de botella de gel de ducha de ONENICE. El soporte de botella de gel de ducha montado en la pared a\u00f1ade gran comodidad.","og_url":"https:\/\/geckohaha.com\/es\/producto\/soporte-de-botella-de-gel-de-ducha-montado-en-la-pared-para-el-bano\/","og_site_name":"Onenice Internaional Co., Ltd.","og_image":[{"width":700,"height":700,"url":"https:\/\/geckohaha.com\/wp-content\/uploads\/Geckohaha-shampoo-holder\u58d3\u514b\u529b\u6c90\u6d74\u4e73\u67b6\u82f11.jpg","type":"image\/jpeg"}],"twitter_card":"summary_large_image","schema":{"@context":"https:\/\/schema.org","@graph":[{"@type":"WebPage","@id":"https:\/\/geckohaha.com\/es\/producto\/soporte-de-botella-de-gel-de-ducha-montado-en-la-pared-para-el-bano\/","url":"https:\/\/geckohaha.com\/es\/producto\/soporte-de-botella-de-gel-de-ducha-montado-en-la-pared-para-el-bano\/","name":"Soporte de botella de gel de ducha montado en la pared para el ba\u00f1o.\u2502ONENICE","isPartOf":{"@id":"https:\/\/geckohaha.com\/es\/#website"},"primaryImageOfPage":{"@id":"https:\/\/geckohaha.com\/es\/producto\/soporte-de-botella-de-gel-de-ducha-montado-en-la-pared-para-el-bano\/#primaryimage"},"image":{"@id":"https:\/\/geckohaha.com\/es\/producto\/soporte-de-botella-de-gel-de-ducha-montado-en-la-pared-para-el-bano\/#primaryimage"},"thumbnailUrl":"https:\/\/geckohaha.com\/wp-content\/uploads\/Geckohaha-shampoo-holder\u58d3\u514b\u529b\u6c90\u6d74\u4e73\u67b6\u82f11.jpg","datePublished":"2022-10-27T07:49:01+00:00","dateModified":"2022-10-27T07:49:01+00:00","description":"Mant\u00e9n tu ducha libre de desorden con el soporte de botella de gel de ducha de ONENICE. El soporte de botella de gel de ducha montado en la pared a\u00f1ade gran comodidad.","breadcrumb":{"@id":"https:\/\/geckohaha.com\/es\/producto\/soporte-de-botella-de-gel-de-ducha-montado-en-la-pared-para-el-bano\/#breadcrumb"},"inLanguage":"es","potentialAction":[{"@type":"ReadAction","target":["https:\/\/geckohaha.com\/es\/producto\/soporte-de-botella-de-gel-de-ducha-montado-en-la-pared-para-el-bano\/"]}]},{"@type":"ImageObject","inLanguage":"es","@id":"https:\/\/geckohaha.com\/es\/producto\/soporte-de-botella-de-gel-de-ducha-montado-en-la-pared-para-el-bano\/#primaryimage","url":"https:\/\/geckohaha.com\/wp-content\/uploads\/Geckohaha-shampoo-holder\u58d3\u514b\u529b\u6c90\u6d74\u4e73\u67b6\u82f11.jpg","contentUrl":"https:\/\/geckohaha.com\/wp-content\/uploads\/Geckohaha-shampoo-holder\u58d3\u514b\u529b\u6c90\u6d74\u4e73\u67b6\u82f11.jpg","width":700,"height":700},{"@type":"BreadcrumbList","@id":"https:\/\/geckohaha.com\/es\/producto\/soporte-de-botella-de-gel-de-ducha-montado-en-la-pared-para-el-bano\/#breadcrumb","itemListElement":[{"@type":"ListItem","position":1,"name":"INICIO","item":"https:\/\/geckohaha.com\/es\/"},{"@type":"ListItem","position":2,"name":"Productos","item":"https:\/\/geckohaha.com\/products\/"},{"@type":"ListItem","position":3,"name":"Sin taladro\/ganchos autoadhesivos reutilizables para paredes","item":"https:\/\/geckohaha.com\/es\/categoria-producto\/no-drill-reusable-self-adhesive-hooks-for-walls\/"},{"@type":"ListItem","position":4,"name":"Ganchos Adhesivos - Serie de Pl\u00e1stico","item":"https:\/\/geckohaha.com\/es\/categoria-producto\/no-drill-reusable-self-adhesive-hooks-for-walls\/ganchos-adhesivos-serie-de-plastico\/"},{"@type":"ListItem","position":5,"name":"Soporte de botella de gel de ducha montado en la pared para el ba\u00f1o."}]},{"@type":"WebSite","@id":"https:\/\/geckohaha.com\/es\/#website","url":"https:\/\/geckohaha.com\/es\/","name":"Onenice Internaional Co., Ltd.","description":"Free your idea, Enrich your life","publisher":{"@id":"https:\/\/geckohaha.com\/es\/#organization"},"potentialAction":[{"@type":"SearchAction","target":{"@type":"EntryPoint","urlTemplate":"https:\/\/geckohaha.com\/es\/?s={search_term_string}"},"query-input":{"@type":"PropertyValueSpecification","valueRequired":true,"valueName":"search_term_string"}}],"inLanguage":"es"},{"@type":"Organization","@id":"https:\/\/geckohaha.com\/es\/#organization","name":"\u842c\u99ff\u570b\u969b\u6709\u9650\u516c\u53f8","url":"https:\/\/geckohaha.com\/es\/","logo":{"@type":"ImageObject","inLanguage":"es","@id":"https:\/\/geckohaha.com\/es\/#\/schema\/logo\/image\/","url":"http:\/\/geckohaha.com\/wp-content\/uploads\/2021\/12\/cropped-site_logo.png","contentUrl":"http:\/\/geckohaha.com\/wp-content\/uploads\/2021\/12\/cropped-site_logo.png","width":512,"height":512,"caption":"\u842c\u99ff\u570b\u969b\u6709\u9650\u516c\u53f8"},"image":{"@id":"https:\/\/geckohaha.com\/es\/#\/schema\/logo\/image\/"}}]}},"_links":{"self":[{"href":"https:\/\/geckohaha.com\/es\/wp-json\/wp\/v2\/product\/3071","targetHints":{"allow":["GET"]}}],"collection":[{"href":"https:\/\/geckohaha.com\/es\/wp-json\/wp\/v2\/product"}],"about":[{"href":"https:\/\/geckohaha.com\/es\/wp-json\/wp\/v2\/types\/product"}],"wp:featuredmedia":[{"embeddable":true,"href":"https:\/\/geckohaha.com\/es\/wp-json\/wp\/v2\/media\/3072"}],"wp:attachment":[{"href":"https:\/\/geckohaha.com\/es\/wp-json\/wp\/v2\/media?parent=3071"}],"wp:term":[{"taxonomy":"product_cat","embeddable":true,"href":"https:\/\/geckohaha.com\/es\/wp-json\/wp\/v2\/product_cat?post=3071"},{"taxonomy":"product_tag","embeddable":true,"href":"https:\/\/geckohaha.com\/es\/wp-json\/wp\/v2\/product_tag?post=3071"}],"curies":[{"name":"wp","href":"https:\/\/api.w.org\/{rel}","templated":true}]}}