{"id":3099,"date":"2022-11-10T13:45:32","date_gmt":"2022-11-10T05:45:32","guid":{"rendered":"https:\/\/www.geckohaha.com\/product\/porta-jabon-de-acrilico-montado-en-la-pared-plato-de-jabon-para-bano\/"},"modified":"2024-04-26T14:38:00","modified_gmt":"2024-04-26T06:38:00","slug":"porta-jabon-de-acrilico-montado-en-la-pared-plato-de-jabon-para-bano","status":"publish","type":"product","link":"https:\/\/geckohaha.com\/es\/producto\/porta-jabon-de-acrilico-montado-en-la-pared-plato-de-jabon-para-bano\/","title":{"rendered":"Porta jab\u00f3n de acr\u00edlico montado en la pared, plato de jab\u00f3n para ba\u00f1o"},"content":{"rendered":"<p>Caracter\u00edsticas del producto<br \/>\n* Adecuado para superficies lisas y pulidas, como vidrio,<br \/>\nazulejos cer\u00e1micos, superficie met\u00e1lica, espejo, tablero de PVC, tablero de acr\u00edlico,<br \/>\npizarra blanca &#8230; etc.<br \/>\n* Reutilizable, lavable con agua<br \/>\n* F\u00e1cil de usar y despegar, no deja residuos despu\u00e9s de quitarlo<br \/>\n* Impermeable<\/p>\n<p>Material: impresi\u00f3n PET\/PP<br \/>\nPegamento PU no t\u00f3xico<br \/>\nSoporte de acr\u00edlico<\/p>\n<p>Tama\u00f1o de la etiqueta: 10&#215;10 cm<br \/>\nTama\u00f1o personalizado<\/p>\n<p>Empaque: paquete en bl\u00edster<\/p>\n","protected":false},"excerpt":{"rendered":"<p>Reutilizable, lavable, f\u00e1cil de despegar e impermeable.<\/p>\n","protected":false},"featured_media":3100,"template":"","meta":{"_acf_changed":false},"product_cat":[115,122],"product_tag":[],"class_list":{"0":"post-3099","1":"product","2":"type-product","3":"status-publish","4":"has-post-thumbnail","6":"product_cat-no-drill-reusable-self-adhesive-hooks-for-walls","7":"product_cat-ganchos-adhesivos-serie-de-plastico","9":"first","10":"instock","11":"shipping-taxable","12":"product-type-simple"},"acf":[],"yoast_head":"<!-- This site is optimized with the Yoast SEO plugin v24.0 - https:\/\/yoast.com\/wordpress\/plugins\/seo\/ -->\n<title>Porta jab\u00f3n de acr\u00edlico montado en la pared, plato de jab\u00f3n para ba\u00f1o \u2502 ONENICE<\/title>\n<meta name=\"description\" content=\"Eleva tu ba\u00f1o con el porta jab\u00f3n de acr\u00edlico montado en la pared de ONENICE. Este porta jab\u00f3n de acr\u00edlico montado en la pared asegura que el jab\u00f3n est\u00e9 siempre al alcance.\" \/>\n<meta name=\"robots\" content=\"index, follow, max-snippet:-1, max-image-preview:large, max-video-preview:-1\" \/>\n<link rel=\"canonical\" href=\"https:\/\/geckohaha.com\/es\/producto\/porta-jabon-de-acrilico-montado-en-la-pared-plato-de-jabon-para-bano\/\" \/>\n<meta property=\"og:locale\" content=\"es_ES\" \/>\n<meta property=\"og:type\" content=\"article\" \/>\n<meta property=\"og:title\" content=\"Porta jab\u00f3n de acr\u00edlico montado en la pared, plato de jab\u00f3n para ba\u00f1o \u2502 ONENICE\" \/>\n<meta property=\"og:description\" content=\"Eleva tu ba\u00f1o con el porta jab\u00f3n de acr\u00edlico montado en la pared de ONENICE. Este porta jab\u00f3n de acr\u00edlico montado en la pared asegura que el jab\u00f3n est\u00e9 siempre al alcance.\" \/>\n<meta property=\"og:url\" content=\"https:\/\/geckohaha.com\/es\/producto\/porta-jabon-de-acrilico-montado-en-la-pared-plato-de-jabon-para-bano\/\" \/>\n<meta property=\"og:site_name\" content=\"Onenice Internaional Co., Ltd.\" \/>\n<meta property=\"article:modified_time\" content=\"2024-04-26T06:38:00+00:00\" \/>\n<meta property=\"og:image\" content=\"https:\/\/geckohaha.com\/wp-content\/uploads\/onenice-movaable-wall-hang-acrylic-soap-holder-1.jpg\" \/>\n\t<meta property=\"og:image:width\" content=\"700\" \/>\n\t<meta property=\"og:image:height\" content=\"700\" \/>\n\t<meta property=\"og:image:type\" content=\"image\/jpeg\" \/>\n<meta name=\"twitter:card\" content=\"summary_large_image\" \/>\n<script type=\"application\/ld+json\" class=\"yoast-schema-graph\">{\"@context\":\"https:\/\/schema.org\",\"@graph\":[{\"@type\":\"WebPage\",\"@id\":\"https:\/\/geckohaha.com\/es\/producto\/porta-jabon-de-acrilico-montado-en-la-pared-plato-de-jabon-para-bano\/\",\"url\":\"https:\/\/geckohaha.com\/es\/producto\/porta-jabon-de-acrilico-montado-en-la-pared-plato-de-jabon-para-bano\/\",\"name\":\"Porta jab\u00f3n de acr\u00edlico montado en la pared, plato de jab\u00f3n para ba\u00f1o \u2502 ONENICE\",\"isPartOf\":{\"@id\":\"https:\/\/geckohaha.com\/es\/#website\"},\"primaryImageOfPage\":{\"@id\":\"https:\/\/geckohaha.com\/es\/producto\/porta-jabon-de-acrilico-montado-en-la-pared-plato-de-jabon-para-bano\/#primaryimage\"},\"image\":{\"@id\":\"https:\/\/geckohaha.com\/es\/producto\/porta-jabon-de-acrilico-montado-en-la-pared-plato-de-jabon-para-bano\/#primaryimage\"},\"thumbnailUrl\":\"https:\/\/geckohaha.com\/wp-content\/uploads\/onenice-movaable-wall-hang-acrylic-soap-holder-1.jpg\",\"datePublished\":\"2022-11-10T05:45:32+00:00\",\"dateModified\":\"2024-04-26T06:38:00+00:00\",\"description\":\"Eleva tu ba\u00f1o con el porta jab\u00f3n de acr\u00edlico montado en la pared de ONENICE. Este porta jab\u00f3n de acr\u00edlico montado en la pared asegura que el jab\u00f3n est\u00e9 siempre al alcance.\",\"breadcrumb\":{\"@id\":\"https:\/\/geckohaha.com\/es\/producto\/porta-jabon-de-acrilico-montado-en-la-pared-plato-de-jabon-para-bano\/#breadcrumb\"},\"inLanguage\":\"es\",\"potentialAction\":[{\"@type\":\"ReadAction\",\"target\":[\"https:\/\/geckohaha.com\/es\/producto\/porta-jabon-de-acrilico-montado-en-la-pared-plato-de-jabon-para-bano\/\"]}]},{\"@type\":\"ImageObject\",\"inLanguage\":\"es\",\"@id\":\"https:\/\/geckohaha.com\/es\/producto\/porta-jabon-de-acrilico-montado-en-la-pared-plato-de-jabon-para-bano\/#primaryimage\",\"url\":\"https:\/\/geckohaha.com\/wp-content\/uploads\/onenice-movaable-wall-hang-acrylic-soap-holder-1.jpg\",\"contentUrl\":\"https:\/\/geckohaha.com\/wp-content\/uploads\/onenice-movaable-wall-hang-acrylic-soap-holder-1.jpg\",\"width\":700,\"height\":700},{\"@type\":\"BreadcrumbList\",\"@id\":\"https:\/\/geckohaha.com\/es\/producto\/porta-jabon-de-acrilico-montado-en-la-pared-plato-de-jabon-para-bano\/#breadcrumb\",\"itemListElement\":[{\"@type\":\"ListItem\",\"position\":1,\"name\":\"INICIO\",\"item\":\"https:\/\/geckohaha.com\/es\/\"},{\"@type\":\"ListItem\",\"position\":2,\"name\":\"Productos\",\"item\":\"https:\/\/geckohaha.com\/products\/\"},{\"@type\":\"ListItem\",\"position\":3,\"name\":\"Sin taladro\/ganchos autoadhesivos reutilizables para paredes\",\"item\":\"https:\/\/geckohaha.com\/es\/categoria-producto\/no-drill-reusable-self-adhesive-hooks-for-walls\/\"},{\"@type\":\"ListItem\",\"position\":4,\"name\":\"Ganchos Adhesivos - Serie de Pl\u00e1stico\",\"item\":\"https:\/\/geckohaha.com\/es\/categoria-producto\/no-drill-reusable-self-adhesive-hooks-for-walls\/ganchos-adhesivos-serie-de-plastico\/\"},{\"@type\":\"ListItem\",\"position\":5,\"name\":\"Porta jab\u00f3n de acr\u00edlico montado en la pared, plato de jab\u00f3n para ba\u00f1o\"}]},{\"@type\":\"WebSite\",\"@id\":\"https:\/\/geckohaha.com\/es\/#website\",\"url\":\"https:\/\/geckohaha.com\/es\/\",\"name\":\"Onenice Internaional Co., Ltd.\",\"description\":\"Free your idea, Enrich your life\",\"publisher\":{\"@id\":\"https:\/\/geckohaha.com\/es\/#organization\"},\"potentialAction\":[{\"@type\":\"SearchAction\",\"target\":{\"@type\":\"EntryPoint\",\"urlTemplate\":\"https:\/\/geckohaha.com\/es\/?s={search_term_string}\"},\"query-input\":{\"@type\":\"PropertyValueSpecification\",\"valueRequired\":true,\"valueName\":\"search_term_string\"}}],\"inLanguage\":\"es\"},{\"@type\":\"Organization\",\"@id\":\"https:\/\/geckohaha.com\/es\/#organization\",\"name\":\"\u842c\u99ff\u570b\u969b\u6709\u9650\u516c\u53f8\",\"url\":\"https:\/\/geckohaha.com\/es\/\",\"logo\":{\"@type\":\"ImageObject\",\"inLanguage\":\"es\",\"@id\":\"https:\/\/geckohaha.com\/es\/#\/schema\/logo\/image\/\",\"url\":\"http:\/\/geckohaha.com\/wp-content\/uploads\/2021\/12\/cropped-site_logo.png\",\"contentUrl\":\"http:\/\/geckohaha.com\/wp-content\/uploads\/2021\/12\/cropped-site_logo.png\",\"width\":512,\"height\":512,\"caption\":\"\u842c\u99ff\u570b\u969b\u6709\u9650\u516c\u53f8\"},\"image\":{\"@id\":\"https:\/\/geckohaha.com\/es\/#\/schema\/logo\/image\/\"}}]}<\/script>\n<!-- \/ Yoast SEO plugin. -->","yoast_head_json":{"title":"Porta jab\u00f3n de acr\u00edlico montado en la pared, plato de jab\u00f3n para ba\u00f1o \u2502 ONENICE","description":"Eleva tu ba\u00f1o con el porta jab\u00f3n de acr\u00edlico montado en la pared de ONENICE. Este porta jab\u00f3n de acr\u00edlico montado en la pared asegura que el jab\u00f3n est\u00e9 siempre al alcance.","robots":{"index":"index","follow":"follow","max-snippet":"max-snippet:-1","max-image-preview":"max-image-preview:large","max-video-preview":"max-video-preview:-1"},"canonical":"https:\/\/geckohaha.com\/es\/producto\/porta-jabon-de-acrilico-montado-en-la-pared-plato-de-jabon-para-bano\/","og_locale":"es_ES","og_type":"article","og_title":"Porta jab\u00f3n de acr\u00edlico montado en la pared, plato de jab\u00f3n para ba\u00f1o \u2502 ONENICE","og_description":"Eleva tu ba\u00f1o con el porta jab\u00f3n de acr\u00edlico montado en la pared de ONENICE. Este porta jab\u00f3n de acr\u00edlico montado en la pared asegura que el jab\u00f3n est\u00e9 siempre al alcance.","og_url":"https:\/\/geckohaha.com\/es\/producto\/porta-jabon-de-acrilico-montado-en-la-pared-plato-de-jabon-para-bano\/","og_site_name":"Onenice Internaional Co., Ltd.","article_modified_time":"2024-04-26T06:38:00+00:00","og_image":[{"width":700,"height":700,"url":"https:\/\/geckohaha.com\/wp-content\/uploads\/onenice-movaable-wall-hang-acrylic-soap-holder-1.jpg","type":"image\/jpeg"}],"twitter_card":"summary_large_image","schema":{"@context":"https:\/\/schema.org","@graph":[{"@type":"WebPage","@id":"https:\/\/geckohaha.com\/es\/producto\/porta-jabon-de-acrilico-montado-en-la-pared-plato-de-jabon-para-bano\/","url":"https:\/\/geckohaha.com\/es\/producto\/porta-jabon-de-acrilico-montado-en-la-pared-plato-de-jabon-para-bano\/","name":"Porta jab\u00f3n de acr\u00edlico montado en la pared, plato de jab\u00f3n para ba\u00f1o \u2502 ONENICE","isPartOf":{"@id":"https:\/\/geckohaha.com\/es\/#website"},"primaryImageOfPage":{"@id":"https:\/\/geckohaha.com\/es\/producto\/porta-jabon-de-acrilico-montado-en-la-pared-plato-de-jabon-para-bano\/#primaryimage"},"image":{"@id":"https:\/\/geckohaha.com\/es\/producto\/porta-jabon-de-acrilico-montado-en-la-pared-plato-de-jabon-para-bano\/#primaryimage"},"thumbnailUrl":"https:\/\/geckohaha.com\/wp-content\/uploads\/onenice-movaable-wall-hang-acrylic-soap-holder-1.jpg","datePublished":"2022-11-10T05:45:32+00:00","dateModified":"2024-04-26T06:38:00+00:00","description":"Eleva tu ba\u00f1o con el porta jab\u00f3n de acr\u00edlico montado en la pared de ONENICE. Este porta jab\u00f3n de acr\u00edlico montado en la pared asegura que el jab\u00f3n est\u00e9 siempre al alcance.","breadcrumb":{"@id":"https:\/\/geckohaha.com\/es\/producto\/porta-jabon-de-acrilico-montado-en-la-pared-plato-de-jabon-para-bano\/#breadcrumb"},"inLanguage":"es","potentialAction":[{"@type":"ReadAction","target":["https:\/\/geckohaha.com\/es\/producto\/porta-jabon-de-acrilico-montado-en-la-pared-plato-de-jabon-para-bano\/"]}]},{"@type":"ImageObject","inLanguage":"es","@id":"https:\/\/geckohaha.com\/es\/producto\/porta-jabon-de-acrilico-montado-en-la-pared-plato-de-jabon-para-bano\/#primaryimage","url":"https:\/\/geckohaha.com\/wp-content\/uploads\/onenice-movaable-wall-hang-acrylic-soap-holder-1.jpg","contentUrl":"https:\/\/geckohaha.com\/wp-content\/uploads\/onenice-movaable-wall-hang-acrylic-soap-holder-1.jpg","width":700,"height":700},{"@type":"BreadcrumbList","@id":"https:\/\/geckohaha.com\/es\/producto\/porta-jabon-de-acrilico-montado-en-la-pared-plato-de-jabon-para-bano\/#breadcrumb","itemListElement":[{"@type":"ListItem","position":1,"name":"INICIO","item":"https:\/\/geckohaha.com\/es\/"},{"@type":"ListItem","position":2,"name":"Productos","item":"https:\/\/geckohaha.com\/products\/"},{"@type":"ListItem","position":3,"name":"Sin taladro\/ganchos autoadhesivos reutilizables para paredes","item":"https:\/\/geckohaha.com\/es\/categoria-producto\/no-drill-reusable-self-adhesive-hooks-for-walls\/"},{"@type":"ListItem","position":4,"name":"Ganchos Adhesivos - Serie de Pl\u00e1stico","item":"https:\/\/geckohaha.com\/es\/categoria-producto\/no-drill-reusable-self-adhesive-hooks-for-walls\/ganchos-adhesivos-serie-de-plastico\/"},{"@type":"ListItem","position":5,"name":"Porta jab\u00f3n de acr\u00edlico montado en la pared, plato de jab\u00f3n para ba\u00f1o"}]},{"@type":"WebSite","@id":"https:\/\/geckohaha.com\/es\/#website","url":"https:\/\/geckohaha.com\/es\/","name":"Onenice Internaional Co., Ltd.","description":"Free your idea, Enrich your life","publisher":{"@id":"https:\/\/geckohaha.com\/es\/#organization"},"potentialAction":[{"@type":"SearchAction","target":{"@type":"EntryPoint","urlTemplate":"https:\/\/geckohaha.com\/es\/?s={search_term_string}"},"query-input":{"@type":"PropertyValueSpecification","valueRequired":true,"valueName":"search_term_string"}}],"inLanguage":"es"},{"@type":"Organization","@id":"https:\/\/geckohaha.com\/es\/#organization","name":"\u842c\u99ff\u570b\u969b\u6709\u9650\u516c\u53f8","url":"https:\/\/geckohaha.com\/es\/","logo":{"@type":"ImageObject","inLanguage":"es","@id":"https:\/\/geckohaha.com\/es\/#\/schema\/logo\/image\/","url":"http:\/\/geckohaha.com\/wp-content\/uploads\/2021\/12\/cropped-site_logo.png","contentUrl":"http:\/\/geckohaha.com\/wp-content\/uploads\/2021\/12\/cropped-site_logo.png","width":512,"height":512,"caption":"\u842c\u99ff\u570b\u969b\u6709\u9650\u516c\u53f8"},"image":{"@id":"https:\/\/geckohaha.com\/es\/#\/schema\/logo\/image\/"}}]}},"_links":{"self":[{"href":"https:\/\/geckohaha.com\/es\/wp-json\/wp\/v2\/product\/3099","targetHints":{"allow":["GET"]}}],"collection":[{"href":"https:\/\/geckohaha.com\/es\/wp-json\/wp\/v2\/product"}],"about":[{"href":"https:\/\/geckohaha.com\/es\/wp-json\/wp\/v2\/types\/product"}],"wp:featuredmedia":[{"embeddable":true,"href":"https:\/\/geckohaha.com\/es\/wp-json\/wp\/v2\/media\/3100"}],"wp:attachment":[{"href":"https:\/\/geckohaha.com\/es\/wp-json\/wp\/v2\/media?parent=3099"}],"wp:term":[{"taxonomy":"product_cat","embeddable":true,"href":"https:\/\/geckohaha.com\/es\/wp-json\/wp\/v2\/product_cat?post=3099"},{"taxonomy":"product_tag","embeddable":true,"href":"https:\/\/geckohaha.com\/es\/wp-json\/wp\/v2\/product_tag?post=3099"}],"curies":[{"name":"wp","href":"https:\/\/api.w.org\/{rel}","templated":true}]}}