{"id":3111,"date":"2022-04-22T17:29:56","date_gmt":"2022-04-22T09:29:56","guid":{"rendered":"https:\/\/www.geckohaha.com\/product\/onenice-n900-boligrafo-stylus-de-disco-transparente-recubrimiento-de-platino\/"},"modified":"2022-04-22T17:29:56","modified_gmt":"2022-04-22T09:29:56","slug":"onenice-n900-boligrafo-stylus-de-disco-transparente-recubrimiento-de-platino","status":"publish","type":"product","link":"https:\/\/geckohaha.com\/es\/producto\/onenice-n900-boligrafo-stylus-de-disco-transparente-recubrimiento-de-platino\/","title":{"rendered":"ONENICE N900 Bol\u00edgrafo Stylus de Disco Transparente &#8211; Recubrimiento de Platino"},"content":{"rendered":"<h2>Caracter\u00edsticas del producto<\/h2>\n<ul>\n<li>Dise\u00f1o de punta de disco transparente para reducir el \u00e1rea cubierta por la punta del bol\u00edgrafo.<\/li>\n<li>Dise\u00f1ado precisamente para facilitar su portabilidad.<\/li>\n<li>El cuerpo del bol\u00edgrafo adopta un dise\u00f1o plano.<\/li>\n<li>Aumenta el peso, las manos no se cansar\u00e1n despu\u00e9s de un uso prolongado.<\/li>\n<li>Dise\u00f1o plano, no es f\u00e1cil de deslizar.<\/li>\n<li>Adecuado para iPad, iPhone, tel\u00e9fono inteligente Android y tableta.<\/li>\n<\/ul>\n<h2><strong>Especificaciones<\/strong><\/h2>\n<ul>\n<li><span style=\"font-weight: 400;\">Tama\u00f1o: 155&#215;8.9mm<\/span><\/li>\n<li><span style=\"font-weight: 400;\">Peso: Alrededor de 24g<\/span><\/li>\n<li><span style=\"font-weight: 400;\">1 puntas de disco de repuesto<\/span><\/li>\n<\/ul>\n","protected":false},"excerpt":{"rendered":"<p>Caracter\u00edsticas del producto Dise\u00f1o de punta de disco transparente para reducir el \u00e1rea cubierta por la punta del bol\u00edgrafo. Dise\u00f1ado<\/p>\n","protected":false},"featured_media":3112,"template":"","meta":{"_acf_changed":false},"product_cat":[124],"product_tag":[],"class_list":{"0":"post-3111","1":"product","2":"type-product","3":"status-publish","4":"has-post-thumbnail","6":"product_cat-boligrafo-stylus-de-disco-transparente","8":"first","9":"instock","10":"shipping-taxable","11":"product-type-simple"},"acf":[],"yoast_head":"<!-- This site is optimized with the Yoast SEO plugin v24.0 - https:\/\/yoast.com\/wordpress\/plugins\/seo\/ -->\n<title>ONENICE N900 Bol\u00edgrafo Stylus de Disco Transparente - Recubrimiento de Platino &#8211; Onenice Internaional Co., Ltd.<\/title>\n<meta name=\"description\" content=\"Caracter\u00edsticas del producto Dise\u00f1o de punta de disco transparente para reducir el \u00e1rea cubierta por la punta del bol\u00edgrafo. Dise\u00f1ado precisamente para\" \/>\n<meta name=\"robots\" content=\"index, follow, max-snippet:-1, max-image-preview:large, max-video-preview:-1\" \/>\n<link rel=\"canonical\" href=\"https:\/\/geckohaha.com\/es\/producto\/onenice-n900-boligrafo-stylus-de-disco-transparente-recubrimiento-de-platino\/\" \/>\n<meta property=\"og:locale\" content=\"es_ES\" \/>\n<meta property=\"og:type\" content=\"article\" \/>\n<meta property=\"og:title\" content=\"ONENICE N900 Bol\u00edgrafo Stylus de Disco Transparente - Recubrimiento de Platino &#8211; Onenice Internaional Co., Ltd.\" \/>\n<meta property=\"og:description\" content=\"Caracter\u00edsticas del producto Dise\u00f1o de punta de disco transparente para reducir el \u00e1rea cubierta por la punta del bol\u00edgrafo. Dise\u00f1ado precisamente para\" \/>\n<meta property=\"og:url\" content=\"https:\/\/geckohaha.com\/es\/producto\/onenice-n900-boligrafo-stylus-de-disco-transparente-recubrimiento-de-platino\/\" \/>\n<meta property=\"og:site_name\" content=\"Onenice Internaional Co., Ltd.\" \/>\n<meta property=\"og:image\" content=\"https:\/\/geckohaha.com\/wp-content\/uploads\/2021\/12\/01-main-\u767d\u91d10415-scaled.jpg\" \/>\n\t<meta property=\"og:image:width\" content=\"2560\" \/>\n\t<meta property=\"og:image:height\" content=\"2560\" \/>\n\t<meta property=\"og:image:type\" content=\"image\/jpeg\" \/>\n<meta name=\"twitter:card\" content=\"summary_large_image\" \/>\n<script type=\"application\/ld+json\" class=\"yoast-schema-graph\">{\"@context\":\"https:\/\/schema.org\",\"@graph\":[{\"@type\":\"WebPage\",\"@id\":\"https:\/\/geckohaha.com\/es\/producto\/onenice-n900-boligrafo-stylus-de-disco-transparente-recubrimiento-de-platino\/\",\"url\":\"https:\/\/geckohaha.com\/es\/producto\/onenice-n900-boligrafo-stylus-de-disco-transparente-recubrimiento-de-platino\/\",\"name\":\"ONENICE N900 Bol\u00edgrafo Stylus de Disco Transparente - Recubrimiento de Platino &#8211; Onenice Internaional Co., Ltd.\",\"isPartOf\":{\"@id\":\"https:\/\/geckohaha.com\/es\/#website\"},\"primaryImageOfPage\":{\"@id\":\"https:\/\/geckohaha.com\/es\/producto\/onenice-n900-boligrafo-stylus-de-disco-transparente-recubrimiento-de-platino\/#primaryimage\"},\"image\":{\"@id\":\"https:\/\/geckohaha.com\/es\/producto\/onenice-n900-boligrafo-stylus-de-disco-transparente-recubrimiento-de-platino\/#primaryimage\"},\"thumbnailUrl\":\"https:\/\/geckohaha.com\/wp-content\/uploads\/2021\/12\/01-main-\u767d\u91d10415-scaled.jpg\",\"datePublished\":\"2022-04-22T09:29:56+00:00\",\"dateModified\":\"2022-04-22T09:29:56+00:00\",\"description\":\"Caracter\u00edsticas del producto Dise\u00f1o de punta de disco transparente para reducir el \u00e1rea cubierta por la punta del bol\u00edgrafo. Dise\u00f1ado precisamente para\",\"breadcrumb\":{\"@id\":\"https:\/\/geckohaha.com\/es\/producto\/onenice-n900-boligrafo-stylus-de-disco-transparente-recubrimiento-de-platino\/#breadcrumb\"},\"inLanguage\":\"es\",\"potentialAction\":[{\"@type\":\"ReadAction\",\"target\":[\"https:\/\/geckohaha.com\/es\/producto\/onenice-n900-boligrafo-stylus-de-disco-transparente-recubrimiento-de-platino\/\"]}]},{\"@type\":\"ImageObject\",\"inLanguage\":\"es\",\"@id\":\"https:\/\/geckohaha.com\/es\/producto\/onenice-n900-boligrafo-stylus-de-disco-transparente-recubrimiento-de-platino\/#primaryimage\",\"url\":\"https:\/\/geckohaha.com\/wp-content\/uploads\/2021\/12\/01-main-\u767d\u91d10415-scaled.jpg\",\"contentUrl\":\"https:\/\/geckohaha.com\/wp-content\/uploads\/2021\/12\/01-main-\u767d\u91d10415-scaled.jpg\",\"width\":2560,\"height\":2560},{\"@type\":\"BreadcrumbList\",\"@id\":\"https:\/\/geckohaha.com\/es\/producto\/onenice-n900-boligrafo-stylus-de-disco-transparente-recubrimiento-de-platino\/#breadcrumb\",\"itemListElement\":[{\"@type\":\"ListItem\",\"position\":1,\"name\":\"INICIO\",\"item\":\"https:\/\/geckohaha.com\/es\/\"},{\"@type\":\"ListItem\",\"position\":2,\"name\":\"Productos\",\"item\":\"https:\/\/geckohaha.com\/products\/\"},{\"@type\":\"ListItem\",\"position\":3,\"name\":\"Bol\u00edgrafo Stylus de Disco Transparente\",\"item\":\"https:\/\/geckohaha.com\/es\/categoria-producto\/boligrafo-stylus-de-disco-transparente\/\"},{\"@type\":\"ListItem\",\"position\":4,\"name\":\"ONENICE N900 Bol\u00edgrafo Stylus de Disco Transparente &#8211; Recubrimiento de Platino\"}]},{\"@type\":\"WebSite\",\"@id\":\"https:\/\/geckohaha.com\/es\/#website\",\"url\":\"https:\/\/geckohaha.com\/es\/\",\"name\":\"Onenice Internaional Co., Ltd.\",\"description\":\"Free your idea, Enrich your life\",\"publisher\":{\"@id\":\"https:\/\/geckohaha.com\/es\/#organization\"},\"potentialAction\":[{\"@type\":\"SearchAction\",\"target\":{\"@type\":\"EntryPoint\",\"urlTemplate\":\"https:\/\/geckohaha.com\/es\/?s={search_term_string}\"},\"query-input\":{\"@type\":\"PropertyValueSpecification\",\"valueRequired\":true,\"valueName\":\"search_term_string\"}}],\"inLanguage\":\"es\"},{\"@type\":\"Organization\",\"@id\":\"https:\/\/geckohaha.com\/es\/#organization\",\"name\":\"\u842c\u99ff\u570b\u969b\u6709\u9650\u516c\u53f8\",\"url\":\"https:\/\/geckohaha.com\/es\/\",\"logo\":{\"@type\":\"ImageObject\",\"inLanguage\":\"es\",\"@id\":\"https:\/\/geckohaha.com\/es\/#\/schema\/logo\/image\/\",\"url\":\"http:\/\/geckohaha.com\/wp-content\/uploads\/2021\/12\/cropped-site_logo.png\",\"contentUrl\":\"http:\/\/geckohaha.com\/wp-content\/uploads\/2021\/12\/cropped-site_logo.png\",\"width\":512,\"height\":512,\"caption\":\"\u842c\u99ff\u570b\u969b\u6709\u9650\u516c\u53f8\"},\"image\":{\"@id\":\"https:\/\/geckohaha.com\/es\/#\/schema\/logo\/image\/\"}}]}<\/script>\n<!-- \/ Yoast SEO plugin. -->","yoast_head_json":{"title":"ONENICE N900 Bol\u00edgrafo Stylus de Disco Transparente - Recubrimiento de Platino &#8211; Onenice Internaional Co., Ltd.","description":"Caracter\u00edsticas del producto Dise\u00f1o de punta de disco transparente para reducir el \u00e1rea cubierta por la punta del bol\u00edgrafo. Dise\u00f1ado precisamente para","robots":{"index":"index","follow":"follow","max-snippet":"max-snippet:-1","max-image-preview":"max-image-preview:large","max-video-preview":"max-video-preview:-1"},"canonical":"https:\/\/geckohaha.com\/es\/producto\/onenice-n900-boligrafo-stylus-de-disco-transparente-recubrimiento-de-platino\/","og_locale":"es_ES","og_type":"article","og_title":"ONENICE N900 Bol\u00edgrafo Stylus de Disco Transparente - Recubrimiento de Platino &#8211; Onenice Internaional Co., Ltd.","og_description":"Caracter\u00edsticas del producto Dise\u00f1o de punta de disco transparente para reducir el \u00e1rea cubierta por la punta del bol\u00edgrafo. Dise\u00f1ado precisamente para","og_url":"https:\/\/geckohaha.com\/es\/producto\/onenice-n900-boligrafo-stylus-de-disco-transparente-recubrimiento-de-platino\/","og_site_name":"Onenice Internaional Co., Ltd.","og_image":[{"width":2560,"height":2560,"url":"https:\/\/geckohaha.com\/wp-content\/uploads\/2021\/12\/01-main-\u767d\u91d10415-scaled.jpg","type":"image\/jpeg"}],"twitter_card":"summary_large_image","schema":{"@context":"https:\/\/schema.org","@graph":[{"@type":"WebPage","@id":"https:\/\/geckohaha.com\/es\/producto\/onenice-n900-boligrafo-stylus-de-disco-transparente-recubrimiento-de-platino\/","url":"https:\/\/geckohaha.com\/es\/producto\/onenice-n900-boligrafo-stylus-de-disco-transparente-recubrimiento-de-platino\/","name":"ONENICE N900 Bol\u00edgrafo Stylus de Disco Transparente - Recubrimiento de Platino &#8211; Onenice Internaional Co., Ltd.","isPartOf":{"@id":"https:\/\/geckohaha.com\/es\/#website"},"primaryImageOfPage":{"@id":"https:\/\/geckohaha.com\/es\/producto\/onenice-n900-boligrafo-stylus-de-disco-transparente-recubrimiento-de-platino\/#primaryimage"},"image":{"@id":"https:\/\/geckohaha.com\/es\/producto\/onenice-n900-boligrafo-stylus-de-disco-transparente-recubrimiento-de-platino\/#primaryimage"},"thumbnailUrl":"https:\/\/geckohaha.com\/wp-content\/uploads\/2021\/12\/01-main-\u767d\u91d10415-scaled.jpg","datePublished":"2022-04-22T09:29:56+00:00","dateModified":"2022-04-22T09:29:56+00:00","description":"Caracter\u00edsticas del producto Dise\u00f1o de punta de disco transparente para reducir el \u00e1rea cubierta por la punta del bol\u00edgrafo. Dise\u00f1ado precisamente para","breadcrumb":{"@id":"https:\/\/geckohaha.com\/es\/producto\/onenice-n900-boligrafo-stylus-de-disco-transparente-recubrimiento-de-platino\/#breadcrumb"},"inLanguage":"es","potentialAction":[{"@type":"ReadAction","target":["https:\/\/geckohaha.com\/es\/producto\/onenice-n900-boligrafo-stylus-de-disco-transparente-recubrimiento-de-platino\/"]}]},{"@type":"ImageObject","inLanguage":"es","@id":"https:\/\/geckohaha.com\/es\/producto\/onenice-n900-boligrafo-stylus-de-disco-transparente-recubrimiento-de-platino\/#primaryimage","url":"https:\/\/geckohaha.com\/wp-content\/uploads\/2021\/12\/01-main-\u767d\u91d10415-scaled.jpg","contentUrl":"https:\/\/geckohaha.com\/wp-content\/uploads\/2021\/12\/01-main-\u767d\u91d10415-scaled.jpg","width":2560,"height":2560},{"@type":"BreadcrumbList","@id":"https:\/\/geckohaha.com\/es\/producto\/onenice-n900-boligrafo-stylus-de-disco-transparente-recubrimiento-de-platino\/#breadcrumb","itemListElement":[{"@type":"ListItem","position":1,"name":"INICIO","item":"https:\/\/geckohaha.com\/es\/"},{"@type":"ListItem","position":2,"name":"Productos","item":"https:\/\/geckohaha.com\/products\/"},{"@type":"ListItem","position":3,"name":"Bol\u00edgrafo Stylus de Disco Transparente","item":"https:\/\/geckohaha.com\/es\/categoria-producto\/boligrafo-stylus-de-disco-transparente\/"},{"@type":"ListItem","position":4,"name":"ONENICE N900 Bol\u00edgrafo Stylus de Disco Transparente &#8211; Recubrimiento de Platino"}]},{"@type":"WebSite","@id":"https:\/\/geckohaha.com\/es\/#website","url":"https:\/\/geckohaha.com\/es\/","name":"Onenice Internaional Co., Ltd.","description":"Free your idea, Enrich your life","publisher":{"@id":"https:\/\/geckohaha.com\/es\/#organization"},"potentialAction":[{"@type":"SearchAction","target":{"@type":"EntryPoint","urlTemplate":"https:\/\/geckohaha.com\/es\/?s={search_term_string}"},"query-input":{"@type":"PropertyValueSpecification","valueRequired":true,"valueName":"search_term_string"}}],"inLanguage":"es"},{"@type":"Organization","@id":"https:\/\/geckohaha.com\/es\/#organization","name":"\u842c\u99ff\u570b\u969b\u6709\u9650\u516c\u53f8","url":"https:\/\/geckohaha.com\/es\/","logo":{"@type":"ImageObject","inLanguage":"es","@id":"https:\/\/geckohaha.com\/es\/#\/schema\/logo\/image\/","url":"http:\/\/geckohaha.com\/wp-content\/uploads\/2021\/12\/cropped-site_logo.png","contentUrl":"http:\/\/geckohaha.com\/wp-content\/uploads\/2021\/12\/cropped-site_logo.png","width":512,"height":512,"caption":"\u842c\u99ff\u570b\u969b\u6709\u9650\u516c\u53f8"},"image":{"@id":"https:\/\/geckohaha.com\/es\/#\/schema\/logo\/image\/"}}]}},"_links":{"self":[{"href":"https:\/\/geckohaha.com\/es\/wp-json\/wp\/v2\/product\/3111","targetHints":{"allow":["GET"]}}],"collection":[{"href":"https:\/\/geckohaha.com\/es\/wp-json\/wp\/v2\/product"}],"about":[{"href":"https:\/\/geckohaha.com\/es\/wp-json\/wp\/v2\/types\/product"}],"wp:featuredmedia":[{"embeddable":true,"href":"https:\/\/geckohaha.com\/es\/wp-json\/wp\/v2\/media\/3112"}],"wp:attachment":[{"href":"https:\/\/geckohaha.com\/es\/wp-json\/wp\/v2\/media?parent=3111"}],"wp:term":[{"taxonomy":"product_cat","embeddable":true,"href":"https:\/\/geckohaha.com\/es\/wp-json\/wp\/v2\/product_cat?post=3111"},{"taxonomy":"product_tag","embeddable":true,"href":"https:\/\/geckohaha.com\/es\/wp-json\/wp\/v2\/product_tag?post=3111"}],"curies":[{"name":"wp","href":"https:\/\/api.w.org\/{rel}","templated":true}]}}