{"id":3129,"date":"2022-04-07T14:14:07","date_gmt":"2022-04-07T06:14:07","guid":{"rendered":"https:\/\/www.geckohaha.com\/product\/caja-de-almuerzo-para-llevar-biodegradable-de-espuma-pla\/"},"modified":"2022-04-07T14:14:07","modified_gmt":"2022-04-07T06:14:07","slug":"caja-de-almuerzo-para-llevar-biodegradable-de-espuma-pla","status":"publish","type":"product","link":"https:\/\/geckohaha.com\/es\/producto\/caja-de-almuerzo-para-llevar-biodegradable-de-espuma-pla\/","title":{"rendered":"Caja de almuerzo para llevar biodegradable de espuma PLA"},"content":{"rendered":"<p>La caja de almuerzo est\u00e1 hecha de almid\u00f3n de ma\u00edz, que es un recurso biodegradable y completamente compostable.<\/p>\n<p>Sostenible y Renovable: Nuestros productos son biodegradables y compostables, son ecol\u00f3gicos y se descompondr\u00e1n en compost seguro y utilizable.<\/p>\n<p>No T\u00f3xico y Amigable con el Medio Ambiente: No utilizamos productos qu\u00edmicos t\u00f3xicos o petr\u00f3leo para procesar nuestros productos, de modo que el compost sea respetuoso con el medio ambiente.<\/p>\n<p>Lugares y Caracter\u00edsticas Aplicables:<\/p>\n<p>Los contenedores de comida para llevar biodegradables de almid\u00f3n de ma\u00edz se utilizan en el empaque para la exhibici\u00f3n en supermercados y el transporte de alimentos crudos, por ejemplo, frutas y verduras frescas, hamburguesas, pizza, postres, s\u00e1ndwiches, ensaladas, pan, comida r\u00e1pida y diversos alimentos cocinados.<\/p>\n<p>Perfecto para alimentos calientes y fr\u00edos para llevar, resistente al agua y a la grasa.<\/p>\n","protected":false},"excerpt":{"rendered":"<p>La caja de almuerzo est\u00e1 hecha de almid\u00f3n de ma\u00edz, que es un recurso biodegradable y completamente compostable.<\/p>\n","protected":false},"featured_media":3130,"template":"","meta":{"_acf_changed":false},"product_cat":[125,127],"product_tag":[],"class_list":{"0":"post-3129","1":"product","2":"type-product","3":"status-publish","4":"has-post-thumbnail","6":"product_cat-recipientes-y-vajilla-alimentaria-biodegradables-de-pla","7":"product_cat-recipientes-de-comida-de-espuma-pla","9":"first","10":"instock","11":"shipping-taxable","12":"product-type-simple"},"acf":[],"yoast_head":"<!-- This site is optimized with the Yoast SEO plugin v24.0 - https:\/\/yoast.com\/wordpress\/plugins\/seo\/ -->\n<title>Caja de almuerzo para llevar biodegradable de espuma PLA, contenedor\u2502ONENICE<\/title>\n<meta name=\"description\" content=\"La caja de almuerzo para llevar de espuma PLA de ONENICE, ecol\u00f3gica y compostable. Caja de almuerzo para llevar de espuma PLA hecha de almid\u00f3n de ma\u00edz para opciones de comida sostenible.\" \/>\n<meta name=\"robots\" content=\"index, follow, max-snippet:-1, max-image-preview:large, max-video-preview:-1\" \/>\n<link rel=\"canonical\" href=\"https:\/\/geckohaha.com\/es\/producto\/caja-de-almuerzo-para-llevar-biodegradable-de-espuma-pla\/\" \/>\n<meta property=\"og:locale\" content=\"es_ES\" \/>\n<meta property=\"og:type\" content=\"article\" \/>\n<meta property=\"og:title\" content=\"Caja de almuerzo para llevar biodegradable de espuma PLA, contenedor\u2502ONENICE\" \/>\n<meta property=\"og:description\" content=\"La caja de almuerzo para llevar de espuma PLA de ONENICE, ecol\u00f3gica y compostable. Caja de almuerzo para llevar de espuma PLA hecha de almid\u00f3n de ma\u00edz para opciones de comida sostenible.\" \/>\n<meta property=\"og:url\" content=\"https:\/\/geckohaha.com\/es\/producto\/caja-de-almuerzo-para-llevar-biodegradable-de-espuma-pla\/\" \/>\n<meta property=\"og:site_name\" content=\"Onenice Internaional Co., Ltd.\" \/>\n<meta property=\"og:image\" content=\"https:\/\/geckohaha.com\/wp-content\/uploads\/2022\/04\/lunch-box-scaled.jpg\" \/>\n\t<meta property=\"og:image:width\" content=\"2560\" \/>\n\t<meta property=\"og:image:height\" content=\"1920\" \/>\n\t<meta property=\"og:image:type\" content=\"image\/jpeg\" \/>\n<meta name=\"twitter:card\" content=\"summary_large_image\" \/>\n<script type=\"application\/ld+json\" class=\"yoast-schema-graph\">{\"@context\":\"https:\/\/schema.org\",\"@graph\":[{\"@type\":\"WebPage\",\"@id\":\"https:\/\/geckohaha.com\/es\/producto\/caja-de-almuerzo-para-llevar-biodegradable-de-espuma-pla\/\",\"url\":\"https:\/\/geckohaha.com\/es\/producto\/caja-de-almuerzo-para-llevar-biodegradable-de-espuma-pla\/\",\"name\":\"Caja de almuerzo para llevar biodegradable de espuma PLA, contenedor\u2502ONENICE\",\"isPartOf\":{\"@id\":\"https:\/\/geckohaha.com\/es\/#website\"},\"primaryImageOfPage\":{\"@id\":\"https:\/\/geckohaha.com\/es\/producto\/caja-de-almuerzo-para-llevar-biodegradable-de-espuma-pla\/#primaryimage\"},\"image\":{\"@id\":\"https:\/\/geckohaha.com\/es\/producto\/caja-de-almuerzo-para-llevar-biodegradable-de-espuma-pla\/#primaryimage\"},\"thumbnailUrl\":\"https:\/\/geckohaha.com\/wp-content\/uploads\/2022\/04\/lunch-box-scaled.jpg\",\"datePublished\":\"2022-04-07T06:14:07+00:00\",\"dateModified\":\"2022-04-07T06:14:07+00:00\",\"description\":\"La caja de almuerzo para llevar de espuma PLA de ONENICE, ecol\u00f3gica y compostable. Caja de almuerzo para llevar de espuma PLA hecha de almid\u00f3n de ma\u00edz para opciones de comida sostenible.\",\"breadcrumb\":{\"@id\":\"https:\/\/geckohaha.com\/es\/producto\/caja-de-almuerzo-para-llevar-biodegradable-de-espuma-pla\/#breadcrumb\"},\"inLanguage\":\"es\",\"potentialAction\":[{\"@type\":\"ReadAction\",\"target\":[\"https:\/\/geckohaha.com\/es\/producto\/caja-de-almuerzo-para-llevar-biodegradable-de-espuma-pla\/\"]}]},{\"@type\":\"ImageObject\",\"inLanguage\":\"es\",\"@id\":\"https:\/\/geckohaha.com\/es\/producto\/caja-de-almuerzo-para-llevar-biodegradable-de-espuma-pla\/#primaryimage\",\"url\":\"https:\/\/geckohaha.com\/wp-content\/uploads\/2022\/04\/lunch-box-scaled.jpg\",\"contentUrl\":\"https:\/\/geckohaha.com\/wp-content\/uploads\/2022\/04\/lunch-box-scaled.jpg\",\"width\":2560,\"height\":1920},{\"@type\":\"BreadcrumbList\",\"@id\":\"https:\/\/geckohaha.com\/es\/producto\/caja-de-almuerzo-para-llevar-biodegradable-de-espuma-pla\/#breadcrumb\",\"itemListElement\":[{\"@type\":\"ListItem\",\"position\":1,\"name\":\"INICIO\",\"item\":\"https:\/\/geckohaha.com\/es\/\"},{\"@type\":\"ListItem\",\"position\":2,\"name\":\"Productos\",\"item\":\"https:\/\/geckohaha.com\/products\/\"},{\"@type\":\"ListItem\",\"position\":3,\"name\":\"Recipientes y vajilla alimentaria biodegradables de PLA\",\"item\":\"https:\/\/geckohaha.com\/es\/categoria-producto\/recipientes-y-vajilla-alimentaria-biodegradables-de-pla\/\"},{\"@type\":\"ListItem\",\"position\":4,\"name\":\"Caja de almuerzo para llevar biodegradable de espuma PLA\"}]},{\"@type\":\"WebSite\",\"@id\":\"https:\/\/geckohaha.com\/es\/#website\",\"url\":\"https:\/\/geckohaha.com\/es\/\",\"name\":\"Onenice Internaional Co., Ltd.\",\"description\":\"Free your idea, Enrich your life\",\"publisher\":{\"@id\":\"https:\/\/geckohaha.com\/es\/#organization\"},\"potentialAction\":[{\"@type\":\"SearchAction\",\"target\":{\"@type\":\"EntryPoint\",\"urlTemplate\":\"https:\/\/geckohaha.com\/es\/?s={search_term_string}\"},\"query-input\":{\"@type\":\"PropertyValueSpecification\",\"valueRequired\":true,\"valueName\":\"search_term_string\"}}],\"inLanguage\":\"es\"},{\"@type\":\"Organization\",\"@id\":\"https:\/\/geckohaha.com\/es\/#organization\",\"name\":\"\u842c\u99ff\u570b\u969b\u6709\u9650\u516c\u53f8\",\"url\":\"https:\/\/geckohaha.com\/es\/\",\"logo\":{\"@type\":\"ImageObject\",\"inLanguage\":\"es\",\"@id\":\"https:\/\/geckohaha.com\/es\/#\/schema\/logo\/image\/\",\"url\":\"http:\/\/geckohaha.com\/wp-content\/uploads\/2021\/12\/cropped-site_logo.png\",\"contentUrl\":\"http:\/\/geckohaha.com\/wp-content\/uploads\/2021\/12\/cropped-site_logo.png\",\"width\":512,\"height\":512,\"caption\":\"\u842c\u99ff\u570b\u969b\u6709\u9650\u516c\u53f8\"},\"image\":{\"@id\":\"https:\/\/geckohaha.com\/es\/#\/schema\/logo\/image\/\"}}]}<\/script>\n<!-- \/ Yoast SEO plugin. -->","yoast_head_json":{"title":"Caja de almuerzo para llevar biodegradable de espuma PLA, contenedor\u2502ONENICE","description":"La caja de almuerzo para llevar de espuma PLA de ONENICE, ecol\u00f3gica y compostable. Caja de almuerzo para llevar de espuma PLA hecha de almid\u00f3n de ma\u00edz para opciones de comida sostenible.","robots":{"index":"index","follow":"follow","max-snippet":"max-snippet:-1","max-image-preview":"max-image-preview:large","max-video-preview":"max-video-preview:-1"},"canonical":"https:\/\/geckohaha.com\/es\/producto\/caja-de-almuerzo-para-llevar-biodegradable-de-espuma-pla\/","og_locale":"es_ES","og_type":"article","og_title":"Caja de almuerzo para llevar biodegradable de espuma PLA, contenedor\u2502ONENICE","og_description":"La caja de almuerzo para llevar de espuma PLA de ONENICE, ecol\u00f3gica y compostable. Caja de almuerzo para llevar de espuma PLA hecha de almid\u00f3n de ma\u00edz para opciones de comida sostenible.","og_url":"https:\/\/geckohaha.com\/es\/producto\/caja-de-almuerzo-para-llevar-biodegradable-de-espuma-pla\/","og_site_name":"Onenice Internaional Co., Ltd.","og_image":[{"width":2560,"height":1920,"url":"https:\/\/geckohaha.com\/wp-content\/uploads\/2022\/04\/lunch-box-scaled.jpg","type":"image\/jpeg"}],"twitter_card":"summary_large_image","schema":{"@context":"https:\/\/schema.org","@graph":[{"@type":"WebPage","@id":"https:\/\/geckohaha.com\/es\/producto\/caja-de-almuerzo-para-llevar-biodegradable-de-espuma-pla\/","url":"https:\/\/geckohaha.com\/es\/producto\/caja-de-almuerzo-para-llevar-biodegradable-de-espuma-pla\/","name":"Caja de almuerzo para llevar biodegradable de espuma PLA, contenedor\u2502ONENICE","isPartOf":{"@id":"https:\/\/geckohaha.com\/es\/#website"},"primaryImageOfPage":{"@id":"https:\/\/geckohaha.com\/es\/producto\/caja-de-almuerzo-para-llevar-biodegradable-de-espuma-pla\/#primaryimage"},"image":{"@id":"https:\/\/geckohaha.com\/es\/producto\/caja-de-almuerzo-para-llevar-biodegradable-de-espuma-pla\/#primaryimage"},"thumbnailUrl":"https:\/\/geckohaha.com\/wp-content\/uploads\/2022\/04\/lunch-box-scaled.jpg","datePublished":"2022-04-07T06:14:07+00:00","dateModified":"2022-04-07T06:14:07+00:00","description":"La caja de almuerzo para llevar de espuma PLA de ONENICE, ecol\u00f3gica y compostable. Caja de almuerzo para llevar de espuma PLA hecha de almid\u00f3n de ma\u00edz para opciones de comida sostenible.","breadcrumb":{"@id":"https:\/\/geckohaha.com\/es\/producto\/caja-de-almuerzo-para-llevar-biodegradable-de-espuma-pla\/#breadcrumb"},"inLanguage":"es","potentialAction":[{"@type":"ReadAction","target":["https:\/\/geckohaha.com\/es\/producto\/caja-de-almuerzo-para-llevar-biodegradable-de-espuma-pla\/"]}]},{"@type":"ImageObject","inLanguage":"es","@id":"https:\/\/geckohaha.com\/es\/producto\/caja-de-almuerzo-para-llevar-biodegradable-de-espuma-pla\/#primaryimage","url":"https:\/\/geckohaha.com\/wp-content\/uploads\/2022\/04\/lunch-box-scaled.jpg","contentUrl":"https:\/\/geckohaha.com\/wp-content\/uploads\/2022\/04\/lunch-box-scaled.jpg","width":2560,"height":1920},{"@type":"BreadcrumbList","@id":"https:\/\/geckohaha.com\/es\/producto\/caja-de-almuerzo-para-llevar-biodegradable-de-espuma-pla\/#breadcrumb","itemListElement":[{"@type":"ListItem","position":1,"name":"INICIO","item":"https:\/\/geckohaha.com\/es\/"},{"@type":"ListItem","position":2,"name":"Productos","item":"https:\/\/geckohaha.com\/products\/"},{"@type":"ListItem","position":3,"name":"Recipientes y vajilla alimentaria biodegradables de PLA","item":"https:\/\/geckohaha.com\/es\/categoria-producto\/recipientes-y-vajilla-alimentaria-biodegradables-de-pla\/"},{"@type":"ListItem","position":4,"name":"Caja de almuerzo para llevar biodegradable de espuma PLA"}]},{"@type":"WebSite","@id":"https:\/\/geckohaha.com\/es\/#website","url":"https:\/\/geckohaha.com\/es\/","name":"Onenice Internaional Co., Ltd.","description":"Free your idea, Enrich your life","publisher":{"@id":"https:\/\/geckohaha.com\/es\/#organization"},"potentialAction":[{"@type":"SearchAction","target":{"@type":"EntryPoint","urlTemplate":"https:\/\/geckohaha.com\/es\/?s={search_term_string}"},"query-input":{"@type":"PropertyValueSpecification","valueRequired":true,"valueName":"search_term_string"}}],"inLanguage":"es"},{"@type":"Organization","@id":"https:\/\/geckohaha.com\/es\/#organization","name":"\u842c\u99ff\u570b\u969b\u6709\u9650\u516c\u53f8","url":"https:\/\/geckohaha.com\/es\/","logo":{"@type":"ImageObject","inLanguage":"es","@id":"https:\/\/geckohaha.com\/es\/#\/schema\/logo\/image\/","url":"http:\/\/geckohaha.com\/wp-content\/uploads\/2021\/12\/cropped-site_logo.png","contentUrl":"http:\/\/geckohaha.com\/wp-content\/uploads\/2021\/12\/cropped-site_logo.png","width":512,"height":512,"caption":"\u842c\u99ff\u570b\u969b\u6709\u9650\u516c\u53f8"},"image":{"@id":"https:\/\/geckohaha.com\/es\/#\/schema\/logo\/image\/"}}]}},"_links":{"self":[{"href":"https:\/\/geckohaha.com\/es\/wp-json\/wp\/v2\/product\/3129","targetHints":{"allow":["GET"]}}],"collection":[{"href":"https:\/\/geckohaha.com\/es\/wp-json\/wp\/v2\/product"}],"about":[{"href":"https:\/\/geckohaha.com\/es\/wp-json\/wp\/v2\/types\/product"}],"wp:featuredmedia":[{"embeddable":true,"href":"https:\/\/geckohaha.com\/es\/wp-json\/wp\/v2\/media\/3130"}],"wp:attachment":[{"href":"https:\/\/geckohaha.com\/es\/wp-json\/wp\/v2\/media?parent=3129"}],"wp:term":[{"taxonomy":"product_cat","embeddable":true,"href":"https:\/\/geckohaha.com\/es\/wp-json\/wp\/v2\/product_cat?post=3129"},{"taxonomy":"product_tag","embeddable":true,"href":"https:\/\/geckohaha.com\/es\/wp-json\/wp\/v2\/product_tag?post=3129"}],"curies":[{"name":"wp","href":"https:\/\/api.w.org\/{rel}","templated":true}]}}