{"id":3157,"date":"2022-03-22T11:53:51","date_gmt":"2022-03-22T03:53:51","guid":{"rendered":"https:\/\/www.geckohaha.com\/product\/almohadilla-antideslizante-de-silicona-ecologica-reutilizable-lavable\/"},"modified":"2022-03-22T11:53:51","modified_gmt":"2022-03-22T03:53:51","slug":"almohadilla-antideslizante-de-silicona-ecologica-reutilizable-lavable","status":"publish","type":"product","link":"https:\/\/geckohaha.com\/es\/producto\/almohadilla-antideslizante-de-silicona-ecologica-reutilizable-lavable\/","title":{"rendered":"Almohadilla antideslizante de silicona ecol\u00f3gica, reutilizable, lavable"},"content":{"rendered":"<ul>\n<li>100 bolsas\/embalaje interior, 500 bolsas\/embalaje principal<br \/>\nPeso neto: 12.0 kg Peso bruto: 14.5 kg<\/li>\n<li>Hecho de PU suave de alta calidad. Suave y pegajoso.<\/li>\n<li>No se utiliza pegamento, por lo que no quedan residuos en el tablero de instrumentos o dispositivos sobre la alfombrilla.<\/li>\n<li>Cuando la almohadilla se ensucie y comience a perder su adherencia, simplemente l\u00e1vala y s\u00e9cala con golpecitos, y la almohadilla adhesiva estar\u00e1 tan pegajosa como cuando era nueva.<\/li>\n<li>Aceptamos env\u00edos al extranjero.<\/li>\n<li>Valoramos a todos los clientes y haremos todo lo posible para garantizarle una experiencia comercial c\u00f3moda.<\/li>\n<li>Estamos comprometidos a ofrecer a los clientes servicios de alta calidad.<\/li>\n<li>Para obtener m\u00e1s informaci\u00f3n, no dude en ponerse en contacto con nosotros.<\/li>\n<\/ul>\n<p>&nbsp;<\/p>\n<h2><\/h2>\n<h2 class=\"toggleCtrl\"><u><b>CK<\/b><\/u><u><b>-314<\/b><\/u><\/h2>\n<h2 class=\"toggleCtrl\">Especificaciones:<\/h2>\n<table style=\"height: 180px;\" width=\"629\">\n<tbody>\n<tr>\n<th>Espesor:<\/th>\n<td>3mm<\/td>\n<\/tr>\n<tr>\n<th>Tama\u00f1o:<\/th>\n<td>\u00d880mm<\/td>\n<\/tr>\n<tr>\n<th>Embalaje:<\/th>\n<td>1 pieza\/bolsa<\/td>\n<\/tr>\n<tr>\n<th>Puerto FOB:<\/th>\n<td>Taiwan<\/td>\n<\/tr>\n<tr>\n<th>Tiempo de entrega:<\/th>\n<td>30 &#8211; 45 d\u00edas<\/td>\n<\/tr>\n<tr>\n<th>Nombre de la marca:<\/th>\n<td>Gecko Pad<\/td>\n<\/tr>\n<\/tbody>\n<\/table>\n","protected":false},"excerpt":{"rendered":"<p>100 bolsas\/embalaje interior, 500 bolsas\/embalaje principal Peso neto: 12.0 kg Peso bruto: 14.5 kg Hecho de PU suave de alta<\/p>\n","protected":false},"featured_media":3158,"template":"","meta":{"_acf_changed":false},"product_cat":[118,128],"product_tag":[],"class_list":{"0":"post-3157","1":"product","2":"type-product","3":"status-publish","4":"has-post-thumbnail","6":"product_cat-almohadilla-antideslizante","7":"product_cat-almohadilla-antideslizante-tpr","9":"first","10":"instock","11":"shipping-taxable","12":"product-type-simple"},"acf":[],"yoast_head":"<!-- This site is optimized with the Yoast SEO plugin v24.0 - https:\/\/yoast.com\/wordpress\/plugins\/seo\/ -->\n<title>Almohadilla antideslizante de silicona ecol\u00f3gica, reutilizable, lavable\u2502ONENICE<\/title>\n<meta name=\"description\" content=\"Obt\u00e9n las almohadillas antideslizantes de silicona, ecol\u00f3gicas y lavables. Almohadillas antideslizantes de silicona de alta calidad, reutilizables sin dejar residuos, ideales para un agarre estable.\" \/>\n<meta name=\"robots\" content=\"index, follow, max-snippet:-1, max-image-preview:large, max-video-preview:-1\" \/>\n<link rel=\"canonical\" href=\"https:\/\/geckohaha.com\/es\/producto\/almohadilla-antideslizante-de-silicona-ecologica-reutilizable-lavable\/\" \/>\n<meta property=\"og:locale\" content=\"es_ES\" \/>\n<meta property=\"og:type\" content=\"article\" \/>\n<meta property=\"og:title\" content=\"Almohadilla antideslizante de silicona ecol\u00f3gica, reutilizable, lavable\u2502ONENICE\" \/>\n<meta property=\"og:description\" content=\"Obt\u00e9n las almohadillas antideslizantes de silicona, ecol\u00f3gicas y lavables. Almohadillas antideslizantes de silicona de alta calidad, reutilizables sin dejar residuos, ideales para un agarre estable.\" \/>\n<meta property=\"og:url\" content=\"https:\/\/geckohaha.com\/es\/producto\/almohadilla-antideslizante-de-silicona-ecologica-reutilizable-lavable\/\" \/>\n<meta property=\"og:site_name\" content=\"Onenice Internaional Co., Ltd.\" \/>\n<meta property=\"og:image\" content=\"https:\/\/geckohaha.com\/wp-content\/uploads\/2022\/03\/\u672a\u547d\u540d-5-3.jpg\" \/>\n\t<meta property=\"og:image:width\" content=\"600\" \/>\n\t<meta property=\"og:image:height\" content=\"600\" \/>\n\t<meta property=\"og:image:type\" content=\"image\/jpeg\" \/>\n<meta name=\"twitter:card\" content=\"summary_large_image\" \/>\n<script type=\"application\/ld+json\" class=\"yoast-schema-graph\">{\"@context\":\"https:\/\/schema.org\",\"@graph\":[{\"@type\":\"WebPage\",\"@id\":\"https:\/\/geckohaha.com\/es\/producto\/almohadilla-antideslizante-de-silicona-ecologica-reutilizable-lavable\/\",\"url\":\"https:\/\/geckohaha.com\/es\/producto\/almohadilla-antideslizante-de-silicona-ecologica-reutilizable-lavable\/\",\"name\":\"Almohadilla antideslizante de silicona ecol\u00f3gica, reutilizable, lavable\u2502ONENICE\",\"isPartOf\":{\"@id\":\"https:\/\/geckohaha.com\/es\/#website\"},\"primaryImageOfPage\":{\"@id\":\"https:\/\/geckohaha.com\/es\/producto\/almohadilla-antideslizante-de-silicona-ecologica-reutilizable-lavable\/#primaryimage\"},\"image\":{\"@id\":\"https:\/\/geckohaha.com\/es\/producto\/almohadilla-antideslizante-de-silicona-ecologica-reutilizable-lavable\/#primaryimage\"},\"thumbnailUrl\":\"https:\/\/geckohaha.com\/wp-content\/uploads\/2022\/03\/\u672a\u547d\u540d-5-3.jpg\",\"datePublished\":\"2022-03-22T03:53:51+00:00\",\"dateModified\":\"2022-03-22T03:53:51+00:00\",\"description\":\"Obt\u00e9n las almohadillas antideslizantes de silicona, ecol\u00f3gicas y lavables. Almohadillas antideslizantes de silicona de alta calidad, reutilizables sin dejar residuos, ideales para un agarre estable.\",\"breadcrumb\":{\"@id\":\"https:\/\/geckohaha.com\/es\/producto\/almohadilla-antideslizante-de-silicona-ecologica-reutilizable-lavable\/#breadcrumb\"},\"inLanguage\":\"es\",\"potentialAction\":[{\"@type\":\"ReadAction\",\"target\":[\"https:\/\/geckohaha.com\/es\/producto\/almohadilla-antideslizante-de-silicona-ecologica-reutilizable-lavable\/\"]}]},{\"@type\":\"ImageObject\",\"inLanguage\":\"es\",\"@id\":\"https:\/\/geckohaha.com\/es\/producto\/almohadilla-antideslizante-de-silicona-ecologica-reutilizable-lavable\/#primaryimage\",\"url\":\"https:\/\/geckohaha.com\/wp-content\/uploads\/2022\/03\/\u672a\u547d\u540d-5-3.jpg\",\"contentUrl\":\"https:\/\/geckohaha.com\/wp-content\/uploads\/2022\/03\/\u672a\u547d\u540d-5-3.jpg\",\"width\":600,\"height\":600},{\"@type\":\"BreadcrumbList\",\"@id\":\"https:\/\/geckohaha.com\/es\/producto\/almohadilla-antideslizante-de-silicona-ecologica-reutilizable-lavable\/#breadcrumb\",\"itemListElement\":[{\"@type\":\"ListItem\",\"position\":1,\"name\":\"INICIO\",\"item\":\"https:\/\/geckohaha.com\/es\/\"},{\"@type\":\"ListItem\",\"position\":2,\"name\":\"Productos\",\"item\":\"https:\/\/geckohaha.com\/products\/\"},{\"@type\":\"ListItem\",\"position\":3,\"name\":\"Almohadillas adhesivas antideslizantes\",\"item\":\"https:\/\/geckohaha.com\/es\/categoria-producto\/almohadillas-adhesivas-antideslizantes\/\"},{\"@type\":\"ListItem\",\"position\":4,\"name\":\"Almohadilla antideslizante\",\"item\":\"https:\/\/geckohaha.com\/es\/categoria-producto\/almohadillas-adhesivas-antideslizantes\/almohadilla-antideslizante\/\"},{\"@type\":\"ListItem\",\"position\":5,\"name\":\"Almohadilla antideslizante de silicona ecol\u00f3gica, reutilizable, lavable\"}]},{\"@type\":\"WebSite\",\"@id\":\"https:\/\/geckohaha.com\/es\/#website\",\"url\":\"https:\/\/geckohaha.com\/es\/\",\"name\":\"Onenice Internaional Co., Ltd.\",\"description\":\"Free your idea, Enrich your life\",\"publisher\":{\"@id\":\"https:\/\/geckohaha.com\/es\/#organization\"},\"potentialAction\":[{\"@type\":\"SearchAction\",\"target\":{\"@type\":\"EntryPoint\",\"urlTemplate\":\"https:\/\/geckohaha.com\/es\/?s={search_term_string}\"},\"query-input\":{\"@type\":\"PropertyValueSpecification\",\"valueRequired\":true,\"valueName\":\"search_term_string\"}}],\"inLanguage\":\"es\"},{\"@type\":\"Organization\",\"@id\":\"https:\/\/geckohaha.com\/es\/#organization\",\"name\":\"\u842c\u99ff\u570b\u969b\u6709\u9650\u516c\u53f8\",\"url\":\"https:\/\/geckohaha.com\/es\/\",\"logo\":{\"@type\":\"ImageObject\",\"inLanguage\":\"es\",\"@id\":\"https:\/\/geckohaha.com\/es\/#\/schema\/logo\/image\/\",\"url\":\"http:\/\/geckohaha.com\/wp-content\/uploads\/2021\/12\/cropped-site_logo.png\",\"contentUrl\":\"http:\/\/geckohaha.com\/wp-content\/uploads\/2021\/12\/cropped-site_logo.png\",\"width\":512,\"height\":512,\"caption\":\"\u842c\u99ff\u570b\u969b\u6709\u9650\u516c\u53f8\"},\"image\":{\"@id\":\"https:\/\/geckohaha.com\/es\/#\/schema\/logo\/image\/\"}}]}<\/script>\n<!-- \/ Yoast SEO plugin. -->","yoast_head_json":{"title":"Almohadilla antideslizante de silicona ecol\u00f3gica, reutilizable, lavable\u2502ONENICE","description":"Obt\u00e9n las almohadillas antideslizantes de silicona, ecol\u00f3gicas y lavables. Almohadillas antideslizantes de silicona de alta calidad, reutilizables sin dejar residuos, ideales para un agarre estable.","robots":{"index":"index","follow":"follow","max-snippet":"max-snippet:-1","max-image-preview":"max-image-preview:large","max-video-preview":"max-video-preview:-1"},"canonical":"https:\/\/geckohaha.com\/es\/producto\/almohadilla-antideslizante-de-silicona-ecologica-reutilizable-lavable\/","og_locale":"es_ES","og_type":"article","og_title":"Almohadilla antideslizante de silicona ecol\u00f3gica, reutilizable, lavable\u2502ONENICE","og_description":"Obt\u00e9n las almohadillas antideslizantes de silicona, ecol\u00f3gicas y lavables. Almohadillas antideslizantes de silicona de alta calidad, reutilizables sin dejar residuos, ideales para un agarre estable.","og_url":"https:\/\/geckohaha.com\/es\/producto\/almohadilla-antideslizante-de-silicona-ecologica-reutilizable-lavable\/","og_site_name":"Onenice Internaional Co., Ltd.","og_image":[{"width":600,"height":600,"url":"https:\/\/geckohaha.com\/wp-content\/uploads\/2022\/03\/\u672a\u547d\u540d-5-3.jpg","type":"image\/jpeg"}],"twitter_card":"summary_large_image","schema":{"@context":"https:\/\/schema.org","@graph":[{"@type":"WebPage","@id":"https:\/\/geckohaha.com\/es\/producto\/almohadilla-antideslizante-de-silicona-ecologica-reutilizable-lavable\/","url":"https:\/\/geckohaha.com\/es\/producto\/almohadilla-antideslizante-de-silicona-ecologica-reutilizable-lavable\/","name":"Almohadilla antideslizante de silicona ecol\u00f3gica, reutilizable, lavable\u2502ONENICE","isPartOf":{"@id":"https:\/\/geckohaha.com\/es\/#website"},"primaryImageOfPage":{"@id":"https:\/\/geckohaha.com\/es\/producto\/almohadilla-antideslizante-de-silicona-ecologica-reutilizable-lavable\/#primaryimage"},"image":{"@id":"https:\/\/geckohaha.com\/es\/producto\/almohadilla-antideslizante-de-silicona-ecologica-reutilizable-lavable\/#primaryimage"},"thumbnailUrl":"https:\/\/geckohaha.com\/wp-content\/uploads\/2022\/03\/\u672a\u547d\u540d-5-3.jpg","datePublished":"2022-03-22T03:53:51+00:00","dateModified":"2022-03-22T03:53:51+00:00","description":"Obt\u00e9n las almohadillas antideslizantes de silicona, ecol\u00f3gicas y lavables. Almohadillas antideslizantes de silicona de alta calidad, reutilizables sin dejar residuos, ideales para un agarre estable.","breadcrumb":{"@id":"https:\/\/geckohaha.com\/es\/producto\/almohadilla-antideslizante-de-silicona-ecologica-reutilizable-lavable\/#breadcrumb"},"inLanguage":"es","potentialAction":[{"@type":"ReadAction","target":["https:\/\/geckohaha.com\/es\/producto\/almohadilla-antideslizante-de-silicona-ecologica-reutilizable-lavable\/"]}]},{"@type":"ImageObject","inLanguage":"es","@id":"https:\/\/geckohaha.com\/es\/producto\/almohadilla-antideslizante-de-silicona-ecologica-reutilizable-lavable\/#primaryimage","url":"https:\/\/geckohaha.com\/wp-content\/uploads\/2022\/03\/\u672a\u547d\u540d-5-3.jpg","contentUrl":"https:\/\/geckohaha.com\/wp-content\/uploads\/2022\/03\/\u672a\u547d\u540d-5-3.jpg","width":600,"height":600},{"@type":"BreadcrumbList","@id":"https:\/\/geckohaha.com\/es\/producto\/almohadilla-antideslizante-de-silicona-ecologica-reutilizable-lavable\/#breadcrumb","itemListElement":[{"@type":"ListItem","position":1,"name":"INICIO","item":"https:\/\/geckohaha.com\/es\/"},{"@type":"ListItem","position":2,"name":"Productos","item":"https:\/\/geckohaha.com\/products\/"},{"@type":"ListItem","position":3,"name":"Almohadillas adhesivas antideslizantes","item":"https:\/\/geckohaha.com\/es\/categoria-producto\/almohadillas-adhesivas-antideslizantes\/"},{"@type":"ListItem","position":4,"name":"Almohadilla antideslizante","item":"https:\/\/geckohaha.com\/es\/categoria-producto\/almohadillas-adhesivas-antideslizantes\/almohadilla-antideslizante\/"},{"@type":"ListItem","position":5,"name":"Almohadilla antideslizante de silicona ecol\u00f3gica, reutilizable, lavable"}]},{"@type":"WebSite","@id":"https:\/\/geckohaha.com\/es\/#website","url":"https:\/\/geckohaha.com\/es\/","name":"Onenice Internaional Co., Ltd.","description":"Free your idea, Enrich your life","publisher":{"@id":"https:\/\/geckohaha.com\/es\/#organization"},"potentialAction":[{"@type":"SearchAction","target":{"@type":"EntryPoint","urlTemplate":"https:\/\/geckohaha.com\/es\/?s={search_term_string}"},"query-input":{"@type":"PropertyValueSpecification","valueRequired":true,"valueName":"search_term_string"}}],"inLanguage":"es"},{"@type":"Organization","@id":"https:\/\/geckohaha.com\/es\/#organization","name":"\u842c\u99ff\u570b\u969b\u6709\u9650\u516c\u53f8","url":"https:\/\/geckohaha.com\/es\/","logo":{"@type":"ImageObject","inLanguage":"es","@id":"https:\/\/geckohaha.com\/es\/#\/schema\/logo\/image\/","url":"http:\/\/geckohaha.com\/wp-content\/uploads\/2021\/12\/cropped-site_logo.png","contentUrl":"http:\/\/geckohaha.com\/wp-content\/uploads\/2021\/12\/cropped-site_logo.png","width":512,"height":512,"caption":"\u842c\u99ff\u570b\u969b\u6709\u9650\u516c\u53f8"},"image":{"@id":"https:\/\/geckohaha.com\/es\/#\/schema\/logo\/image\/"}}]}},"_links":{"self":[{"href":"https:\/\/geckohaha.com\/es\/wp-json\/wp\/v2\/product\/3157","targetHints":{"allow":["GET"]}}],"collection":[{"href":"https:\/\/geckohaha.com\/es\/wp-json\/wp\/v2\/product"}],"about":[{"href":"https:\/\/geckohaha.com\/es\/wp-json\/wp\/v2\/types\/product"}],"wp:featuredmedia":[{"embeddable":true,"href":"https:\/\/geckohaha.com\/es\/wp-json\/wp\/v2\/media\/3158"}],"wp:attachment":[{"href":"https:\/\/geckohaha.com\/es\/wp-json\/wp\/v2\/media?parent=3157"}],"wp:term":[{"taxonomy":"product_cat","embeddable":true,"href":"https:\/\/geckohaha.com\/es\/wp-json\/wp\/v2\/product_cat?post=3157"},{"taxonomy":"product_tag","embeddable":true,"href":"https:\/\/geckohaha.com\/es\/wp-json\/wp\/v2\/product_tag?post=3157"}],"curies":[{"name":"wp","href":"https:\/\/api.w.org\/{rel}","templated":true}]}}