{"id":3175,"date":"2022-03-22T11:42:26","date_gmt":"2022-03-22T03:42:26","guid":{"rendered":"https:\/\/www.geckohaha.com\/product\/almohadilla-antideslizante-y-a-prueba-de-golpes-de-gel-tpr-ecologico\/"},"modified":"2022-03-22T11:42:26","modified_gmt":"2022-03-22T03:42:26","slug":"almohadilla-antideslizante-y-a-prueba-de-golpes-de-gel-tpr-ecologico","status":"publish","type":"product","link":"https:\/\/geckohaha.com\/es\/producto\/almohadilla-antideslizante-y-a-prueba-de-golpes-de-gel-tpr-ecologico\/","title":{"rendered":"Almohadilla antideslizante y a prueba de golpes de gel TPR ecol\u00f3gico"},"content":{"rendered":"<p>Fuerte adherencia, reduce el ruido, a prueba de golpes, antivuelco, reutilizable, lavable con agua, no t\u00f3xico.<\/p>\n<ul>\n<li>-Sujeta tu tel\u00e9fono m\u00f3vil y otras pertenencias al salpicadero en casa.<\/li>\n<li>-Ideal para tu tel\u00e9fono, monedas, llaves, bol\u00edgrafos, etc&#8230; Ya no tendr\u00e1s que buscar objetos peque\u00f1os, estar\u00e1n al alcance de tu mano.<\/li>\n<li>-La almohadilla antideslizante puede usarse con cualquier objeto colocado sobre ella para evitar ca\u00eddas.<\/li>\n<li>-No utiliza ning\u00fan tipo de adhesivo o im\u00e1n y se puede colocar en tu casa.<\/li>\n<li>-No deja residuos, es reutilizable y se puede lavar cuando se ensucia.<\/li>\n<li>-Probado y tested &#8211; \u00a1TODOS los comentarios han sido excelentes!<\/li>\n<li>-Todas las materias primas son ecol\u00f3gicas y no t\u00f3xicas.<\/li>\n<\/ul>\n<p>&nbsp;<\/p>\n<h2 class=\"toggleCtrl\"><u><b>CK<\/b><\/u><u><b>-313<br \/>\n<\/b><\/u> Especificaciones:<\/h2>\n<table style=\"height: 142px;\" width=\"534\">\n<tbody>\n<tr>\n<th>Tama\u00f1o:<\/th>\n<td>\u00d865mm<\/td>\n<\/tr>\n<tr>\n<th>Nombre de la marca:<\/th>\n<td>Gecko Pad<\/td>\n<\/tr>\n<tr>\n<th>Espesor:<\/th>\n<td>3mm<\/td>\n<\/tr>\n<tr>\n<th>Tiempo de entrega:<\/th>\n<td>30 &#8211; 45 d\u00edas<\/td>\n<\/tr>\n<tr>\n<th>Embalaje:<\/th>\n<td>4 unidades\/bolsa<\/td>\n<\/tr>\n<\/tbody>\n<\/table>\n","protected":false},"excerpt":{"rendered":"<p>Se puede cortar en cualquier forma.<\/p>\n<p>*Antivuelco<\/p>\n","protected":false},"featured_media":3176,"template":"","meta":{"_acf_changed":false},"product_cat":[118,128],"product_tag":[],"class_list":{"0":"post-3175","1":"product","2":"type-product","3":"status-publish","4":"has-post-thumbnail","6":"product_cat-almohadilla-antideslizante","7":"product_cat-almohadilla-antideslizante-tpr","9":"first","10":"instock","11":"shipping-taxable","12":"product-type-simple"},"acf":[],"yoast_head":"<!-- This site is optimized with the Yoast SEO plugin v24.0 - https:\/\/yoast.com\/wordpress\/plugins\/seo\/ -->\n<title>Almohadilla antideslizante y a prueba de golpes de gel TPR ecol\u00f3gico\u2502ONENICE<\/title>\n<meta name=\"description\" content=\"Elija ONENICE para almohadillas antideslizantes a prueba de golpes personalizables, ecol\u00f3gicas y vers\u00e1tiles. Las almohadillas antideslizantes a prueba de golpes evitan los vuelcos y se cortan a medida.\" \/>\n<meta name=\"robots\" content=\"index, follow, max-snippet:-1, max-image-preview:large, max-video-preview:-1\" \/>\n<link rel=\"canonical\" href=\"https:\/\/geckohaha.com\/es\/producto\/almohadilla-antideslizante-y-a-prueba-de-golpes-de-gel-tpr-ecologico\/\" \/>\n<meta property=\"og:locale\" content=\"es_ES\" \/>\n<meta property=\"og:type\" content=\"article\" \/>\n<meta property=\"og:title\" content=\"Almohadilla antideslizante y a prueba de golpes de gel TPR ecol\u00f3gico\u2502ONENICE\" \/>\n<meta property=\"og:description\" content=\"Elija ONENICE para almohadillas antideslizantes a prueba de golpes personalizables, ecol\u00f3gicas y vers\u00e1tiles. Las almohadillas antideslizantes a prueba de golpes evitan los vuelcos y se cortan a medida.\" \/>\n<meta property=\"og:url\" content=\"https:\/\/geckohaha.com\/es\/producto\/almohadilla-antideslizante-y-a-prueba-de-golpes-de-gel-tpr-ecologico\/\" \/>\n<meta property=\"og:site_name\" content=\"Onenice Internaional Co., Ltd.\" \/>\n<meta property=\"og:image\" content=\"https:\/\/geckohaha.com\/wp-content\/uploads\/2022\/03\/\u672a\u547d\u540d-4-3.jpg\" \/>\n\t<meta property=\"og:image:width\" content=\"600\" \/>\n\t<meta property=\"og:image:height\" content=\"600\" \/>\n\t<meta property=\"og:image:type\" content=\"image\/jpeg\" \/>\n<meta name=\"twitter:card\" content=\"summary_large_image\" \/>\n<script type=\"application\/ld+json\" class=\"yoast-schema-graph\">{\"@context\":\"https:\/\/schema.org\",\"@graph\":[{\"@type\":\"WebPage\",\"@id\":\"https:\/\/geckohaha.com\/es\/producto\/almohadilla-antideslizante-y-a-prueba-de-golpes-de-gel-tpr-ecologico\/\",\"url\":\"https:\/\/geckohaha.com\/es\/producto\/almohadilla-antideslizante-y-a-prueba-de-golpes-de-gel-tpr-ecologico\/\",\"name\":\"Almohadilla antideslizante y a prueba de golpes de gel TPR ecol\u00f3gico\u2502ONENICE\",\"isPartOf\":{\"@id\":\"https:\/\/geckohaha.com\/es\/#website\"},\"primaryImageOfPage\":{\"@id\":\"https:\/\/geckohaha.com\/es\/producto\/almohadilla-antideslizante-y-a-prueba-de-golpes-de-gel-tpr-ecologico\/#primaryimage\"},\"image\":{\"@id\":\"https:\/\/geckohaha.com\/es\/producto\/almohadilla-antideslizante-y-a-prueba-de-golpes-de-gel-tpr-ecologico\/#primaryimage\"},\"thumbnailUrl\":\"https:\/\/geckohaha.com\/wp-content\/uploads\/2022\/03\/\u672a\u547d\u540d-4-3.jpg\",\"datePublished\":\"2022-03-22T03:42:26+00:00\",\"dateModified\":\"2022-03-22T03:42:26+00:00\",\"description\":\"Elija ONENICE para almohadillas antideslizantes a prueba de golpes personalizables, ecol\u00f3gicas y vers\u00e1tiles. Las almohadillas antideslizantes a prueba de golpes evitan los vuelcos y se cortan a medida.\",\"breadcrumb\":{\"@id\":\"https:\/\/geckohaha.com\/es\/producto\/almohadilla-antideslizante-y-a-prueba-de-golpes-de-gel-tpr-ecologico\/#breadcrumb\"},\"inLanguage\":\"es\",\"potentialAction\":[{\"@type\":\"ReadAction\",\"target\":[\"https:\/\/geckohaha.com\/es\/producto\/almohadilla-antideslizante-y-a-prueba-de-golpes-de-gel-tpr-ecologico\/\"]}]},{\"@type\":\"ImageObject\",\"inLanguage\":\"es\",\"@id\":\"https:\/\/geckohaha.com\/es\/producto\/almohadilla-antideslizante-y-a-prueba-de-golpes-de-gel-tpr-ecologico\/#primaryimage\",\"url\":\"https:\/\/geckohaha.com\/wp-content\/uploads\/2022\/03\/\u672a\u547d\u540d-4-3.jpg\",\"contentUrl\":\"https:\/\/geckohaha.com\/wp-content\/uploads\/2022\/03\/\u672a\u547d\u540d-4-3.jpg\",\"width\":600,\"height\":600},{\"@type\":\"BreadcrumbList\",\"@id\":\"https:\/\/geckohaha.com\/es\/producto\/almohadilla-antideslizante-y-a-prueba-de-golpes-de-gel-tpr-ecologico\/#breadcrumb\",\"itemListElement\":[{\"@type\":\"ListItem\",\"position\":1,\"name\":\"INICIO\",\"item\":\"https:\/\/geckohaha.com\/es\/\"},{\"@type\":\"ListItem\",\"position\":2,\"name\":\"Productos\",\"item\":\"https:\/\/geckohaha.com\/products\/\"},{\"@type\":\"ListItem\",\"position\":3,\"name\":\"Almohadillas adhesivas antideslizantes\",\"item\":\"https:\/\/geckohaha.com\/es\/categoria-producto\/almohadillas-adhesivas-antideslizantes\/\"},{\"@type\":\"ListItem\",\"position\":4,\"name\":\"Almohadilla antideslizante\",\"item\":\"https:\/\/geckohaha.com\/es\/categoria-producto\/almohadillas-adhesivas-antideslizantes\/almohadilla-antideslizante\/\"},{\"@type\":\"ListItem\",\"position\":5,\"name\":\"Almohadilla antideslizante TPR\",\"item\":\"https:\/\/geckohaha.com\/es\/categoria-producto\/almohadillas-adhesivas-antideslizantes\/almohadilla-antideslizante\/almohadilla-antideslizante-tpr\/\"},{\"@type\":\"ListItem\",\"position\":6,\"name\":\"Almohadilla antideslizante y a prueba de golpes de gel TPR ecol\u00f3gico\"}]},{\"@type\":\"WebSite\",\"@id\":\"https:\/\/geckohaha.com\/es\/#website\",\"url\":\"https:\/\/geckohaha.com\/es\/\",\"name\":\"Onenice Internaional Co., Ltd.\",\"description\":\"Free your idea, Enrich your life\",\"publisher\":{\"@id\":\"https:\/\/geckohaha.com\/es\/#organization\"},\"potentialAction\":[{\"@type\":\"SearchAction\",\"target\":{\"@type\":\"EntryPoint\",\"urlTemplate\":\"https:\/\/geckohaha.com\/es\/?s={search_term_string}\"},\"query-input\":{\"@type\":\"PropertyValueSpecification\",\"valueRequired\":true,\"valueName\":\"search_term_string\"}}],\"inLanguage\":\"es\"},{\"@type\":\"Organization\",\"@id\":\"https:\/\/geckohaha.com\/es\/#organization\",\"name\":\"\u842c\u99ff\u570b\u969b\u6709\u9650\u516c\u53f8\",\"url\":\"https:\/\/geckohaha.com\/es\/\",\"logo\":{\"@type\":\"ImageObject\",\"inLanguage\":\"es\",\"@id\":\"https:\/\/geckohaha.com\/es\/#\/schema\/logo\/image\/\",\"url\":\"http:\/\/geckohaha.com\/wp-content\/uploads\/2021\/12\/cropped-site_logo.png\",\"contentUrl\":\"http:\/\/geckohaha.com\/wp-content\/uploads\/2021\/12\/cropped-site_logo.png\",\"width\":512,\"height\":512,\"caption\":\"\u842c\u99ff\u570b\u969b\u6709\u9650\u516c\u53f8\"},\"image\":{\"@id\":\"https:\/\/geckohaha.com\/es\/#\/schema\/logo\/image\/\"}}]}<\/script>\n<!-- \/ Yoast SEO plugin. -->","yoast_head_json":{"title":"Almohadilla antideslizante y a prueba de golpes de gel TPR ecol\u00f3gico\u2502ONENICE","description":"Elija ONENICE para almohadillas antideslizantes a prueba de golpes personalizables, ecol\u00f3gicas y vers\u00e1tiles. Las almohadillas antideslizantes a prueba de golpes evitan los vuelcos y se cortan a medida.","robots":{"index":"index","follow":"follow","max-snippet":"max-snippet:-1","max-image-preview":"max-image-preview:large","max-video-preview":"max-video-preview:-1"},"canonical":"https:\/\/geckohaha.com\/es\/producto\/almohadilla-antideslizante-y-a-prueba-de-golpes-de-gel-tpr-ecologico\/","og_locale":"es_ES","og_type":"article","og_title":"Almohadilla antideslizante y a prueba de golpes de gel TPR ecol\u00f3gico\u2502ONENICE","og_description":"Elija ONENICE para almohadillas antideslizantes a prueba de golpes personalizables, ecol\u00f3gicas y vers\u00e1tiles. Las almohadillas antideslizantes a prueba de golpes evitan los vuelcos y se cortan a medida.","og_url":"https:\/\/geckohaha.com\/es\/producto\/almohadilla-antideslizante-y-a-prueba-de-golpes-de-gel-tpr-ecologico\/","og_site_name":"Onenice Internaional Co., Ltd.","og_image":[{"width":600,"height":600,"url":"https:\/\/geckohaha.com\/wp-content\/uploads\/2022\/03\/\u672a\u547d\u540d-4-3.jpg","type":"image\/jpeg"}],"twitter_card":"summary_large_image","schema":{"@context":"https:\/\/schema.org","@graph":[{"@type":"WebPage","@id":"https:\/\/geckohaha.com\/es\/producto\/almohadilla-antideslizante-y-a-prueba-de-golpes-de-gel-tpr-ecologico\/","url":"https:\/\/geckohaha.com\/es\/producto\/almohadilla-antideslizante-y-a-prueba-de-golpes-de-gel-tpr-ecologico\/","name":"Almohadilla antideslizante y a prueba de golpes de gel TPR ecol\u00f3gico\u2502ONENICE","isPartOf":{"@id":"https:\/\/geckohaha.com\/es\/#website"},"primaryImageOfPage":{"@id":"https:\/\/geckohaha.com\/es\/producto\/almohadilla-antideslizante-y-a-prueba-de-golpes-de-gel-tpr-ecologico\/#primaryimage"},"image":{"@id":"https:\/\/geckohaha.com\/es\/producto\/almohadilla-antideslizante-y-a-prueba-de-golpes-de-gel-tpr-ecologico\/#primaryimage"},"thumbnailUrl":"https:\/\/geckohaha.com\/wp-content\/uploads\/2022\/03\/\u672a\u547d\u540d-4-3.jpg","datePublished":"2022-03-22T03:42:26+00:00","dateModified":"2022-03-22T03:42:26+00:00","description":"Elija ONENICE para almohadillas antideslizantes a prueba de golpes personalizables, ecol\u00f3gicas y vers\u00e1tiles. Las almohadillas antideslizantes a prueba de golpes evitan los vuelcos y se cortan a medida.","breadcrumb":{"@id":"https:\/\/geckohaha.com\/es\/producto\/almohadilla-antideslizante-y-a-prueba-de-golpes-de-gel-tpr-ecologico\/#breadcrumb"},"inLanguage":"es","potentialAction":[{"@type":"ReadAction","target":["https:\/\/geckohaha.com\/es\/producto\/almohadilla-antideslizante-y-a-prueba-de-golpes-de-gel-tpr-ecologico\/"]}]},{"@type":"ImageObject","inLanguage":"es","@id":"https:\/\/geckohaha.com\/es\/producto\/almohadilla-antideslizante-y-a-prueba-de-golpes-de-gel-tpr-ecologico\/#primaryimage","url":"https:\/\/geckohaha.com\/wp-content\/uploads\/2022\/03\/\u672a\u547d\u540d-4-3.jpg","contentUrl":"https:\/\/geckohaha.com\/wp-content\/uploads\/2022\/03\/\u672a\u547d\u540d-4-3.jpg","width":600,"height":600},{"@type":"BreadcrumbList","@id":"https:\/\/geckohaha.com\/es\/producto\/almohadilla-antideslizante-y-a-prueba-de-golpes-de-gel-tpr-ecologico\/#breadcrumb","itemListElement":[{"@type":"ListItem","position":1,"name":"INICIO","item":"https:\/\/geckohaha.com\/es\/"},{"@type":"ListItem","position":2,"name":"Productos","item":"https:\/\/geckohaha.com\/products\/"},{"@type":"ListItem","position":3,"name":"Almohadillas adhesivas antideslizantes","item":"https:\/\/geckohaha.com\/es\/categoria-producto\/almohadillas-adhesivas-antideslizantes\/"},{"@type":"ListItem","position":4,"name":"Almohadilla antideslizante","item":"https:\/\/geckohaha.com\/es\/categoria-producto\/almohadillas-adhesivas-antideslizantes\/almohadilla-antideslizante\/"},{"@type":"ListItem","position":5,"name":"Almohadilla antideslizante TPR","item":"https:\/\/geckohaha.com\/es\/categoria-producto\/almohadillas-adhesivas-antideslizantes\/almohadilla-antideslizante\/almohadilla-antideslizante-tpr\/"},{"@type":"ListItem","position":6,"name":"Almohadilla antideslizante y a prueba de golpes de gel TPR ecol\u00f3gico"}]},{"@type":"WebSite","@id":"https:\/\/geckohaha.com\/es\/#website","url":"https:\/\/geckohaha.com\/es\/","name":"Onenice Internaional Co., Ltd.","description":"Free your idea, Enrich your life","publisher":{"@id":"https:\/\/geckohaha.com\/es\/#organization"},"potentialAction":[{"@type":"SearchAction","target":{"@type":"EntryPoint","urlTemplate":"https:\/\/geckohaha.com\/es\/?s={search_term_string}"},"query-input":{"@type":"PropertyValueSpecification","valueRequired":true,"valueName":"search_term_string"}}],"inLanguage":"es"},{"@type":"Organization","@id":"https:\/\/geckohaha.com\/es\/#organization","name":"\u842c\u99ff\u570b\u969b\u6709\u9650\u516c\u53f8","url":"https:\/\/geckohaha.com\/es\/","logo":{"@type":"ImageObject","inLanguage":"es","@id":"https:\/\/geckohaha.com\/es\/#\/schema\/logo\/image\/","url":"http:\/\/geckohaha.com\/wp-content\/uploads\/2021\/12\/cropped-site_logo.png","contentUrl":"http:\/\/geckohaha.com\/wp-content\/uploads\/2021\/12\/cropped-site_logo.png","width":512,"height":512,"caption":"\u842c\u99ff\u570b\u969b\u6709\u9650\u516c\u53f8"},"image":{"@id":"https:\/\/geckohaha.com\/es\/#\/schema\/logo\/image\/"}}]}},"_links":{"self":[{"href":"https:\/\/geckohaha.com\/es\/wp-json\/wp\/v2\/product\/3175","targetHints":{"allow":["GET"]}}],"collection":[{"href":"https:\/\/geckohaha.com\/es\/wp-json\/wp\/v2\/product"}],"about":[{"href":"https:\/\/geckohaha.com\/es\/wp-json\/wp\/v2\/types\/product"}],"wp:featuredmedia":[{"embeddable":true,"href":"https:\/\/geckohaha.com\/es\/wp-json\/wp\/v2\/media\/3176"}],"wp:attachment":[{"href":"https:\/\/geckohaha.com\/es\/wp-json\/wp\/v2\/media?parent=3175"}],"wp:term":[{"taxonomy":"product_cat","embeddable":true,"href":"https:\/\/geckohaha.com\/es\/wp-json\/wp\/v2\/product_cat?post=3175"},{"taxonomy":"product_tag","embeddable":true,"href":"https:\/\/geckohaha.com\/es\/wp-json\/wp\/v2\/product_tag?post=3175"}],"curies":[{"name":"wp","href":"https:\/\/api.w.org\/{rel}","templated":true}]}}