{"id":3204,"date":"2022-03-16T10:06:55","date_gmt":"2022-03-16T02:06:55","guid":{"rendered":"https:\/\/www.geckohaha.com\/product\/portarrollos-de-papel-de-cocina-montado-en-la-pared-soporte-para-toallas-de-papel\/"},"modified":"2022-03-16T10:06:55","modified_gmt":"2022-03-16T02:06:55","slug":"portarrollos-de-papel-de-cocina-montado-en-la-pared-soporte-para-toallas-de-papel","status":"publish","type":"product","link":"https:\/\/geckohaha.com\/es\/producto\/portarrollos-de-papel-de-cocina-montado-en-la-pared-soporte-para-toallas-de-papel\/","title":{"rendered":"Portarrollos de Papel de Cocina Montado en la Pared \/ Soporte para Toallas de Papel"},"content":{"rendered":"<p>Impermeable, duradero, montado en la pared, soporte para papel de cocina con tablero de clavijas, gancho autoadhesivo hecho de pegamento PU de alta calidad con fuerte viscosidad, sin necesidad de taladrar, f\u00e1cil de instalar, f\u00e1cil de limpiar, perfecto para ba\u00f1o, cocina y taller.<\/p>\n<p>Actualice su ba\u00f1o, cocina o taller con nuestro soporte multifunci\u00f3n de material ABS. La pasta adhesiva se puede adherir a cualquier superficie lisa, como azulejos cer\u00e1micos pulidos, vidrio, madera, m\u00e1rmol, acero inoxidable o superficies met\u00e1licas.<\/p>\n<p>Instalaci\u00f3n f\u00e1cil, sin herramientas, sin taladrar, sin agujeros.<\/p>\n<p>Materiales de alta calidad, duraderos, livianos, adecuados para usar en la cocina, el ba\u00f1o o lugares de trabajo.<\/p>\n","protected":false},"excerpt":{"rendered":"<p>Impermeable, duradero, montado en la pared, soporte para papel de cocina con tablero de clavijas, gancho autoadhesivo hecho de pegamento<\/p>\n","protected":false},"featured_media":3205,"template":"","meta":{"_acf_changed":false},"product_cat":[115,129],"product_tag":[],"class_list":{"0":"post-3204","1":"product","2":"type-product","3":"status-publish","4":"has-post-thumbnail","6":"product_cat-no-drill-reusable-self-adhesive-hooks-for-walls","7":"product_cat-cajas-adhesivas-y-soportes-de-rollos-serie-abs","9":"first","10":"instock","11":"shipping-taxable","12":"product-type-simple"},"acf":[],"yoast_head":"<!-- This site is optimized with the Yoast SEO plugin v24.0 - https:\/\/yoast.com\/wordpress\/plugins\/seo\/ -->\n<title>Soporte para Papel de Cocina Montado en la Pared \/ Portarrollos de Papel de Cocina\u2502ONENICE<\/title>\n<meta name=\"description\" content=\"Obtenga el soporte de papel de cocina montado en la pared de ONENICE para una soluci\u00f3n resistente. Este portarrollos de papel de cocina montado en la pared ofrece conveniencia duradera.\" \/>\n<meta name=\"robots\" content=\"index, follow, max-snippet:-1, max-image-preview:large, max-video-preview:-1\" \/>\n<link rel=\"canonical\" href=\"https:\/\/geckohaha.com\/es\/producto\/portarrollos-de-papel-de-cocina-montado-en-la-pared-soporte-para-toallas-de-papel\/\" \/>\n<meta property=\"og:locale\" content=\"es_ES\" \/>\n<meta property=\"og:type\" content=\"article\" \/>\n<meta property=\"og:title\" content=\"Soporte para Papel de Cocina Montado en la Pared \/ Portarrollos de Papel de Cocina\u2502ONENICE\" \/>\n<meta property=\"og:description\" content=\"Obtenga el soporte de papel de cocina montado en la pared de ONENICE para una soluci\u00f3n resistente. Este portarrollos de papel de cocina montado en la pared ofrece conveniencia duradera.\" \/>\n<meta property=\"og:url\" content=\"https:\/\/geckohaha.com\/es\/producto\/portarrollos-de-papel-de-cocina-montado-en-la-pared-soporte-para-toallas-de-papel\/\" \/>\n<meta property=\"og:site_name\" content=\"Onenice Internaional Co., Ltd.\" \/>\n<meta property=\"og:image\" content=\"https:\/\/geckohaha.com\/wp-content\/uploads\/2022\/03\/waterproof_durable_Self-adhesive_Peg_board_Wall_mount__kitchen_paper_holder-980x980-1.jpg\" \/>\n\t<meta property=\"og:image:width\" content=\"980\" \/>\n\t<meta property=\"og:image:height\" content=\"980\" \/>\n\t<meta property=\"og:image:type\" content=\"image\/jpeg\" \/>\n<meta name=\"twitter:card\" content=\"summary_large_image\" \/>\n<script type=\"application\/ld+json\" class=\"yoast-schema-graph\">{\"@context\":\"https:\/\/schema.org\",\"@graph\":[{\"@type\":\"WebPage\",\"@id\":\"https:\/\/geckohaha.com\/es\/producto\/portarrollos-de-papel-de-cocina-montado-en-la-pared-soporte-para-toallas-de-papel\/\",\"url\":\"https:\/\/geckohaha.com\/es\/producto\/portarrollos-de-papel-de-cocina-montado-en-la-pared-soporte-para-toallas-de-papel\/\",\"name\":\"Soporte para Papel de Cocina Montado en la Pared \/ Portarrollos de Papel de Cocina\u2502ONENICE\",\"isPartOf\":{\"@id\":\"https:\/\/geckohaha.com\/es\/#website\"},\"primaryImageOfPage\":{\"@id\":\"https:\/\/geckohaha.com\/es\/producto\/portarrollos-de-papel-de-cocina-montado-en-la-pared-soporte-para-toallas-de-papel\/#primaryimage\"},\"image\":{\"@id\":\"https:\/\/geckohaha.com\/es\/producto\/portarrollos-de-papel-de-cocina-montado-en-la-pared-soporte-para-toallas-de-papel\/#primaryimage\"},\"thumbnailUrl\":\"https:\/\/geckohaha.com\/wp-content\/uploads\/2022\/03\/waterproof_durable_Self-adhesive_Peg_board_Wall_mount__kitchen_paper_holder-980x980-1.jpg\",\"datePublished\":\"2022-03-16T02:06:55+00:00\",\"dateModified\":\"2022-03-16T02:06:55+00:00\",\"description\":\"Obtenga el soporte de papel de cocina montado en la pared de ONENICE para una soluci\u00f3n resistente. Este portarrollos de papel de cocina montado en la pared ofrece conveniencia duradera.\",\"breadcrumb\":{\"@id\":\"https:\/\/geckohaha.com\/es\/producto\/portarrollos-de-papel-de-cocina-montado-en-la-pared-soporte-para-toallas-de-papel\/#breadcrumb\"},\"inLanguage\":\"es\",\"potentialAction\":[{\"@type\":\"ReadAction\",\"target\":[\"https:\/\/geckohaha.com\/es\/producto\/portarrollos-de-papel-de-cocina-montado-en-la-pared-soporte-para-toallas-de-papel\/\"]}]},{\"@type\":\"ImageObject\",\"inLanguage\":\"es\",\"@id\":\"https:\/\/geckohaha.com\/es\/producto\/portarrollos-de-papel-de-cocina-montado-en-la-pared-soporte-para-toallas-de-papel\/#primaryimage\",\"url\":\"https:\/\/geckohaha.com\/wp-content\/uploads\/2022\/03\/waterproof_durable_Self-adhesive_Peg_board_Wall_mount__kitchen_paper_holder-980x980-1.jpg\",\"contentUrl\":\"https:\/\/geckohaha.com\/wp-content\/uploads\/2022\/03\/waterproof_durable_Self-adhesive_Peg_board_Wall_mount__kitchen_paper_holder-980x980-1.jpg\",\"width\":980,\"height\":980},{\"@type\":\"BreadcrumbList\",\"@id\":\"https:\/\/geckohaha.com\/es\/producto\/portarrollos-de-papel-de-cocina-montado-en-la-pared-soporte-para-toallas-de-papel\/#breadcrumb\",\"itemListElement\":[{\"@type\":\"ListItem\",\"position\":1,\"name\":\"INICIO\",\"item\":\"https:\/\/geckohaha.com\/es\/\"},{\"@type\":\"ListItem\",\"position\":2,\"name\":\"Productos\",\"item\":\"https:\/\/geckohaha.com\/products\/\"},{\"@type\":\"ListItem\",\"position\":3,\"name\":\"Sin taladro\/ganchos autoadhesivos reutilizables para paredes\",\"item\":\"https:\/\/geckohaha.com\/es\/categoria-producto\/no-drill-reusable-self-adhesive-hooks-for-walls\/\"},{\"@type\":\"ListItem\",\"position\":4,\"name\":\"Cajas adhesivas y soportes de rollos - Serie ABS\",\"item\":\"https:\/\/geckohaha.com\/es\/categoria-producto\/no-drill-reusable-self-adhesive-hooks-for-walls\/cajas-adhesivas-y-soportes-de-rollos-serie-abs\/\"},{\"@type\":\"ListItem\",\"position\":5,\"name\":\"Portarrollos de Papel de Cocina Montado en la Pared \/ Soporte para Toallas de Papel\"}]},{\"@type\":\"WebSite\",\"@id\":\"https:\/\/geckohaha.com\/es\/#website\",\"url\":\"https:\/\/geckohaha.com\/es\/\",\"name\":\"Onenice Internaional Co., Ltd.\",\"description\":\"Free your idea, Enrich your life\",\"publisher\":{\"@id\":\"https:\/\/geckohaha.com\/es\/#organization\"},\"potentialAction\":[{\"@type\":\"SearchAction\",\"target\":{\"@type\":\"EntryPoint\",\"urlTemplate\":\"https:\/\/geckohaha.com\/es\/?s={search_term_string}\"},\"query-input\":{\"@type\":\"PropertyValueSpecification\",\"valueRequired\":true,\"valueName\":\"search_term_string\"}}],\"inLanguage\":\"es\"},{\"@type\":\"Organization\",\"@id\":\"https:\/\/geckohaha.com\/es\/#organization\",\"name\":\"\u842c\u99ff\u570b\u969b\u6709\u9650\u516c\u53f8\",\"url\":\"https:\/\/geckohaha.com\/es\/\",\"logo\":{\"@type\":\"ImageObject\",\"inLanguage\":\"es\",\"@id\":\"https:\/\/geckohaha.com\/es\/#\/schema\/logo\/image\/\",\"url\":\"http:\/\/geckohaha.com\/wp-content\/uploads\/2021\/12\/cropped-site_logo.png\",\"contentUrl\":\"http:\/\/geckohaha.com\/wp-content\/uploads\/2021\/12\/cropped-site_logo.png\",\"width\":512,\"height\":512,\"caption\":\"\u842c\u99ff\u570b\u969b\u6709\u9650\u516c\u53f8\"},\"image\":{\"@id\":\"https:\/\/geckohaha.com\/es\/#\/schema\/logo\/image\/\"}}]}<\/script>\n<!-- \/ Yoast SEO plugin. -->","yoast_head_json":{"title":"Soporte para Papel de Cocina Montado en la Pared \/ Portarrollos de Papel de Cocina\u2502ONENICE","description":"Obtenga el soporte de papel de cocina montado en la pared de ONENICE para una soluci\u00f3n resistente. Este portarrollos de papel de cocina montado en la pared ofrece conveniencia duradera.","robots":{"index":"index","follow":"follow","max-snippet":"max-snippet:-1","max-image-preview":"max-image-preview:large","max-video-preview":"max-video-preview:-1"},"canonical":"https:\/\/geckohaha.com\/es\/producto\/portarrollos-de-papel-de-cocina-montado-en-la-pared-soporte-para-toallas-de-papel\/","og_locale":"es_ES","og_type":"article","og_title":"Soporte para Papel de Cocina Montado en la Pared \/ Portarrollos de Papel de Cocina\u2502ONENICE","og_description":"Obtenga el soporte de papel de cocina montado en la pared de ONENICE para una soluci\u00f3n resistente. Este portarrollos de papel de cocina montado en la pared ofrece conveniencia duradera.","og_url":"https:\/\/geckohaha.com\/es\/producto\/portarrollos-de-papel-de-cocina-montado-en-la-pared-soporte-para-toallas-de-papel\/","og_site_name":"Onenice Internaional Co., Ltd.","og_image":[{"width":980,"height":980,"url":"https:\/\/geckohaha.com\/wp-content\/uploads\/2022\/03\/waterproof_durable_Self-adhesive_Peg_board_Wall_mount__kitchen_paper_holder-980x980-1.jpg","type":"image\/jpeg"}],"twitter_card":"summary_large_image","schema":{"@context":"https:\/\/schema.org","@graph":[{"@type":"WebPage","@id":"https:\/\/geckohaha.com\/es\/producto\/portarrollos-de-papel-de-cocina-montado-en-la-pared-soporte-para-toallas-de-papel\/","url":"https:\/\/geckohaha.com\/es\/producto\/portarrollos-de-papel-de-cocina-montado-en-la-pared-soporte-para-toallas-de-papel\/","name":"Soporte para Papel de Cocina Montado en la Pared \/ Portarrollos de Papel de Cocina\u2502ONENICE","isPartOf":{"@id":"https:\/\/geckohaha.com\/es\/#website"},"primaryImageOfPage":{"@id":"https:\/\/geckohaha.com\/es\/producto\/portarrollos-de-papel-de-cocina-montado-en-la-pared-soporte-para-toallas-de-papel\/#primaryimage"},"image":{"@id":"https:\/\/geckohaha.com\/es\/producto\/portarrollos-de-papel-de-cocina-montado-en-la-pared-soporte-para-toallas-de-papel\/#primaryimage"},"thumbnailUrl":"https:\/\/geckohaha.com\/wp-content\/uploads\/2022\/03\/waterproof_durable_Self-adhesive_Peg_board_Wall_mount__kitchen_paper_holder-980x980-1.jpg","datePublished":"2022-03-16T02:06:55+00:00","dateModified":"2022-03-16T02:06:55+00:00","description":"Obtenga el soporte de papel de cocina montado en la pared de ONENICE para una soluci\u00f3n resistente. Este portarrollos de papel de cocina montado en la pared ofrece conveniencia duradera.","breadcrumb":{"@id":"https:\/\/geckohaha.com\/es\/producto\/portarrollos-de-papel-de-cocina-montado-en-la-pared-soporte-para-toallas-de-papel\/#breadcrumb"},"inLanguage":"es","potentialAction":[{"@type":"ReadAction","target":["https:\/\/geckohaha.com\/es\/producto\/portarrollos-de-papel-de-cocina-montado-en-la-pared-soporte-para-toallas-de-papel\/"]}]},{"@type":"ImageObject","inLanguage":"es","@id":"https:\/\/geckohaha.com\/es\/producto\/portarrollos-de-papel-de-cocina-montado-en-la-pared-soporte-para-toallas-de-papel\/#primaryimage","url":"https:\/\/geckohaha.com\/wp-content\/uploads\/2022\/03\/waterproof_durable_Self-adhesive_Peg_board_Wall_mount__kitchen_paper_holder-980x980-1.jpg","contentUrl":"https:\/\/geckohaha.com\/wp-content\/uploads\/2022\/03\/waterproof_durable_Self-adhesive_Peg_board_Wall_mount__kitchen_paper_holder-980x980-1.jpg","width":980,"height":980},{"@type":"BreadcrumbList","@id":"https:\/\/geckohaha.com\/es\/producto\/portarrollos-de-papel-de-cocina-montado-en-la-pared-soporte-para-toallas-de-papel\/#breadcrumb","itemListElement":[{"@type":"ListItem","position":1,"name":"INICIO","item":"https:\/\/geckohaha.com\/es\/"},{"@type":"ListItem","position":2,"name":"Productos","item":"https:\/\/geckohaha.com\/products\/"},{"@type":"ListItem","position":3,"name":"Sin taladro\/ganchos autoadhesivos reutilizables para paredes","item":"https:\/\/geckohaha.com\/es\/categoria-producto\/no-drill-reusable-self-adhesive-hooks-for-walls\/"},{"@type":"ListItem","position":4,"name":"Cajas adhesivas y soportes de rollos - Serie ABS","item":"https:\/\/geckohaha.com\/es\/categoria-producto\/no-drill-reusable-self-adhesive-hooks-for-walls\/cajas-adhesivas-y-soportes-de-rollos-serie-abs\/"},{"@type":"ListItem","position":5,"name":"Portarrollos de Papel de Cocina Montado en la Pared \/ Soporte para Toallas de Papel"}]},{"@type":"WebSite","@id":"https:\/\/geckohaha.com\/es\/#website","url":"https:\/\/geckohaha.com\/es\/","name":"Onenice Internaional Co., Ltd.","description":"Free your idea, Enrich your life","publisher":{"@id":"https:\/\/geckohaha.com\/es\/#organization"},"potentialAction":[{"@type":"SearchAction","target":{"@type":"EntryPoint","urlTemplate":"https:\/\/geckohaha.com\/es\/?s={search_term_string}"},"query-input":{"@type":"PropertyValueSpecification","valueRequired":true,"valueName":"search_term_string"}}],"inLanguage":"es"},{"@type":"Organization","@id":"https:\/\/geckohaha.com\/es\/#organization","name":"\u842c\u99ff\u570b\u969b\u6709\u9650\u516c\u53f8","url":"https:\/\/geckohaha.com\/es\/","logo":{"@type":"ImageObject","inLanguage":"es","@id":"https:\/\/geckohaha.com\/es\/#\/schema\/logo\/image\/","url":"http:\/\/geckohaha.com\/wp-content\/uploads\/2021\/12\/cropped-site_logo.png","contentUrl":"http:\/\/geckohaha.com\/wp-content\/uploads\/2021\/12\/cropped-site_logo.png","width":512,"height":512,"caption":"\u842c\u99ff\u570b\u969b\u6709\u9650\u516c\u53f8"},"image":{"@id":"https:\/\/geckohaha.com\/es\/#\/schema\/logo\/image\/"}}]}},"_links":{"self":[{"href":"https:\/\/geckohaha.com\/es\/wp-json\/wp\/v2\/product\/3204","targetHints":{"allow":["GET"]}}],"collection":[{"href":"https:\/\/geckohaha.com\/es\/wp-json\/wp\/v2\/product"}],"about":[{"href":"https:\/\/geckohaha.com\/es\/wp-json\/wp\/v2\/types\/product"}],"wp:featuredmedia":[{"embeddable":true,"href":"https:\/\/geckohaha.com\/es\/wp-json\/wp\/v2\/media\/3205"}],"wp:attachment":[{"href":"https:\/\/geckohaha.com\/es\/wp-json\/wp\/v2\/media?parent=3204"}],"wp:term":[{"taxonomy":"product_cat","embeddable":true,"href":"https:\/\/geckohaha.com\/es\/wp-json\/wp\/v2\/product_cat?post=3204"},{"taxonomy":"product_tag","embeddable":true,"href":"https:\/\/geckohaha.com\/es\/wp-json\/wp\/v2\/product_tag?post=3204"}],"curies":[{"name":"wp","href":"https:\/\/api.w.org\/{rel}","templated":true}]}}