{"id":3212,"date":"2022-03-16T11:47:53","date_gmt":"2022-03-16T03:47:53","guid":{"rendered":"https:\/\/www.geckohaha.com\/product\/portarrollos-de-papel-higienico-autoadhesivo-negro\/"},"modified":"2024-04-29T13:12:05","modified_gmt":"2024-04-29T05:12:05","slug":"portarrollos-de-papel-higienico-autoadhesivo-negro","status":"publish","type":"product","link":"https:\/\/geckohaha.com\/es\/producto\/portarrollos-de-papel-higienico-autoadhesivo-negro\/","title":{"rendered":"Portarrollos de papel higi\u00e9nico autoadhesivo negro"},"content":{"rendered":"<p>Resistente al agua, duradero, portarrollos de papel higi\u00e9nico con fuerte viscosidad, sin taladros, f\u00e1cil de instalar, f\u00e1cil de limpiar, perfecto para el ba\u00f1o.<\/p>\n<p>Mejora tu ba\u00f1o con nuestro soporte para papel higi\u00e9nico de material ABS. El adhesivo se puede adherir a cualquier superficie lisa, como baldosas de cer\u00e1mica pulidas, vidrio, madera, m\u00e1rmol, acero inoxidable o superficies met\u00e1licas.<\/p>\n<p>Instalaci\u00f3n f\u00e1cil, sin herramientas, sin taladrar, sin agujeros.<\/p>\n<p>Materiales de alta calidad, duraderos, livianos, adecuados para usar en la cocina, el ba\u00f1o o lugares de trabajo.<\/p>\n","protected":false},"excerpt":{"rendered":"<p>Resistente al agua, duradero, portarrollos de papel higi\u00e9nico con fuerte viscosidad, sin taladros, f\u00e1cil de instalar, f\u00e1cil de limpiar, perfecto<\/p>\n","protected":false},"featured_media":3443,"template":"","meta":{"_acf_changed":false},"product_cat":[115,129],"product_tag":[],"class_list":{"0":"post-3212","1":"product","2":"type-product","3":"status-publish","4":"has-post-thumbnail","6":"product_cat-no-drill-reusable-self-adhesive-hooks-for-walls","7":"product_cat-cajas-adhesivas-y-soportes-de-rollos-serie-abs","9":"first","10":"instock","11":"shipping-taxable","12":"product-type-simple"},"acf":[],"yoast_head":"<!-- This site is optimized with the Yoast SEO plugin v24.0 - https:\/\/yoast.com\/wordpress\/plugins\/seo\/ -->\n<title>Portarrollos de papel higi\u00e9nico autoadhesivo negro\u2502ONENICE<\/title>\n<meta name=\"description\" content=\"Actualice con el portarrollos de papel higi\u00e9nico autoadhesivo ONENICE. Inst\u00e1lelo f\u00e1cilmente con la fuerte adhesi\u00f3n del portarrollos de papel higi\u00e9nico autoadhesivo.\" \/>\n<meta name=\"robots\" content=\"index, follow, max-snippet:-1, max-image-preview:large, max-video-preview:-1\" \/>\n<link rel=\"canonical\" href=\"https:\/\/geckohaha.com\/es\/producto\/portarrollos-de-papel-higienico-autoadhesivo-negro\/\" \/>\n<meta property=\"og:locale\" content=\"es_ES\" \/>\n<meta property=\"og:type\" content=\"article\" \/>\n<meta property=\"og:title\" content=\"Portarrollos de papel higi\u00e9nico autoadhesivo negro\u2502ONENICE\" \/>\n<meta property=\"og:description\" content=\"Actualice con el portarrollos de papel higi\u00e9nico autoadhesivo ONENICE. Inst\u00e1lelo f\u00e1cilmente con la fuerte adhesi\u00f3n del portarrollos de papel higi\u00e9nico autoadhesivo.\" \/>\n<meta property=\"og:url\" content=\"https:\/\/geckohaha.com\/es\/producto\/portarrollos-de-papel-higienico-autoadhesivo-negro\/\" \/>\n<meta property=\"og:site_name\" content=\"Onenice Internaional Co., Ltd.\" \/>\n<meta property=\"article:modified_time\" content=\"2024-04-29T05:12:05+00:00\" \/>\n<meta property=\"og:image\" content=\"https:\/\/geckohaha.com\/wp-content\/uploads\/ABS\u885b\u751f\u7d19\u67b6\u897f1.jpg\" \/>\n\t<meta property=\"og:image:width\" content=\"700\" \/>\n\t<meta property=\"og:image:height\" content=\"700\" \/>\n\t<meta property=\"og:image:type\" content=\"image\/jpeg\" \/>\n<meta name=\"twitter:card\" content=\"summary_large_image\" \/>\n<script type=\"application\/ld+json\" class=\"yoast-schema-graph\">{\"@context\":\"https:\/\/schema.org\",\"@graph\":[{\"@type\":\"WebPage\",\"@id\":\"https:\/\/geckohaha.com\/es\/producto\/portarrollos-de-papel-higienico-autoadhesivo-negro\/\",\"url\":\"https:\/\/geckohaha.com\/es\/producto\/portarrollos-de-papel-higienico-autoadhesivo-negro\/\",\"name\":\"Portarrollos de papel higi\u00e9nico autoadhesivo negro\u2502ONENICE\",\"isPartOf\":{\"@id\":\"https:\/\/geckohaha.com\/es\/#website\"},\"primaryImageOfPage\":{\"@id\":\"https:\/\/geckohaha.com\/es\/producto\/portarrollos-de-papel-higienico-autoadhesivo-negro\/#primaryimage\"},\"image\":{\"@id\":\"https:\/\/geckohaha.com\/es\/producto\/portarrollos-de-papel-higienico-autoadhesivo-negro\/#primaryimage\"},\"thumbnailUrl\":\"https:\/\/geckohaha.com\/wp-content\/uploads\/ABS\u885b\u751f\u7d19\u67b6\u897f1.jpg\",\"datePublished\":\"2022-03-16T03:47:53+00:00\",\"dateModified\":\"2024-04-29T05:12:05+00:00\",\"description\":\"Actualice con el portarrollos de papel higi\u00e9nico autoadhesivo ONENICE. Inst\u00e1lelo f\u00e1cilmente con la fuerte adhesi\u00f3n del portarrollos de papel higi\u00e9nico autoadhesivo.\",\"breadcrumb\":{\"@id\":\"https:\/\/geckohaha.com\/es\/producto\/portarrollos-de-papel-higienico-autoadhesivo-negro\/#breadcrumb\"},\"inLanguage\":\"es\",\"potentialAction\":[{\"@type\":\"ReadAction\",\"target\":[\"https:\/\/geckohaha.com\/es\/producto\/portarrollos-de-papel-higienico-autoadhesivo-negro\/\"]}]},{\"@type\":\"ImageObject\",\"inLanguage\":\"es\",\"@id\":\"https:\/\/geckohaha.com\/es\/producto\/portarrollos-de-papel-higienico-autoadhesivo-negro\/#primaryimage\",\"url\":\"https:\/\/geckohaha.com\/wp-content\/uploads\/ABS\u885b\u751f\u7d19\u67b6\u897f1.jpg\",\"contentUrl\":\"https:\/\/geckohaha.com\/wp-content\/uploads\/ABS\u885b\u751f\u7d19\u67b6\u897f1.jpg\",\"width\":700,\"height\":700},{\"@type\":\"BreadcrumbList\",\"@id\":\"https:\/\/geckohaha.com\/es\/producto\/portarrollos-de-papel-higienico-autoadhesivo-negro\/#breadcrumb\",\"itemListElement\":[{\"@type\":\"ListItem\",\"position\":1,\"name\":\"INICIO\",\"item\":\"https:\/\/geckohaha.com\/es\/\"},{\"@type\":\"ListItem\",\"position\":2,\"name\":\"Productos\",\"item\":\"https:\/\/geckohaha.com\/products\/\"},{\"@type\":\"ListItem\",\"position\":3,\"name\":\"Sin taladro\/ganchos autoadhesivos reutilizables para paredes\",\"item\":\"https:\/\/geckohaha.com\/es\/categoria-producto\/no-drill-reusable-self-adhesive-hooks-for-walls\/\"},{\"@type\":\"ListItem\",\"position\":4,\"name\":\"Cajas adhesivas y soportes de rollos - Serie ABS\",\"item\":\"https:\/\/geckohaha.com\/es\/categoria-producto\/no-drill-reusable-self-adhesive-hooks-for-walls\/cajas-adhesivas-y-soportes-de-rollos-serie-abs\/\"},{\"@type\":\"ListItem\",\"position\":5,\"name\":\"Portarrollos de papel higi\u00e9nico autoadhesivo negro\"}]},{\"@type\":\"WebSite\",\"@id\":\"https:\/\/geckohaha.com\/es\/#website\",\"url\":\"https:\/\/geckohaha.com\/es\/\",\"name\":\"Onenice Internaional Co., Ltd.\",\"description\":\"Free your idea, Enrich your life\",\"publisher\":{\"@id\":\"https:\/\/geckohaha.com\/es\/#organization\"},\"potentialAction\":[{\"@type\":\"SearchAction\",\"target\":{\"@type\":\"EntryPoint\",\"urlTemplate\":\"https:\/\/geckohaha.com\/es\/?s={search_term_string}\"},\"query-input\":{\"@type\":\"PropertyValueSpecification\",\"valueRequired\":true,\"valueName\":\"search_term_string\"}}],\"inLanguage\":\"es\"},{\"@type\":\"Organization\",\"@id\":\"https:\/\/geckohaha.com\/es\/#organization\",\"name\":\"\u842c\u99ff\u570b\u969b\u6709\u9650\u516c\u53f8\",\"url\":\"https:\/\/geckohaha.com\/es\/\",\"logo\":{\"@type\":\"ImageObject\",\"inLanguage\":\"es\",\"@id\":\"https:\/\/geckohaha.com\/es\/#\/schema\/logo\/image\/\",\"url\":\"http:\/\/geckohaha.com\/wp-content\/uploads\/2021\/12\/cropped-site_logo.png\",\"contentUrl\":\"http:\/\/geckohaha.com\/wp-content\/uploads\/2021\/12\/cropped-site_logo.png\",\"width\":512,\"height\":512,\"caption\":\"\u842c\u99ff\u570b\u969b\u6709\u9650\u516c\u53f8\"},\"image\":{\"@id\":\"https:\/\/geckohaha.com\/es\/#\/schema\/logo\/image\/\"}}]}<\/script>\n<!-- \/ Yoast SEO plugin. -->","yoast_head_json":{"title":"Portarrollos de papel higi\u00e9nico autoadhesivo negro\u2502ONENICE","description":"Actualice con el portarrollos de papel higi\u00e9nico autoadhesivo ONENICE. Inst\u00e1lelo f\u00e1cilmente con la fuerte adhesi\u00f3n del portarrollos de papel higi\u00e9nico autoadhesivo.","robots":{"index":"index","follow":"follow","max-snippet":"max-snippet:-1","max-image-preview":"max-image-preview:large","max-video-preview":"max-video-preview:-1"},"canonical":"https:\/\/geckohaha.com\/es\/producto\/portarrollos-de-papel-higienico-autoadhesivo-negro\/","og_locale":"es_ES","og_type":"article","og_title":"Portarrollos de papel higi\u00e9nico autoadhesivo negro\u2502ONENICE","og_description":"Actualice con el portarrollos de papel higi\u00e9nico autoadhesivo ONENICE. Inst\u00e1lelo f\u00e1cilmente con la fuerte adhesi\u00f3n del portarrollos de papel higi\u00e9nico autoadhesivo.","og_url":"https:\/\/geckohaha.com\/es\/producto\/portarrollos-de-papel-higienico-autoadhesivo-negro\/","og_site_name":"Onenice Internaional Co., Ltd.","article_modified_time":"2024-04-29T05:12:05+00:00","og_image":[{"width":700,"height":700,"url":"https:\/\/geckohaha.com\/wp-content\/uploads\/ABS\u885b\u751f\u7d19\u67b6\u897f1.jpg","type":"image\/jpeg"}],"twitter_card":"summary_large_image","schema":{"@context":"https:\/\/schema.org","@graph":[{"@type":"WebPage","@id":"https:\/\/geckohaha.com\/es\/producto\/portarrollos-de-papel-higienico-autoadhesivo-negro\/","url":"https:\/\/geckohaha.com\/es\/producto\/portarrollos-de-papel-higienico-autoadhesivo-negro\/","name":"Portarrollos de papel higi\u00e9nico autoadhesivo negro\u2502ONENICE","isPartOf":{"@id":"https:\/\/geckohaha.com\/es\/#website"},"primaryImageOfPage":{"@id":"https:\/\/geckohaha.com\/es\/producto\/portarrollos-de-papel-higienico-autoadhesivo-negro\/#primaryimage"},"image":{"@id":"https:\/\/geckohaha.com\/es\/producto\/portarrollos-de-papel-higienico-autoadhesivo-negro\/#primaryimage"},"thumbnailUrl":"https:\/\/geckohaha.com\/wp-content\/uploads\/ABS\u885b\u751f\u7d19\u67b6\u897f1.jpg","datePublished":"2022-03-16T03:47:53+00:00","dateModified":"2024-04-29T05:12:05+00:00","description":"Actualice con el portarrollos de papel higi\u00e9nico autoadhesivo ONENICE. Inst\u00e1lelo f\u00e1cilmente con la fuerte adhesi\u00f3n del portarrollos de papel higi\u00e9nico autoadhesivo.","breadcrumb":{"@id":"https:\/\/geckohaha.com\/es\/producto\/portarrollos-de-papel-higienico-autoadhesivo-negro\/#breadcrumb"},"inLanguage":"es","potentialAction":[{"@type":"ReadAction","target":["https:\/\/geckohaha.com\/es\/producto\/portarrollos-de-papel-higienico-autoadhesivo-negro\/"]}]},{"@type":"ImageObject","inLanguage":"es","@id":"https:\/\/geckohaha.com\/es\/producto\/portarrollos-de-papel-higienico-autoadhesivo-negro\/#primaryimage","url":"https:\/\/geckohaha.com\/wp-content\/uploads\/ABS\u885b\u751f\u7d19\u67b6\u897f1.jpg","contentUrl":"https:\/\/geckohaha.com\/wp-content\/uploads\/ABS\u885b\u751f\u7d19\u67b6\u897f1.jpg","width":700,"height":700},{"@type":"BreadcrumbList","@id":"https:\/\/geckohaha.com\/es\/producto\/portarrollos-de-papel-higienico-autoadhesivo-negro\/#breadcrumb","itemListElement":[{"@type":"ListItem","position":1,"name":"INICIO","item":"https:\/\/geckohaha.com\/es\/"},{"@type":"ListItem","position":2,"name":"Productos","item":"https:\/\/geckohaha.com\/products\/"},{"@type":"ListItem","position":3,"name":"Sin taladro\/ganchos autoadhesivos reutilizables para paredes","item":"https:\/\/geckohaha.com\/es\/categoria-producto\/no-drill-reusable-self-adhesive-hooks-for-walls\/"},{"@type":"ListItem","position":4,"name":"Cajas adhesivas y soportes de rollos - Serie ABS","item":"https:\/\/geckohaha.com\/es\/categoria-producto\/no-drill-reusable-self-adhesive-hooks-for-walls\/cajas-adhesivas-y-soportes-de-rollos-serie-abs\/"},{"@type":"ListItem","position":5,"name":"Portarrollos de papel higi\u00e9nico autoadhesivo negro"}]},{"@type":"WebSite","@id":"https:\/\/geckohaha.com\/es\/#website","url":"https:\/\/geckohaha.com\/es\/","name":"Onenice Internaional Co., Ltd.","description":"Free your idea, Enrich your life","publisher":{"@id":"https:\/\/geckohaha.com\/es\/#organization"},"potentialAction":[{"@type":"SearchAction","target":{"@type":"EntryPoint","urlTemplate":"https:\/\/geckohaha.com\/es\/?s={search_term_string}"},"query-input":{"@type":"PropertyValueSpecification","valueRequired":true,"valueName":"search_term_string"}}],"inLanguage":"es"},{"@type":"Organization","@id":"https:\/\/geckohaha.com\/es\/#organization","name":"\u842c\u99ff\u570b\u969b\u6709\u9650\u516c\u53f8","url":"https:\/\/geckohaha.com\/es\/","logo":{"@type":"ImageObject","inLanguage":"es","@id":"https:\/\/geckohaha.com\/es\/#\/schema\/logo\/image\/","url":"http:\/\/geckohaha.com\/wp-content\/uploads\/2021\/12\/cropped-site_logo.png","contentUrl":"http:\/\/geckohaha.com\/wp-content\/uploads\/2021\/12\/cropped-site_logo.png","width":512,"height":512,"caption":"\u842c\u99ff\u570b\u969b\u6709\u9650\u516c\u53f8"},"image":{"@id":"https:\/\/geckohaha.com\/es\/#\/schema\/logo\/image\/"}}]}},"_links":{"self":[{"href":"https:\/\/geckohaha.com\/es\/wp-json\/wp\/v2\/product\/3212","targetHints":{"allow":["GET"]}}],"collection":[{"href":"https:\/\/geckohaha.com\/es\/wp-json\/wp\/v2\/product"}],"about":[{"href":"https:\/\/geckohaha.com\/es\/wp-json\/wp\/v2\/types\/product"}],"wp:featuredmedia":[{"embeddable":true,"href":"https:\/\/geckohaha.com\/es\/wp-json\/wp\/v2\/media\/3443"}],"wp:attachment":[{"href":"https:\/\/geckohaha.com\/es\/wp-json\/wp\/v2\/media?parent=3212"}],"wp:term":[{"taxonomy":"product_cat","embeddable":true,"href":"https:\/\/geckohaha.com\/es\/wp-json\/wp\/v2\/product_cat?post=3212"},{"taxonomy":"product_tag","embeddable":true,"href":"https:\/\/geckohaha.com\/es\/wp-json\/wp\/v2\/product_tag?post=3212"}],"curies":[{"name":"wp","href":"https:\/\/api.w.org\/{rel}","templated":true}]}}