{"id":3283,"date":"2022-03-11T14:12:19","date_gmt":"2022-03-11T06:12:19","guid":{"rendered":"https:\/\/www.geckohaha.com\/product\/pajitas-de-bebida-pla-compostables-y-biodegradables-rectas\/"},"modified":"2024-04-26T14:42:24","modified_gmt":"2024-04-26T06:42:24","slug":"pajitas-de-bebida-pla-compostables-y-biodegradables-rectas","status":"publish","type":"product","link":"https:\/\/geckohaha.com\/es\/producto\/pajitas-de-bebida-pla-compostables-y-biodegradables-rectas\/","title":{"rendered":"Pajitas de bebida PLA compostables y biodegradables rectas"},"content":{"rendered":"<h2 class=\"toggleCtrl closeIt\">Caracter\u00edsticas Clave<\/h2>\n<div class=\"toggleArea\">\n<article class=\"keyFeatures\">\n<ul>\n<li><span style=\"font-weight: 400;\">El almid\u00f3n de ma\u00edz es una alternativa renovable y sostenible a los materiales basados en petr\u00f3leo <\/span><span style=\"font-weight: 400;\">y es un material org\u00e1nico que se descompone naturalmente. Son alternativas al pl\u00e1stico y al <\/span><span style=\"font-weight: 400;\">papel. <\/span><\/li>\n<li><span style=\"font-weight: 400;\">Las pajitas de PLA son tanto ecol\u00f3gicas como convenientes. Son m\u00e1s fuertes y <\/span><span style=\"font-weight: 400;\">M\u00e1s duraderas que las pajitas de papel. Son adecuadas para un solo uso en fiestas, <\/span><span style=\"font-weight: 400;\">Negocios, restaurantes y otros lugares. <\/span><\/li>\n<li><span style=\"font-weight: 400;\">La pajita ha sido probada para el contacto con alimentos, para que los clientes puedan usarla <\/span> <span style=\"font-weight: 400;\">con tranquilidad.<\/span><\/li>\n<\/ul>\n<\/article>\n<p>&nbsp;<\/p>\n<table style=\"height: 194px;\" width=\"638\">\n<tbody>\n<tr>\n<td><b>Material<\/b><\/td>\n<td><b>Material 100% compostable<\/b><\/td>\n<\/tr>\n<tr>\n<td><b>Di\u00e1metro personalizado<\/b><\/td>\n<td><b>4-10mm<\/b><\/td>\n<\/tr>\n<tr>\n<td><b>Eed<\/b><\/td>\n<td><b>Extremo plano<\/b> <b>o extremo<\/b> <b>afilado<\/b><\/td>\n<\/tr>\n<\/tbody>\n<\/table>\n<\/div>\n","protected":false},"excerpt":{"rendered":"<p>Caracter\u00edsticas Clave El almid\u00f3n de ma\u00edz es una alternativa renovable y sostenible a los materiales basados en petr\u00f3leo y es<\/p>\n","protected":false},"featured_media":3125,"template":"","meta":{"_acf_changed":false},"product_cat":[125,126],"product_tag":[],"class_list":{"0":"post-3283","1":"product","2":"type-product","3":"status-publish","4":"has-post-thumbnail","6":"product_cat-recipientes-y-vajilla-alimentaria-biodegradables-de-pla","7":"product_cat-pajitas-de-pla","9":"first","10":"instock","11":"shipping-taxable","12":"product-type-simple"},"acf":[],"yoast_head":"<!-- This site is optimized with the Yoast SEO plugin v24.0 - https:\/\/yoast.com\/wordpress\/plugins\/seo\/ -->\n<title>Pajitas Rectas Biodegradables y Compostables de PLA\u2502ONENICE<\/title>\n<meta name=\"description\" content=\"Pajitas de bebida compostables de PLA, fabricadas con almid\u00f3n de ma\u00edz sostenible, son respetuosas con el medio ambiente. Elige estas pajitas de bebida compostables de PLA para un estilo de vida verde.\" \/>\n<meta name=\"robots\" content=\"index, follow, max-snippet:-1, max-image-preview:large, max-video-preview:-1\" \/>\n<link rel=\"canonical\" href=\"https:\/\/geckohaha.com\/es\/producto\/pajitas-de-bebida-pla-compostables-y-biodegradables-rectas\/\" \/>\n<meta property=\"og:locale\" content=\"es_ES\" \/>\n<meta property=\"og:type\" content=\"article\" \/>\n<meta property=\"og:title\" content=\"Pajitas Rectas Biodegradables y Compostables de PLA\u2502ONENICE\" \/>\n<meta property=\"og:description\" content=\"Pajitas de bebida compostables de PLA, fabricadas con almid\u00f3n de ma\u00edz sostenible, son respetuosas con el medio ambiente. Elige estas pajitas de bebida compostables de PLA para un estilo de vida verde.\" \/>\n<meta property=\"og:url\" content=\"https:\/\/geckohaha.com\/es\/producto\/pajitas-de-bebida-pla-compostables-y-biodegradables-rectas\/\" \/>\n<meta property=\"og:site_name\" content=\"Onenice Internaional Co., Ltd.\" \/>\n<meta property=\"article:modified_time\" content=\"2024-04-26T06:42:24+00:00\" \/>\n<meta property=\"og:image\" content=\"https:\/\/geckohaha.com\/wp-content\/uploads\/2022\/03\/\u672a\u547d\u540d-1-1.jpg\" \/>\n\t<meta property=\"og:image:width\" content=\"600\" \/>\n\t<meta property=\"og:image:height\" content=\"600\" \/>\n\t<meta property=\"og:image:type\" content=\"image\/jpeg\" \/>\n<meta name=\"twitter:card\" content=\"summary_large_image\" \/>\n<script type=\"application\/ld+json\" class=\"yoast-schema-graph\">{\"@context\":\"https:\/\/schema.org\",\"@graph\":[{\"@type\":\"WebPage\",\"@id\":\"https:\/\/geckohaha.com\/es\/producto\/pajitas-de-bebida-pla-compostables-y-biodegradables-rectas\/\",\"url\":\"https:\/\/geckohaha.com\/es\/producto\/pajitas-de-bebida-pla-compostables-y-biodegradables-rectas\/\",\"name\":\"Pajitas Rectas Biodegradables y Compostables de PLA\u2502ONENICE\",\"isPartOf\":{\"@id\":\"https:\/\/geckohaha.com\/es\/#website\"},\"primaryImageOfPage\":{\"@id\":\"https:\/\/geckohaha.com\/es\/producto\/pajitas-de-bebida-pla-compostables-y-biodegradables-rectas\/#primaryimage\"},\"image\":{\"@id\":\"https:\/\/geckohaha.com\/es\/producto\/pajitas-de-bebida-pla-compostables-y-biodegradables-rectas\/#primaryimage\"},\"thumbnailUrl\":\"https:\/\/geckohaha.com\/wp-content\/uploads\/2022\/03\/\u672a\u547d\u540d-1-1.jpg\",\"datePublished\":\"2022-03-11T06:12:19+00:00\",\"dateModified\":\"2024-04-26T06:42:24+00:00\",\"description\":\"Pajitas de bebida compostables de PLA, fabricadas con almid\u00f3n de ma\u00edz sostenible, son respetuosas con el medio ambiente. Elige estas pajitas de bebida compostables de PLA para un estilo de vida verde.\",\"breadcrumb\":{\"@id\":\"https:\/\/geckohaha.com\/es\/producto\/pajitas-de-bebida-pla-compostables-y-biodegradables-rectas\/#breadcrumb\"},\"inLanguage\":\"es\",\"potentialAction\":[{\"@type\":\"ReadAction\",\"target\":[\"https:\/\/geckohaha.com\/es\/producto\/pajitas-de-bebida-pla-compostables-y-biodegradables-rectas\/\"]}]},{\"@type\":\"ImageObject\",\"inLanguage\":\"es\",\"@id\":\"https:\/\/geckohaha.com\/es\/producto\/pajitas-de-bebida-pla-compostables-y-biodegradables-rectas\/#primaryimage\",\"url\":\"https:\/\/geckohaha.com\/wp-content\/uploads\/2022\/03\/\u672a\u547d\u540d-1-1.jpg\",\"contentUrl\":\"https:\/\/geckohaha.com\/wp-content\/uploads\/2022\/03\/\u672a\u547d\u540d-1-1.jpg\",\"width\":600,\"height\":600},{\"@type\":\"BreadcrumbList\",\"@id\":\"https:\/\/geckohaha.com\/es\/producto\/pajitas-de-bebida-pla-compostables-y-biodegradables-rectas\/#breadcrumb\",\"itemListElement\":[{\"@type\":\"ListItem\",\"position\":1,\"name\":\"INICIO\",\"item\":\"https:\/\/geckohaha.com\/es\/\"},{\"@type\":\"ListItem\",\"position\":2,\"name\":\"Productos\",\"item\":\"https:\/\/geckohaha.com\/products\/\"},{\"@type\":\"ListItem\",\"position\":3,\"name\":\"Recipientes y vajilla alimentaria biodegradables de PLA\",\"item\":\"https:\/\/geckohaha.com\/es\/categoria-producto\/recipientes-y-vajilla-alimentaria-biodegradables-de-pla\/\"},{\"@type\":\"ListItem\",\"position\":4,\"name\":\"Pajitas de bebida PLA compostables y biodegradables rectas\"}]},{\"@type\":\"WebSite\",\"@id\":\"https:\/\/geckohaha.com\/es\/#website\",\"url\":\"https:\/\/geckohaha.com\/es\/\",\"name\":\"Onenice Internaional Co., Ltd.\",\"description\":\"Free your idea, Enrich your life\",\"publisher\":{\"@id\":\"https:\/\/geckohaha.com\/es\/#organization\"},\"potentialAction\":[{\"@type\":\"SearchAction\",\"target\":{\"@type\":\"EntryPoint\",\"urlTemplate\":\"https:\/\/geckohaha.com\/es\/?s={search_term_string}\"},\"query-input\":{\"@type\":\"PropertyValueSpecification\",\"valueRequired\":true,\"valueName\":\"search_term_string\"}}],\"inLanguage\":\"es\"},{\"@type\":\"Organization\",\"@id\":\"https:\/\/geckohaha.com\/es\/#organization\",\"name\":\"\u842c\u99ff\u570b\u969b\u6709\u9650\u516c\u53f8\",\"url\":\"https:\/\/geckohaha.com\/es\/\",\"logo\":{\"@type\":\"ImageObject\",\"inLanguage\":\"es\",\"@id\":\"https:\/\/geckohaha.com\/es\/#\/schema\/logo\/image\/\",\"url\":\"http:\/\/geckohaha.com\/wp-content\/uploads\/2021\/12\/cropped-site_logo.png\",\"contentUrl\":\"http:\/\/geckohaha.com\/wp-content\/uploads\/2021\/12\/cropped-site_logo.png\",\"width\":512,\"height\":512,\"caption\":\"\u842c\u99ff\u570b\u969b\u6709\u9650\u516c\u53f8\"},\"image\":{\"@id\":\"https:\/\/geckohaha.com\/es\/#\/schema\/logo\/image\/\"}}]}<\/script>\n<!-- \/ Yoast SEO plugin. -->","yoast_head_json":{"title":"Pajitas Rectas Biodegradables y Compostables de PLA\u2502ONENICE","description":"Pajitas de bebida compostables de PLA, fabricadas con almid\u00f3n de ma\u00edz sostenible, son respetuosas con el medio ambiente. Elige estas pajitas de bebida compostables de PLA para un estilo de vida verde.","robots":{"index":"index","follow":"follow","max-snippet":"max-snippet:-1","max-image-preview":"max-image-preview:large","max-video-preview":"max-video-preview:-1"},"canonical":"https:\/\/geckohaha.com\/es\/producto\/pajitas-de-bebida-pla-compostables-y-biodegradables-rectas\/","og_locale":"es_ES","og_type":"article","og_title":"Pajitas Rectas Biodegradables y Compostables de PLA\u2502ONENICE","og_description":"Pajitas de bebida compostables de PLA, fabricadas con almid\u00f3n de ma\u00edz sostenible, son respetuosas con el medio ambiente. Elige estas pajitas de bebida compostables de PLA para un estilo de vida verde.","og_url":"https:\/\/geckohaha.com\/es\/producto\/pajitas-de-bebida-pla-compostables-y-biodegradables-rectas\/","og_site_name":"Onenice Internaional Co., Ltd.","article_modified_time":"2024-04-26T06:42:24+00:00","og_image":[{"width":600,"height":600,"url":"https:\/\/geckohaha.com\/wp-content\/uploads\/2022\/03\/\u672a\u547d\u540d-1-1.jpg","type":"image\/jpeg"}],"twitter_card":"summary_large_image","schema":{"@context":"https:\/\/schema.org","@graph":[{"@type":"WebPage","@id":"https:\/\/geckohaha.com\/es\/producto\/pajitas-de-bebida-pla-compostables-y-biodegradables-rectas\/","url":"https:\/\/geckohaha.com\/es\/producto\/pajitas-de-bebida-pla-compostables-y-biodegradables-rectas\/","name":"Pajitas Rectas Biodegradables y Compostables de PLA\u2502ONENICE","isPartOf":{"@id":"https:\/\/geckohaha.com\/es\/#website"},"primaryImageOfPage":{"@id":"https:\/\/geckohaha.com\/es\/producto\/pajitas-de-bebida-pla-compostables-y-biodegradables-rectas\/#primaryimage"},"image":{"@id":"https:\/\/geckohaha.com\/es\/producto\/pajitas-de-bebida-pla-compostables-y-biodegradables-rectas\/#primaryimage"},"thumbnailUrl":"https:\/\/geckohaha.com\/wp-content\/uploads\/2022\/03\/\u672a\u547d\u540d-1-1.jpg","datePublished":"2022-03-11T06:12:19+00:00","dateModified":"2024-04-26T06:42:24+00:00","description":"Pajitas de bebida compostables de PLA, fabricadas con almid\u00f3n de ma\u00edz sostenible, son respetuosas con el medio ambiente. Elige estas pajitas de bebida compostables de PLA para un estilo de vida verde.","breadcrumb":{"@id":"https:\/\/geckohaha.com\/es\/producto\/pajitas-de-bebida-pla-compostables-y-biodegradables-rectas\/#breadcrumb"},"inLanguage":"es","potentialAction":[{"@type":"ReadAction","target":["https:\/\/geckohaha.com\/es\/producto\/pajitas-de-bebida-pla-compostables-y-biodegradables-rectas\/"]}]},{"@type":"ImageObject","inLanguage":"es","@id":"https:\/\/geckohaha.com\/es\/producto\/pajitas-de-bebida-pla-compostables-y-biodegradables-rectas\/#primaryimage","url":"https:\/\/geckohaha.com\/wp-content\/uploads\/2022\/03\/\u672a\u547d\u540d-1-1.jpg","contentUrl":"https:\/\/geckohaha.com\/wp-content\/uploads\/2022\/03\/\u672a\u547d\u540d-1-1.jpg","width":600,"height":600},{"@type":"BreadcrumbList","@id":"https:\/\/geckohaha.com\/es\/producto\/pajitas-de-bebida-pla-compostables-y-biodegradables-rectas\/#breadcrumb","itemListElement":[{"@type":"ListItem","position":1,"name":"INICIO","item":"https:\/\/geckohaha.com\/es\/"},{"@type":"ListItem","position":2,"name":"Productos","item":"https:\/\/geckohaha.com\/products\/"},{"@type":"ListItem","position":3,"name":"Recipientes y vajilla alimentaria biodegradables de PLA","item":"https:\/\/geckohaha.com\/es\/categoria-producto\/recipientes-y-vajilla-alimentaria-biodegradables-de-pla\/"},{"@type":"ListItem","position":4,"name":"Pajitas de bebida PLA compostables y biodegradables rectas"}]},{"@type":"WebSite","@id":"https:\/\/geckohaha.com\/es\/#website","url":"https:\/\/geckohaha.com\/es\/","name":"Onenice Internaional Co., Ltd.","description":"Free your idea, Enrich your life","publisher":{"@id":"https:\/\/geckohaha.com\/es\/#organization"},"potentialAction":[{"@type":"SearchAction","target":{"@type":"EntryPoint","urlTemplate":"https:\/\/geckohaha.com\/es\/?s={search_term_string}"},"query-input":{"@type":"PropertyValueSpecification","valueRequired":true,"valueName":"search_term_string"}}],"inLanguage":"es"},{"@type":"Organization","@id":"https:\/\/geckohaha.com\/es\/#organization","name":"\u842c\u99ff\u570b\u969b\u6709\u9650\u516c\u53f8","url":"https:\/\/geckohaha.com\/es\/","logo":{"@type":"ImageObject","inLanguage":"es","@id":"https:\/\/geckohaha.com\/es\/#\/schema\/logo\/image\/","url":"http:\/\/geckohaha.com\/wp-content\/uploads\/2021\/12\/cropped-site_logo.png","contentUrl":"http:\/\/geckohaha.com\/wp-content\/uploads\/2021\/12\/cropped-site_logo.png","width":512,"height":512,"caption":"\u842c\u99ff\u570b\u969b\u6709\u9650\u516c\u53f8"},"image":{"@id":"https:\/\/geckohaha.com\/es\/#\/schema\/logo\/image\/"}}]}},"_links":{"self":[{"href":"https:\/\/geckohaha.com\/es\/wp-json\/wp\/v2\/product\/3283","targetHints":{"allow":["GET"]}}],"collection":[{"href":"https:\/\/geckohaha.com\/es\/wp-json\/wp\/v2\/product"}],"about":[{"href":"https:\/\/geckohaha.com\/es\/wp-json\/wp\/v2\/types\/product"}],"wp:featuredmedia":[{"embeddable":true,"href":"https:\/\/geckohaha.com\/es\/wp-json\/wp\/v2\/media\/3125"}],"wp:attachment":[{"href":"https:\/\/geckohaha.com\/es\/wp-json\/wp\/v2\/media?parent=3283"}],"wp:term":[{"taxonomy":"product_cat","embeddable":true,"href":"https:\/\/geckohaha.com\/es\/wp-json\/wp\/v2\/product_cat?post=3283"},{"taxonomy":"product_tag","embeddable":true,"href":"https:\/\/geckohaha.com\/es\/wp-json\/wp\/v2\/product_tag?post=3283"}],"curies":[{"name":"wp","href":"https:\/\/api.w.org\/{rel}","templated":true}]}}