{"id":3286,"date":"2022-03-14T16:14:28","date_gmt":"2022-03-14T08:14:28","guid":{"rendered":"https:\/\/www.geckohaha.com\/product\/cacahuetes-de-embalaje-biodegradables-de-almidon-de-maiz\/"},"modified":"2024-04-26T14:42:23","modified_gmt":"2024-04-26T06:42:23","slug":"cacahuetes-de-embalaje-biodegradables-de-almidon-de-maiz","status":"publish","type":"product","link":"https:\/\/geckohaha.com\/es\/producto\/cacahuetes-de-embalaje-biodegradables-de-almidon-de-maiz\/","title":{"rendered":"Cacahuetes de Embalaje Biodegradables de Almid\u00f3n de Ma\u00edz"},"content":{"rendered":"<ul>\n<li><span lang=\"EN-US\">Fabricantes de materiales ecol\u00f3gicos.<\/span><\/li>\n<li>Esponja de embalaje de almid\u00f3n biodegradable<\/li>\n<li>Caracter\u00edstica: <span lang=\"EN-US\">Ecol\u00f3gico, Desechable, Biodegradable <\/span> <\/li>\n<li>Material: PLA<\/li>\n<li>Hecho en Taiw\u00e1n<\/li>\n<\/ul>\n<h3>P: \u00bfCu\u00e1l es el mejor precio que ofrecen?<\/h3>\n<div>R: El precio depende de la cantidad. Puedes darnos m\u00e1s detalles para que te podamos cotizar el precio. Pero te aseguramos que podemos ofrecerte el mejor precio y calidad. Si deseas conocer un precio espec\u00edfico, por favor env\u00edanos una consulta o cont\u00e1ctanos. Nuestro equipo de ventas te atender\u00e1 con prioridad.<\/div>\n<div><\/div>\n<h3>P: \u00bfCu\u00e1les son sus condiciones de pago?<\/h3>\n<div>R: Las condiciones de pago depender\u00e1n de la cantidad de productos y el env\u00edo. Puedes enviarnos una consulta o si tienes alguna solicitud, no dudes en contactarnos. Nuestro equipo de ventas te atender\u00e1 con prioridad.<\/div>\n<div><\/div>\n<h3>P: <strong>Servicio integral:<\/strong><\/h3>\n<div>R: Te garantizamos un servicio integral para una r\u00e1pida y efectiva atenci\u00f3n en la preventa, producci\u00f3n, control de calidad, embalaje, env\u00edo, servicio posventa, etc. Si est\u00e1s interesado en nuestros productos, visita nuestro sitio web de comercio de Taiw\u00e1n y env\u00edanos una consulta o un correo electr\u00f3nico. Estaremos encantados de recibir tu informaci\u00f3n.<\/div>\n<div><\/div>\n<h3>P: \u00bfC\u00f3mo puedo contactar contigo?<\/h3>\n<div>R: Si est\u00e1s interesado en nuestros productos, nuestro sitio web de comercio de Taiw\u00e1n tiene nuestra informaci\u00f3n de contacto, as\u00ed que no dudes en enviarnos una consulta o un correo electr\u00f3nico. Estaremos encantados de recibir tu informaci\u00f3n.<\/div>\n<div><\/div>\n<h3>P: \u00bfCu\u00e1nto tiempo es el tiempo de entrega?<\/h3>\n<div>R: Depender\u00e1 de las condiciones de transporte. Si deseas conocer un plazo de entrega espec\u00edfico, por favor env\u00edanos una consulta o cont\u00e1ctanos. Nuestro equipo de ventas te atender\u00e1 con prioridad.<\/div>\n<div><\/div>\n<h3>P: \u00bfCu\u00e1l es el m\u00e9todo de pago que aceptan?<\/h3>\n<div>T\/T, o si deseas elegir otro m\u00e9todo de pago, por favor env\u00edanos una consulta o cont\u00e1ctanos. Nuestro equipo de ventas discutir\u00e1 contigo.<\/div>\n<p>&nbsp;<\/p>\n","protected":false},"excerpt":{"rendered":"<p>Fabricantes de materiales ecol\u00f3gicos. Esponja de embalaje de almid\u00f3n biodegradable Caracter\u00edstica: Ecol\u00f3gico, Desechable, Biodegradable Material: PLA Hecho en Taiw\u00e1n P:<\/p>\n","protected":false},"featured_media":3287,"template":"","meta":{"_acf_changed":false},"product_cat":[136,125],"product_tag":[],"class_list":{"0":"post-3286","1":"product","2":"type-product","3":"status-publish","4":"has-post-thumbnail","6":"product_cat-relleno-de-envases-biodegradables","7":"product_cat-recipientes-y-vajilla-alimentaria-biodegradables-de-pla","9":"first","10":"instock","11":"shipping-taxable","12":"product-type-simple"},"acf":[],"yoast_head":"<!-- This site is optimized with the Yoast SEO plugin v24.0 - https:\/\/yoast.com\/wordpress\/plugins\/seo\/ -->\n<title>Almid\u00f3n de Ma\u00edz Cacahuetes de Embalaje Biodegradables\u2502ONENICE<\/title>\n<meta name=\"description\" content=\"Los cacahuetes de embalaje biodegradables, hechos de almid\u00f3n de ma\u00edz, son ecol\u00f3gicos. Elija nuestros cacahuetes de embalaje biodegradables para un embalaje sostenible.\" \/>\n<meta name=\"robots\" content=\"index, follow, max-snippet:-1, max-image-preview:large, max-video-preview:-1\" \/>\n<link rel=\"canonical\" href=\"https:\/\/geckohaha.com\/es\/producto\/cacahuetes-de-embalaje-biodegradables-de-almidon-de-maiz\/\" \/>\n<meta property=\"og:locale\" content=\"es_ES\" \/>\n<meta property=\"og:type\" content=\"article\" \/>\n<meta property=\"og:title\" content=\"Almid\u00f3n de Ma\u00edz Cacahuetes de Embalaje Biodegradables\u2502ONENICE\" \/>\n<meta property=\"og:description\" content=\"Los cacahuetes de embalaje biodegradables, hechos de almid\u00f3n de ma\u00edz, son ecol\u00f3gicos. Elija nuestros cacahuetes de embalaje biodegradables para un embalaje sostenible.\" \/>\n<meta property=\"og:url\" content=\"https:\/\/geckohaha.com\/es\/producto\/cacahuetes-de-embalaje-biodegradables-de-almidon-de-maiz\/\" \/>\n<meta property=\"og:site_name\" content=\"Onenice Internaional Co., Ltd.\" \/>\n<meta property=\"article:modified_time\" content=\"2024-04-26T06:42:23+00:00\" \/>\n<meta property=\"og:image\" content=\"https:\/\/geckohaha.com\/wp-content\/uploads\/2022\/03\/\u672a\u547d\u540d-5-1.jpg\" \/>\n\t<meta property=\"og:image:width\" content=\"600\" \/>\n\t<meta property=\"og:image:height\" content=\"600\" \/>\n\t<meta property=\"og:image:type\" content=\"image\/jpeg\" \/>\n<meta name=\"twitter:card\" content=\"summary_large_image\" \/>\n<script type=\"application\/ld+json\" class=\"yoast-schema-graph\">{\"@context\":\"https:\/\/schema.org\",\"@graph\":[{\"@type\":\"WebPage\",\"@id\":\"https:\/\/geckohaha.com\/es\/producto\/cacahuetes-de-embalaje-biodegradables-de-almidon-de-maiz\/\",\"url\":\"https:\/\/geckohaha.com\/es\/producto\/cacahuetes-de-embalaje-biodegradables-de-almidon-de-maiz\/\",\"name\":\"Almid\u00f3n de Ma\u00edz Cacahuetes de Embalaje Biodegradables\u2502ONENICE\",\"isPartOf\":{\"@id\":\"https:\/\/geckohaha.com\/es\/#website\"},\"primaryImageOfPage\":{\"@id\":\"https:\/\/geckohaha.com\/es\/producto\/cacahuetes-de-embalaje-biodegradables-de-almidon-de-maiz\/#primaryimage\"},\"image\":{\"@id\":\"https:\/\/geckohaha.com\/es\/producto\/cacahuetes-de-embalaje-biodegradables-de-almidon-de-maiz\/#primaryimage\"},\"thumbnailUrl\":\"https:\/\/geckohaha.com\/wp-content\/uploads\/2022\/03\/\u672a\u547d\u540d-5-1.jpg\",\"datePublished\":\"2022-03-14T08:14:28+00:00\",\"dateModified\":\"2024-04-26T06:42:23+00:00\",\"description\":\"Los cacahuetes de embalaje biodegradables, hechos de almid\u00f3n de ma\u00edz, son ecol\u00f3gicos. Elija nuestros cacahuetes de embalaje biodegradables para un embalaje sostenible.\",\"breadcrumb\":{\"@id\":\"https:\/\/geckohaha.com\/es\/producto\/cacahuetes-de-embalaje-biodegradables-de-almidon-de-maiz\/#breadcrumb\"},\"inLanguage\":\"es\",\"potentialAction\":[{\"@type\":\"ReadAction\",\"target\":[\"https:\/\/geckohaha.com\/es\/producto\/cacahuetes-de-embalaje-biodegradables-de-almidon-de-maiz\/\"]}]},{\"@type\":\"ImageObject\",\"inLanguage\":\"es\",\"@id\":\"https:\/\/geckohaha.com\/es\/producto\/cacahuetes-de-embalaje-biodegradables-de-almidon-de-maiz\/#primaryimage\",\"url\":\"https:\/\/geckohaha.com\/wp-content\/uploads\/2022\/03\/\u672a\u547d\u540d-5-1.jpg\",\"contentUrl\":\"https:\/\/geckohaha.com\/wp-content\/uploads\/2022\/03\/\u672a\u547d\u540d-5-1.jpg\",\"width\":600,\"height\":600},{\"@type\":\"BreadcrumbList\",\"@id\":\"https:\/\/geckohaha.com\/es\/producto\/cacahuetes-de-embalaje-biodegradables-de-almidon-de-maiz\/#breadcrumb\",\"itemListElement\":[{\"@type\":\"ListItem\",\"position\":1,\"name\":\"INICIO\",\"item\":\"https:\/\/geckohaha.com\/es\/\"},{\"@type\":\"ListItem\",\"position\":2,\"name\":\"Productos\",\"item\":\"https:\/\/geckohaha.com\/products\/\"},{\"@type\":\"ListItem\",\"position\":3,\"name\":\"Recipientes y vajilla alimentaria biodegradables de PLA\",\"item\":\"https:\/\/geckohaha.com\/es\/categoria-producto\/recipientes-y-vajilla-alimentaria-biodegradables-de-pla\/\"},{\"@type\":\"ListItem\",\"position\":4,\"name\":\"Cacahuetes de Embalaje Biodegradables de Almid\u00f3n de Ma\u00edz\"}]},{\"@type\":\"WebSite\",\"@id\":\"https:\/\/geckohaha.com\/es\/#website\",\"url\":\"https:\/\/geckohaha.com\/es\/\",\"name\":\"Onenice Internaional Co., Ltd.\",\"description\":\"Free your idea, Enrich your life\",\"publisher\":{\"@id\":\"https:\/\/geckohaha.com\/es\/#organization\"},\"potentialAction\":[{\"@type\":\"SearchAction\",\"target\":{\"@type\":\"EntryPoint\",\"urlTemplate\":\"https:\/\/geckohaha.com\/es\/?s={search_term_string}\"},\"query-input\":{\"@type\":\"PropertyValueSpecification\",\"valueRequired\":true,\"valueName\":\"search_term_string\"}}],\"inLanguage\":\"es\"},{\"@type\":\"Organization\",\"@id\":\"https:\/\/geckohaha.com\/es\/#organization\",\"name\":\"\u842c\u99ff\u570b\u969b\u6709\u9650\u516c\u53f8\",\"url\":\"https:\/\/geckohaha.com\/es\/\",\"logo\":{\"@type\":\"ImageObject\",\"inLanguage\":\"es\",\"@id\":\"https:\/\/geckohaha.com\/es\/#\/schema\/logo\/image\/\",\"url\":\"http:\/\/geckohaha.com\/wp-content\/uploads\/2021\/12\/cropped-site_logo.png\",\"contentUrl\":\"http:\/\/geckohaha.com\/wp-content\/uploads\/2021\/12\/cropped-site_logo.png\",\"width\":512,\"height\":512,\"caption\":\"\u842c\u99ff\u570b\u969b\u6709\u9650\u516c\u53f8\"},\"image\":{\"@id\":\"https:\/\/geckohaha.com\/es\/#\/schema\/logo\/image\/\"}}]}<\/script>\n<!-- \/ Yoast SEO plugin. -->","yoast_head_json":{"title":"Almid\u00f3n de Ma\u00edz Cacahuetes de Embalaje Biodegradables\u2502ONENICE","description":"Los cacahuetes de embalaje biodegradables, hechos de almid\u00f3n de ma\u00edz, son ecol\u00f3gicos. Elija nuestros cacahuetes de embalaje biodegradables para un embalaje sostenible.","robots":{"index":"index","follow":"follow","max-snippet":"max-snippet:-1","max-image-preview":"max-image-preview:large","max-video-preview":"max-video-preview:-1"},"canonical":"https:\/\/geckohaha.com\/es\/producto\/cacahuetes-de-embalaje-biodegradables-de-almidon-de-maiz\/","og_locale":"es_ES","og_type":"article","og_title":"Almid\u00f3n de Ma\u00edz Cacahuetes de Embalaje Biodegradables\u2502ONENICE","og_description":"Los cacahuetes de embalaje biodegradables, hechos de almid\u00f3n de ma\u00edz, son ecol\u00f3gicos. Elija nuestros cacahuetes de embalaje biodegradables para un embalaje sostenible.","og_url":"https:\/\/geckohaha.com\/es\/producto\/cacahuetes-de-embalaje-biodegradables-de-almidon-de-maiz\/","og_site_name":"Onenice Internaional Co., Ltd.","article_modified_time":"2024-04-26T06:42:23+00:00","og_image":[{"width":600,"height":600,"url":"https:\/\/geckohaha.com\/wp-content\/uploads\/2022\/03\/\u672a\u547d\u540d-5-1.jpg","type":"image\/jpeg"}],"twitter_card":"summary_large_image","schema":{"@context":"https:\/\/schema.org","@graph":[{"@type":"WebPage","@id":"https:\/\/geckohaha.com\/es\/producto\/cacahuetes-de-embalaje-biodegradables-de-almidon-de-maiz\/","url":"https:\/\/geckohaha.com\/es\/producto\/cacahuetes-de-embalaje-biodegradables-de-almidon-de-maiz\/","name":"Almid\u00f3n de Ma\u00edz Cacahuetes de Embalaje Biodegradables\u2502ONENICE","isPartOf":{"@id":"https:\/\/geckohaha.com\/es\/#website"},"primaryImageOfPage":{"@id":"https:\/\/geckohaha.com\/es\/producto\/cacahuetes-de-embalaje-biodegradables-de-almidon-de-maiz\/#primaryimage"},"image":{"@id":"https:\/\/geckohaha.com\/es\/producto\/cacahuetes-de-embalaje-biodegradables-de-almidon-de-maiz\/#primaryimage"},"thumbnailUrl":"https:\/\/geckohaha.com\/wp-content\/uploads\/2022\/03\/\u672a\u547d\u540d-5-1.jpg","datePublished":"2022-03-14T08:14:28+00:00","dateModified":"2024-04-26T06:42:23+00:00","description":"Los cacahuetes de embalaje biodegradables, hechos de almid\u00f3n de ma\u00edz, son ecol\u00f3gicos. Elija nuestros cacahuetes de embalaje biodegradables para un embalaje sostenible.","breadcrumb":{"@id":"https:\/\/geckohaha.com\/es\/producto\/cacahuetes-de-embalaje-biodegradables-de-almidon-de-maiz\/#breadcrumb"},"inLanguage":"es","potentialAction":[{"@type":"ReadAction","target":["https:\/\/geckohaha.com\/es\/producto\/cacahuetes-de-embalaje-biodegradables-de-almidon-de-maiz\/"]}]},{"@type":"ImageObject","inLanguage":"es","@id":"https:\/\/geckohaha.com\/es\/producto\/cacahuetes-de-embalaje-biodegradables-de-almidon-de-maiz\/#primaryimage","url":"https:\/\/geckohaha.com\/wp-content\/uploads\/2022\/03\/\u672a\u547d\u540d-5-1.jpg","contentUrl":"https:\/\/geckohaha.com\/wp-content\/uploads\/2022\/03\/\u672a\u547d\u540d-5-1.jpg","width":600,"height":600},{"@type":"BreadcrumbList","@id":"https:\/\/geckohaha.com\/es\/producto\/cacahuetes-de-embalaje-biodegradables-de-almidon-de-maiz\/#breadcrumb","itemListElement":[{"@type":"ListItem","position":1,"name":"INICIO","item":"https:\/\/geckohaha.com\/es\/"},{"@type":"ListItem","position":2,"name":"Productos","item":"https:\/\/geckohaha.com\/products\/"},{"@type":"ListItem","position":3,"name":"Recipientes y vajilla alimentaria biodegradables de PLA","item":"https:\/\/geckohaha.com\/es\/categoria-producto\/recipientes-y-vajilla-alimentaria-biodegradables-de-pla\/"},{"@type":"ListItem","position":4,"name":"Cacahuetes de Embalaje Biodegradables de Almid\u00f3n de Ma\u00edz"}]},{"@type":"WebSite","@id":"https:\/\/geckohaha.com\/es\/#website","url":"https:\/\/geckohaha.com\/es\/","name":"Onenice Internaional Co., Ltd.","description":"Free your idea, Enrich your life","publisher":{"@id":"https:\/\/geckohaha.com\/es\/#organization"},"potentialAction":[{"@type":"SearchAction","target":{"@type":"EntryPoint","urlTemplate":"https:\/\/geckohaha.com\/es\/?s={search_term_string}"},"query-input":{"@type":"PropertyValueSpecification","valueRequired":true,"valueName":"search_term_string"}}],"inLanguage":"es"},{"@type":"Organization","@id":"https:\/\/geckohaha.com\/es\/#organization","name":"\u842c\u99ff\u570b\u969b\u6709\u9650\u516c\u53f8","url":"https:\/\/geckohaha.com\/es\/","logo":{"@type":"ImageObject","inLanguage":"es","@id":"https:\/\/geckohaha.com\/es\/#\/schema\/logo\/image\/","url":"http:\/\/geckohaha.com\/wp-content\/uploads\/2021\/12\/cropped-site_logo.png","contentUrl":"http:\/\/geckohaha.com\/wp-content\/uploads\/2021\/12\/cropped-site_logo.png","width":512,"height":512,"caption":"\u842c\u99ff\u570b\u969b\u6709\u9650\u516c\u53f8"},"image":{"@id":"https:\/\/geckohaha.com\/es\/#\/schema\/logo\/image\/"}}]}},"_links":{"self":[{"href":"https:\/\/geckohaha.com\/es\/wp-json\/wp\/v2\/product\/3286","targetHints":{"allow":["GET"]}}],"collection":[{"href":"https:\/\/geckohaha.com\/es\/wp-json\/wp\/v2\/product"}],"about":[{"href":"https:\/\/geckohaha.com\/es\/wp-json\/wp\/v2\/types\/product"}],"wp:featuredmedia":[{"embeddable":true,"href":"https:\/\/geckohaha.com\/es\/wp-json\/wp\/v2\/media\/3287"}],"wp:attachment":[{"href":"https:\/\/geckohaha.com\/es\/wp-json\/wp\/v2\/media?parent=3286"}],"wp:term":[{"taxonomy":"product_cat","embeddable":true,"href":"https:\/\/geckohaha.com\/es\/wp-json\/wp\/v2\/product_cat?post=3286"},{"taxonomy":"product_tag","embeddable":true,"href":"https:\/\/geckohaha.com\/es\/wp-json\/wp\/v2\/product_tag?post=3286"}],"curies":[{"name":"wp","href":"https:\/\/api.w.org\/{rel}","templated":true}]}}