{"id":3288,"date":"2022-03-11T10:55:26","date_gmt":"2022-03-11T02:55:26","guid":{"rendered":"https:\/\/www.geckohaha.com\/product\/plato-de-comida-rectangular-desechable-y-biodegradable-de-espuma-de-pla\/"},"modified":"2024-04-26T14:42:23","modified_gmt":"2024-04-26T06:42:23","slug":"plato-de-comida-rectangular-desechable-y-biodegradable-de-espuma-de-pla","status":"publish","type":"product","link":"https:\/\/geckohaha.com\/es\/producto\/plato-de-comida-rectangular-desechable-y-biodegradable-de-espuma-de-pla\/","title":{"rendered":"Plato de Comida Rectangular Desechable y Biodegradable de Espuma de PLA"},"content":{"rendered":"<div class=\"toggleArea\">\n<article class=\"keyFeatures\">\n<ul>\n<li>Los ingredientes principales del plato de comida son materiales biodegradables, hechos de almid\u00f3n de plantas.<\/li>\n<li>El plato de comida cumple con los requisitos de compostaje de los Estados Unidos y Europa, lo que puede reducir el da\u00f1o a la tierra, siendo a la vez respetuoso con el medio ambiente y conveniente.<\/li>\n<li>Son ecol\u00f3gicos y se descompondr\u00e1n en compost seguro y utilizable.<\/li>\n<\/ul>\n<h2>Caracter\u00edsticas<\/h2>\n<ul>\n<li>Ingredientes naturales con un contenido bio-basado de hasta el 90% que no producir\u00e1n sustancias da\u00f1inas para el cuerpo humano cuando se expongan a temperaturas altas o bajas.<\/li>\n<li>No contienen aditivos da\u00f1inos, conservantes ni colorantes.<\/li>\n<li>Esto es mucho mejor para nuestro planeta. Una buena alternativa a los dispositivos de pl\u00e1stico.<\/li>\n<li>Adecuado para colocar cualquier tipo de alimento, como frutas y verduras, carne y bocadillos.<\/li>\n<\/ul>\n<p>Muy adecuado para Navidad, fiestas infantiles, banquetes de beb\u00e9s, bodas campestres, fiestas familiares, recepciones, campamentos al aire libre, almuerzos y otras ocasiones.<\/p>\n<\/article>\n<h2>Tama\u00f1o:<\/h2>\n<ul>\n<li>11.4 x 17.7 x 2.2 cm<\/li>\n<li>22 x 15.7 x 1.6 cm<\/li>\n<li>27 x 14 x 3 cm<\/li>\n<li>25.8 x 20.7 x 2.7 cm<\/li>\n<\/ul>\n<\/div>\n","protected":false},"excerpt":{"rendered":"<p>Si tu negocio utiliza pl\u00e1stico en algunas instancias, a\u00fan puedes optar por proteger el medio ambiente comprando y utilizando contenedores de envases de alimentos biodegradables hechos al 100% de almid\u00f3n de ma\u00edz. No importa qu\u00e9 tipo de empaque necesites, puedes encontrarlo en un formato que proteja el medio ambiente.<\/p>\n","protected":false},"featured_media":3289,"template":"","meta":{"_acf_changed":false},"product_cat":[125,127],"product_tag":[],"class_list":{"0":"post-3288","1":"product","2":"type-product","3":"status-publish","4":"has-post-thumbnail","6":"product_cat-recipientes-y-vajilla-alimentaria-biodegradables-de-pla","7":"product_cat-recipientes-de-comida-de-espuma-pla","9":"first","10":"instock","11":"shipping-taxable","12":"product-type-simple"},"acf":[],"yoast_head":"<!-- This site is optimized with the Yoast SEO plugin v24.0 - https:\/\/yoast.com\/wordpress\/plugins\/seo\/ -->\n<title>Plato de comida rectangular desechable y biodegradable de espuma de PLA\u2502ONENICE<\/title>\n<meta name=\"description\" content=\"Ofrecemos platos de comida rectangulares de espuma de PLA, alternativas ecol\u00f3gicas al pl\u00e1stico. Elige platos de comida rectangulares de espuma de PLA hechos al 100% de almid\u00f3n de ma\u00edz.\" \/>\n<meta name=\"robots\" content=\"index, follow, max-snippet:-1, max-image-preview:large, max-video-preview:-1\" \/>\n<link rel=\"canonical\" href=\"https:\/\/geckohaha.com\/es\/producto\/plato-de-comida-rectangular-desechable-y-biodegradable-de-espuma-de-pla\/\" \/>\n<meta property=\"og:locale\" content=\"es_ES\" \/>\n<meta property=\"og:type\" content=\"article\" \/>\n<meta property=\"og:title\" content=\"Plato de comida rectangular desechable y biodegradable de espuma de PLA\u2502ONENICE\" \/>\n<meta property=\"og:description\" content=\"Ofrecemos platos de comida rectangulares de espuma de PLA, alternativas ecol\u00f3gicas al pl\u00e1stico. Elige platos de comida rectangulares de espuma de PLA hechos al 100% de almid\u00f3n de ma\u00edz.\" \/>\n<meta property=\"og:url\" content=\"https:\/\/geckohaha.com\/es\/producto\/plato-de-comida-rectangular-desechable-y-biodegradable-de-espuma-de-pla\/\" \/>\n<meta property=\"og:site_name\" content=\"Onenice Internaional Co., Ltd.\" \/>\n<meta property=\"article:modified_time\" content=\"2024-04-26T06:42:23+00:00\" \/>\n<meta property=\"og:image\" content=\"https:\/\/geckohaha.com\/wp-content\/uploads\/2022\/03\/\u672a\u547d\u540d-14.jpg\" \/>\n\t<meta property=\"og:image:width\" content=\"600\" \/>\n\t<meta property=\"og:image:height\" content=\"600\" \/>\n\t<meta property=\"og:image:type\" content=\"image\/jpeg\" \/>\n<meta name=\"twitter:card\" content=\"summary_large_image\" \/>\n<script type=\"application\/ld+json\" class=\"yoast-schema-graph\">{\"@context\":\"https:\/\/schema.org\",\"@graph\":[{\"@type\":\"WebPage\",\"@id\":\"https:\/\/geckohaha.com\/es\/producto\/plato-de-comida-rectangular-desechable-y-biodegradable-de-espuma-de-pla\/\",\"url\":\"https:\/\/geckohaha.com\/es\/producto\/plato-de-comida-rectangular-desechable-y-biodegradable-de-espuma-de-pla\/\",\"name\":\"Plato de comida rectangular desechable y biodegradable de espuma de PLA\u2502ONENICE\",\"isPartOf\":{\"@id\":\"https:\/\/geckohaha.com\/es\/#website\"},\"primaryImageOfPage\":{\"@id\":\"https:\/\/geckohaha.com\/es\/producto\/plato-de-comida-rectangular-desechable-y-biodegradable-de-espuma-de-pla\/#primaryimage\"},\"image\":{\"@id\":\"https:\/\/geckohaha.com\/es\/producto\/plato-de-comida-rectangular-desechable-y-biodegradable-de-espuma-de-pla\/#primaryimage\"},\"thumbnailUrl\":\"https:\/\/geckohaha.com\/wp-content\/uploads\/2022\/03\/\u672a\u547d\u540d-14.jpg\",\"datePublished\":\"2022-03-11T02:55:26+00:00\",\"dateModified\":\"2024-04-26T06:42:23+00:00\",\"description\":\"Ofrecemos platos de comida rectangulares de espuma de PLA, alternativas ecol\u00f3gicas al pl\u00e1stico. Elige platos de comida rectangulares de espuma de PLA hechos al 100% de almid\u00f3n de ma\u00edz.\",\"breadcrumb\":{\"@id\":\"https:\/\/geckohaha.com\/es\/producto\/plato-de-comida-rectangular-desechable-y-biodegradable-de-espuma-de-pla\/#breadcrumb\"},\"inLanguage\":\"es\",\"potentialAction\":[{\"@type\":\"ReadAction\",\"target\":[\"https:\/\/geckohaha.com\/es\/producto\/plato-de-comida-rectangular-desechable-y-biodegradable-de-espuma-de-pla\/\"]}]},{\"@type\":\"ImageObject\",\"inLanguage\":\"es\",\"@id\":\"https:\/\/geckohaha.com\/es\/producto\/plato-de-comida-rectangular-desechable-y-biodegradable-de-espuma-de-pla\/#primaryimage\",\"url\":\"https:\/\/geckohaha.com\/wp-content\/uploads\/2022\/03\/\u672a\u547d\u540d-14.jpg\",\"contentUrl\":\"https:\/\/geckohaha.com\/wp-content\/uploads\/2022\/03\/\u672a\u547d\u540d-14.jpg\",\"width\":600,\"height\":600},{\"@type\":\"BreadcrumbList\",\"@id\":\"https:\/\/geckohaha.com\/es\/producto\/plato-de-comida-rectangular-desechable-y-biodegradable-de-espuma-de-pla\/#breadcrumb\",\"itemListElement\":[{\"@type\":\"ListItem\",\"position\":1,\"name\":\"INICIO\",\"item\":\"https:\/\/geckohaha.com\/es\/\"},{\"@type\":\"ListItem\",\"position\":2,\"name\":\"Productos\",\"item\":\"https:\/\/geckohaha.com\/products\/\"},{\"@type\":\"ListItem\",\"position\":3,\"name\":\"Recipientes y vajilla alimentaria biodegradables de PLA\",\"item\":\"https:\/\/geckohaha.com\/es\/categoria-producto\/recipientes-y-vajilla-alimentaria-biodegradables-de-pla\/\"},{\"@type\":\"ListItem\",\"position\":4,\"name\":\"Plato de Comida Rectangular Desechable y Biodegradable de Espuma de PLA\"}]},{\"@type\":\"WebSite\",\"@id\":\"https:\/\/geckohaha.com\/es\/#website\",\"url\":\"https:\/\/geckohaha.com\/es\/\",\"name\":\"Onenice Internaional Co., Ltd.\",\"description\":\"Free your idea, Enrich your life\",\"publisher\":{\"@id\":\"https:\/\/geckohaha.com\/es\/#organization\"},\"potentialAction\":[{\"@type\":\"SearchAction\",\"target\":{\"@type\":\"EntryPoint\",\"urlTemplate\":\"https:\/\/geckohaha.com\/es\/?s={search_term_string}\"},\"query-input\":{\"@type\":\"PropertyValueSpecification\",\"valueRequired\":true,\"valueName\":\"search_term_string\"}}],\"inLanguage\":\"es\"},{\"@type\":\"Organization\",\"@id\":\"https:\/\/geckohaha.com\/es\/#organization\",\"name\":\"\u842c\u99ff\u570b\u969b\u6709\u9650\u516c\u53f8\",\"url\":\"https:\/\/geckohaha.com\/es\/\",\"logo\":{\"@type\":\"ImageObject\",\"inLanguage\":\"es\",\"@id\":\"https:\/\/geckohaha.com\/es\/#\/schema\/logo\/image\/\",\"url\":\"http:\/\/geckohaha.com\/wp-content\/uploads\/2021\/12\/cropped-site_logo.png\",\"contentUrl\":\"http:\/\/geckohaha.com\/wp-content\/uploads\/2021\/12\/cropped-site_logo.png\",\"width\":512,\"height\":512,\"caption\":\"\u842c\u99ff\u570b\u969b\u6709\u9650\u516c\u53f8\"},\"image\":{\"@id\":\"https:\/\/geckohaha.com\/es\/#\/schema\/logo\/image\/\"}}]}<\/script>\n<!-- \/ Yoast SEO plugin. -->","yoast_head_json":{"title":"Plato de comida rectangular desechable y biodegradable de espuma de PLA\u2502ONENICE","description":"Ofrecemos platos de comida rectangulares de espuma de PLA, alternativas ecol\u00f3gicas al pl\u00e1stico. Elige platos de comida rectangulares de espuma de PLA hechos al 100% de almid\u00f3n de ma\u00edz.","robots":{"index":"index","follow":"follow","max-snippet":"max-snippet:-1","max-image-preview":"max-image-preview:large","max-video-preview":"max-video-preview:-1"},"canonical":"https:\/\/geckohaha.com\/es\/producto\/plato-de-comida-rectangular-desechable-y-biodegradable-de-espuma-de-pla\/","og_locale":"es_ES","og_type":"article","og_title":"Plato de comida rectangular desechable y biodegradable de espuma de PLA\u2502ONENICE","og_description":"Ofrecemos platos de comida rectangulares de espuma de PLA, alternativas ecol\u00f3gicas al pl\u00e1stico. Elige platos de comida rectangulares de espuma de PLA hechos al 100% de almid\u00f3n de ma\u00edz.","og_url":"https:\/\/geckohaha.com\/es\/producto\/plato-de-comida-rectangular-desechable-y-biodegradable-de-espuma-de-pla\/","og_site_name":"Onenice Internaional Co., Ltd.","article_modified_time":"2024-04-26T06:42:23+00:00","og_image":[{"width":600,"height":600,"url":"https:\/\/geckohaha.com\/wp-content\/uploads\/2022\/03\/\u672a\u547d\u540d-14.jpg","type":"image\/jpeg"}],"twitter_card":"summary_large_image","schema":{"@context":"https:\/\/schema.org","@graph":[{"@type":"WebPage","@id":"https:\/\/geckohaha.com\/es\/producto\/plato-de-comida-rectangular-desechable-y-biodegradable-de-espuma-de-pla\/","url":"https:\/\/geckohaha.com\/es\/producto\/plato-de-comida-rectangular-desechable-y-biodegradable-de-espuma-de-pla\/","name":"Plato de comida rectangular desechable y biodegradable de espuma de PLA\u2502ONENICE","isPartOf":{"@id":"https:\/\/geckohaha.com\/es\/#website"},"primaryImageOfPage":{"@id":"https:\/\/geckohaha.com\/es\/producto\/plato-de-comida-rectangular-desechable-y-biodegradable-de-espuma-de-pla\/#primaryimage"},"image":{"@id":"https:\/\/geckohaha.com\/es\/producto\/plato-de-comida-rectangular-desechable-y-biodegradable-de-espuma-de-pla\/#primaryimage"},"thumbnailUrl":"https:\/\/geckohaha.com\/wp-content\/uploads\/2022\/03\/\u672a\u547d\u540d-14.jpg","datePublished":"2022-03-11T02:55:26+00:00","dateModified":"2024-04-26T06:42:23+00:00","description":"Ofrecemos platos de comida rectangulares de espuma de PLA, alternativas ecol\u00f3gicas al pl\u00e1stico. Elige platos de comida rectangulares de espuma de PLA hechos al 100% de almid\u00f3n de ma\u00edz.","breadcrumb":{"@id":"https:\/\/geckohaha.com\/es\/producto\/plato-de-comida-rectangular-desechable-y-biodegradable-de-espuma-de-pla\/#breadcrumb"},"inLanguage":"es","potentialAction":[{"@type":"ReadAction","target":["https:\/\/geckohaha.com\/es\/producto\/plato-de-comida-rectangular-desechable-y-biodegradable-de-espuma-de-pla\/"]}]},{"@type":"ImageObject","inLanguage":"es","@id":"https:\/\/geckohaha.com\/es\/producto\/plato-de-comida-rectangular-desechable-y-biodegradable-de-espuma-de-pla\/#primaryimage","url":"https:\/\/geckohaha.com\/wp-content\/uploads\/2022\/03\/\u672a\u547d\u540d-14.jpg","contentUrl":"https:\/\/geckohaha.com\/wp-content\/uploads\/2022\/03\/\u672a\u547d\u540d-14.jpg","width":600,"height":600},{"@type":"BreadcrumbList","@id":"https:\/\/geckohaha.com\/es\/producto\/plato-de-comida-rectangular-desechable-y-biodegradable-de-espuma-de-pla\/#breadcrumb","itemListElement":[{"@type":"ListItem","position":1,"name":"INICIO","item":"https:\/\/geckohaha.com\/es\/"},{"@type":"ListItem","position":2,"name":"Productos","item":"https:\/\/geckohaha.com\/products\/"},{"@type":"ListItem","position":3,"name":"Recipientes y vajilla alimentaria biodegradables de PLA","item":"https:\/\/geckohaha.com\/es\/categoria-producto\/recipientes-y-vajilla-alimentaria-biodegradables-de-pla\/"},{"@type":"ListItem","position":4,"name":"Plato de Comida Rectangular Desechable y Biodegradable de Espuma de PLA"}]},{"@type":"WebSite","@id":"https:\/\/geckohaha.com\/es\/#website","url":"https:\/\/geckohaha.com\/es\/","name":"Onenice Internaional Co., Ltd.","description":"Free your idea, Enrich your life","publisher":{"@id":"https:\/\/geckohaha.com\/es\/#organization"},"potentialAction":[{"@type":"SearchAction","target":{"@type":"EntryPoint","urlTemplate":"https:\/\/geckohaha.com\/es\/?s={search_term_string}"},"query-input":{"@type":"PropertyValueSpecification","valueRequired":true,"valueName":"search_term_string"}}],"inLanguage":"es"},{"@type":"Organization","@id":"https:\/\/geckohaha.com\/es\/#organization","name":"\u842c\u99ff\u570b\u969b\u6709\u9650\u516c\u53f8","url":"https:\/\/geckohaha.com\/es\/","logo":{"@type":"ImageObject","inLanguage":"es","@id":"https:\/\/geckohaha.com\/es\/#\/schema\/logo\/image\/","url":"http:\/\/geckohaha.com\/wp-content\/uploads\/2021\/12\/cropped-site_logo.png","contentUrl":"http:\/\/geckohaha.com\/wp-content\/uploads\/2021\/12\/cropped-site_logo.png","width":512,"height":512,"caption":"\u842c\u99ff\u570b\u969b\u6709\u9650\u516c\u53f8"},"image":{"@id":"https:\/\/geckohaha.com\/es\/#\/schema\/logo\/image\/"}}]}},"_links":{"self":[{"href":"https:\/\/geckohaha.com\/es\/wp-json\/wp\/v2\/product\/3288","targetHints":{"allow":["GET"]}}],"collection":[{"href":"https:\/\/geckohaha.com\/es\/wp-json\/wp\/v2\/product"}],"about":[{"href":"https:\/\/geckohaha.com\/es\/wp-json\/wp\/v2\/types\/product"}],"wp:featuredmedia":[{"embeddable":true,"href":"https:\/\/geckohaha.com\/es\/wp-json\/wp\/v2\/media\/3289"}],"wp:attachment":[{"href":"https:\/\/geckohaha.com\/es\/wp-json\/wp\/v2\/media?parent=3288"}],"wp:term":[{"taxonomy":"product_cat","embeddable":true,"href":"https:\/\/geckohaha.com\/es\/wp-json\/wp\/v2\/product_cat?post=3288"},{"taxonomy":"product_tag","embeddable":true,"href":"https:\/\/geckohaha.com\/es\/wp-json\/wp\/v2\/product_tag?post=3288"}],"curies":[{"name":"wp","href":"https:\/\/api.w.org\/{rel}","templated":true}]}}