{"id":3305,"date":"2023-04-21T17:04:37","date_gmt":"2023-04-21T09:04:37","guid":{"rendered":"https:\/\/www.geckohaha.com\/product\/estanteria-autoadhesiva-para-bano-y-cocina\/"},"modified":"2024-04-29T09:50:05","modified_gmt":"2024-04-29T01:50:05","slug":"estanteria-autoadhesiva-para-bano-y-cocina","status":"publish","type":"product","link":"https:\/\/geckohaha.com\/es\/producto\/estanteria-autoadhesiva-para-bano-y-cocina\/","title":{"rendered":"Estante de Almacenamiento de Caja de Detergente de Lavander\u00eda Ensamblado en Pared Impermeable y Sin Rastro"},"content":{"rendered":"<h2><span data-sheets-value=\"{\"1\":2,\"2\":\"Product details\"}\" data-sheets-userformat=\"{\"2\":31683,\"3\":{\"1\":0},\"4\":{\"1\":2,\"2\":13228792},\"9\":0,\"10\":1,\"11\":4,\"12\":0,\"14\":{\"1\":2,\"2\":0},\"15\":\"Arial\",\"16\":10,\"17\":1}\">Detalles de productos<\/span><\/h2>\n<ul>\n<li><span data-sheets-value=\"{\"1\":2,\"2\":\"\u2022Environmentally friendly. Non-toxic PU film\\n\u2022Transparent surface, does not affect decoration.\\n\u2022Customizable into any picture or designe.\\n\u2022Good waterproof effect.\\n\u2022Can be used again after washing with water.\\n\u2022Iron frame series can choose chrome-plated steel wire or stainless steel material\"}\" data-sheets-userformat=\"{\"2\":15297,\"3\":{\"1\":0},\"9\":0,\"10\":1,\"11\":4,\"12\":0,\"14\":{\"1\":2,\"2\":0},\"15\":\"Arial\",\"16\":10}\">Pel\u00edcula de PU no t\u00f3xica y ecol\u00f3gica, con opci\u00f3n de pel\u00edcula transparente o con dise\u00f1o impreso personalizado.<\/span><\/li>\n<li><span data-sheets-value=\"{\"1\":2,\"2\":\"\u2022Environmentally friendly. Non-toxic PU film\\n\u2022Transparent surface, does not affect decoration.\\n\u2022Customizable into any picture or designe.\\n\u2022Good waterproof effect.\\n\u2022Can be used again after washing with water.\\n\u2022Iron frame series can choose chrome-plated steel wire or stainless steel material\"}\" data-sheets-userformat=\"{\"2\":15297,\"3\":{\"1\":0},\"9\":0,\"10\":1,\"11\":4,\"12\":0,\"14\":{\"1\":2,\"2\":0},\"15\":\"Arial\",\"16\":10}\">Excelente efecto impermeable.<\/span><\/li>\n<li><span data-sheets-value=\"{\"1\":2,\"2\":\"\u2022Environmentally friendly. Non-toxic PU film\\n\u2022Transparent surface, does not affect decoration.\\n\u2022Customizable into any picture or designe.\\n\u2022Good waterproof effect.\\n\u2022Can be used again after washing with water.\\n\u2022Iron frame series can choose chrome-plated steel wire or stainless steel material\"}\" data-sheets-userformat=\"{\"2\":15297,\"3\":{\"1\":0},\"9\":0,\"10\":1,\"11\":4,\"12\":0,\"14\":{\"1\":2,\"2\":0},\"15\":\"Arial\",\"16\":10}\">La pel\u00edcula se puede lavar con agua si se ensucia antes de volver a utilizarla.<\/span><\/li>\n<li><span data-sheets-value=\"{\"1\":2,\"2\":\"\u2022Environmentally friendly. Non-toxic PU film\\n\u2022Transparent surface, does not affect decoration.\\n\u2022Customizable into any picture or designe.\\n\u2022Good waterproof effect.\\n\u2022Can be used again after washing with water.\\n\u2022Iron frame series can choose chrome-plated steel wire or stainless steel material\"}\" data-sheets-userformat=\"{\"2\":15297,\"3\":{\"1\":0},\"9\":0,\"10\":1,\"11\":4,\"12\":0,\"14\":{\"1\":2,\"2\":0},\"15\":\"Arial\",\"16\":10}\">La serie de soportes de hierro se puede elegir entre alambre de acero cromado o acero inoxidable.<\/span><\/li>\n<li><span data-sheets-value=\"{\"1\":2,\"2\":\"\u2022Environmentally friendly. Non-toxic PU film\\n\u2022Transparent surface, does not affect decoration.\\n\u2022Customizable into any picture or designe.\\n\u2022Good waterproof effect.\\n\u2022Can be used again after washing with water.\\n\u2022Iron frame series can choose chrome-plated steel wire or stainless steel material\"}\" data-sheets-userformat=\"{\"2\":15297,\"3\":{\"1\":0},\"9\":0,\"10\":1,\"11\":4,\"12\":0,\"14\":{\"1\":2,\"2\":0},\"15\":\"Arial\",\"16\":10}\">Materiales que se pueden pegar: se pueden usar superficies lisas como vidrio (excepto vidrio esmerilado), espejos y azulejos.<\/span><\/li>\n<li><span data-sheets-value=\"{\"1\":2,\"2\":\"\u2022Environmentally friendly. Non-toxic PU film\\n\u2022Transparent surface, does not affect decoration.\\n\u2022Customizable into any picture or designe.\\n\u2022Good waterproof effect.\\n\u2022Can be used again after washing with water.\\n\u2022Iron frame series can choose chrome-plated steel wire or stainless steel material\"}\" data-sheets-userformat=\"{\"2\":15297,\"3\":{\"1\":0},\"9\":0,\"10\":1,\"11\":4,\"12\":0,\"14\":{\"1\":2,\"2\":0},\"15\":\"Arial\",\"16\":10}\">Materiales que no se pueden pegar: materiales que absorben la grasa, como cer\u00e1mica sin esmaltar y azulejos, paredes tratadas solo con mortero, concreto, productos de madera, cuero, productos de papel.<\/span><\/li>\n<\/ul>\n<p>&nbsp;<\/p>\n<h2><span data-sheets-value=\"{\"1\":2,\"2\":\"Specifications\"}\" data-sheets-userformat=\"{\"2\":31683,\"3\":{\"1\":0},\"4\":{\"1\":2,\"2\":13228792},\"9\":0,\"10\":1,\"11\":4,\"12\":0,\"14\":{\"1\":2,\"2\":0},\"15\":\"Arial\",\"16\":10,\"17\":1}\">Especificaciones<\/span><\/h2>\n<ul>\n<li><span data-sheets-value=\"{\"1\":2,\"2\":\"\uff0eSticker size\uff1a7.5x21cm\\n\uff0eHolder size\uff1a23x13x10cm\\n\uff0ePackage\uff1aPapper Box\\n\uff0eMOQ\uff1a500\"}\" data-sheets-userformat=\"{\"2\":9153,\"3\":{\"1\":0},\"9\":0,\"10\":1,\"11\":4,\"12\":0,\"16\":10}\">Tama\u00f1o de la pel\u00edcula: 7,5 x 21 cm<\/span><\/li>\n<li><span data-sheets-value=\"{\"1\":2,\"2\":\"\uff0eSticker size\uff1a7.5x21cm\\n\uff0eHolder size\uff1a23x13x10cm\\n\uff0ePackage\uff1aPapper Box\\n\uff0eMOQ\uff1a500\"}\" data-sheets-userformat=\"{\"2\":9153,\"3\":{\"1\":0},\"9\":0,\"10\":1,\"11\":4,\"12\":0,\"16\":10}\">Tama\u00f1o del soporte: aproximadamente 23x13x10cm<\/span><\/li>\n<li><span data-sheets-value=\"{\"1\":2,\"2\":\"\uff0eSticker size\uff1a7.5x21cm\\n\uff0eHolder size\uff1a23x13x10cm\\n\uff0ePackage\uff1aPapper Box\\n\uff0eMOQ\uff1a500\"}\" data-sheets-userformat=\"{\"2\":9153,\"3\":{\"1\":0},\"9\":0,\"10\":1,\"11\":4,\"12\":0,\"16\":10}\">Paquete: Caja de Papel<\/span><\/li>\n<li><span data-sheets-value=\"{\"1\":2,\"2\":\"\uff0eSticker size\uff1a7.5x21cm\\n\uff0eHolder size\uff1a23x13x10cm\\n\uff0ePackage\uff1aPapper Box\\n\uff0eMOQ\uff1a500\"}\" data-sheets-userformat=\"{\"2\":9153,\"3\":{\"1\":0},\"9\":0,\"10\":1,\"11\":4,\"12\":0,\"16\":10}\">MOQ (Cantidad M\u00ednima de Pedido): 500<\/span><\/li>\n<\/ul>\n<p>&nbsp;<\/p>\n<h2><span data-sheets-value=\"{\"1\":2,\"2\":\"Material\"}\" data-sheets-userformat=\"{\"2\":31683,\"3\":{\"1\":0},\"4\":{\"1\":2,\"2\":13228792},\"9\":0,\"10\":1,\"11\":4,\"12\":0,\"14\":{\"1\":2,\"2\":0},\"15\":\"Arial\",\"16\":10,\"17\":1}\">Material<\/span><\/h2>\n<ol>\n<li><span data-sheets-value=\"{\"1\":2,\"2\":\"1.Chrome plated rack, PET\uff0fPP printing, Nontoxic PU glue\\n2.Stainless rack, PET\uff0fPP printing, Nontoxic PU glue\\n\"}\" data-sheets-userformat=\"{\"2\":15297,\"3\":{\"1\":0},\"9\":0,\"10\":1,\"11\":4,\"12\":0,\"14\":{\"1\":2,\"2\":0},\"15\":\"Arial\",\"16\":10}\">Alambre de acero cromado, l\u00e1mina de PU sin rastro, PP transparente\/impreso, gancho de PC<\/span><\/li>\n<li><span data-sheets-value=\"{\"1\":2,\"2\":\"1.Chrome plated rack, PET\uff0fPP printing, Nontoxic PU glue\\n2.Stainless rack, PET\uff0fPP printing, Nontoxic PU glue\\n\"}\" data-sheets-userformat=\"{\"2\":15297,\"3\":{\"1\":0},\"9\":0,\"10\":1,\"11\":4,\"12\":0,\"14\":{\"1\":2,\"2\":0},\"15\":\"Arial\",\"16\":10}\">Alambre de acero inoxidable, l\u00e1mina de PU sin rastro, PP transparente\/impreso, gancho de PC<br \/>\n<\/span><\/li>\n<\/ol>\n<p>&nbsp;<\/p>\n<h2><span data-sheets-value=\"{\"1\":2,\"2\":\"ONENICE Wall hooks stick\"}\" data-sheets-userformat=\"{\"2\":31683,\"3\":{\"1\":0},\"4\":{\"1\":2,\"2\":13228792},\"9\":0,\"10\":1,\"11\":4,\"12\":0,\"14\":{\"1\":2,\"2\":0},\"15\":\"Arial\",\"16\":10,\"17\":1}\">Ganchos de pared adhesivos ONENICE<\/span><\/h2>\n<p>La serie \u00abGanchos de Pared Adhesivos\u00bb de ONENICE hace la vida m\u00e1s f\u00e1cil y conveniente. Cuelga lo que quieras, donde quieras, cambia de opini\u00f3n sin preocupaciones, todo sin clavos ni herramientas. Estos ganchos est\u00e1n hechos de pel\u00edcula de gel de PU ecol\u00f3gica y no t\u00f3xica y pueden ser f\u00e1cilmente personalizados con tu dise\u00f1o o imagen favorita. Pueden soportar hasta 1.5KG y est\u00e1n disponibles en alambre cromado y acero inoxidable.<\/p>\n<p>La mejor parte de estos ganchos es que pueden ser f\u00e1cilmente removidos y reutilizados, lo que los hace perfectos para inquilinos o cualquier persona que le guste cambiar su decoraci\u00f3n con frecuencia. Adem\u00e1s, son impermeables y pueden ser utilizados en ba\u00f1os y otros ambientes h\u00famedos. Se pueden colgar en una variedad de superficies lisas, como vidrio, espejos y paredes de azulejos, pero no deben ser utilizados en superficies propensas a volverse grasosas o porosas, como cer\u00e1mica sin esmaltar o cuero.<\/p>\n<p>La serie \u00abGanchos de Pared Adhesivos\u00bb de ONENICE est\u00e1 dise\u00f1ada para hacer tu vida m\u00e1s f\u00e1cil y conveniente. Te permite decorar tu hogar o espacio de oficina seg\u00fan tus propias preferencias, sin necesidad de herramientas o clavos. Y cuando est\u00e9s listo para un cambio, puedes quitar f\u00e1cilmente los ganchos sin dejar ning\u00fan residuo pegajoso o da\u00f1o. Entonces, \u00bfpor qu\u00e9 no probar el \u00abGancho de pared adhesivo reutilizable y lavable de ONENICE &#8211; Soporte multifuncional\u00bb y ver c\u00f3mo puede simplificar tu vida?<\/p>\n<p>&nbsp;<\/p>\n<h2>Instrucciones de uso<\/h2>\n<ol>\n<li>Antes de usar, por favor limpie la superficie de montaje y aseg\u00farese de que est\u00e9 seca.<\/li>\n<li>Despegue la pel\u00edcula protectora de la parte posterior.<\/li>\n<li>Coloque el parche adhesivo en una superficie lisa, presi\u00f3nelo plano y luego exprima el aire tanto como sea posible desde el centro hacia afuera, asegur\u00e1ndose de que el adhesivo se adhiera completamente a la pared.<\/li>\n<li>Inserte el accesorio del soporte de hierro en la ranura del gancho, asegur\u00e1ndose de que el soporte de hierro est\u00e9 completamente colgado y pueda soportar art\u00edculos, luego puede usarlo para colocar productos.<\/li>\n<li>Al quitar la pel\u00edcula adhesiva, despr\u00e9guela lentamente desde las cuatro esquinas.<\/li>\n<\/ol>\n<p>&nbsp;<\/p>\n<h2>Certificado<\/h2>\n<h2><img fetchpriority=\"high\" decoding=\"async\" class=\"alignnone wp-image-2773 size-medium\" src=\"https:\/\/geckohaha.com\/wp-content\/uploads\/\/unnamed-1-212x300.jpg\" alt=\"\" width=\"212\" height=\"300\" srcset=\"https:\/\/geckohaha.com\/wp-content\/uploads\/unnamed-1-212x300.jpg 212w, https:\/\/geckohaha.com\/wp-content\/uploads\/unnamed-1-150x212.jpg 150w, https:\/\/geckohaha.com\/wp-content\/uploads\/unnamed-1.jpg 362w\" sizes=\"(max-width: 212px) 100vw, 212px\" \/> <img decoding=\"async\" class=\"alignnone wp-image-2776 size-medium\" src=\"https:\/\/geckohaha.com\/wp-content\/uploads\/\/unnamed-2-212x300.jpg\" alt=\"\" width=\"212\" height=\"300\" srcset=\"https:\/\/geckohaha.com\/wp-content\/uploads\/unnamed-2-212x300.jpg 212w, https:\/\/geckohaha.com\/wp-content\/uploads\/unnamed-2-150x212.jpg 150w, https:\/\/geckohaha.com\/wp-content\/uploads\/unnamed-2.jpg 362w\" sizes=\"(max-width: 212px) 100vw, 212px\" \/> <img decoding=\"async\" class=\"alignnone wp-image-2779 size-medium\" src=\"https:\/\/geckohaha.com\/wp-content\/uploads\/\/unnamed-211x300.jpg\" alt=\"\" width=\"211\" height=\"300\" srcset=\"https:\/\/geckohaha.com\/wp-content\/uploads\/unnamed-211x300.jpg 211w, https:\/\/geckohaha.com\/wp-content\/uploads\/unnamed-150x213.jpg 150w, https:\/\/geckohaha.com\/wp-content\/uploads\/unnamed.jpg 360w\" sizes=\"(max-width: 211px) 100vw, 211px\" \/><\/h2>\n<p>&nbsp;<\/p>\n<h2>Precauciones<\/h2>\n<p>\u2022 No utilice ni guarde en lugares con temperaturas superiores a 60\u00b0C o alta humedad durante per\u00edodos prolongados.<br \/>\n\u2022 Despu\u00e9s de un uso prolongado, la exposici\u00f3n al sol, el estiramiento, la agitaci\u00f3n o la perforaci\u00f3n con objetos afilados pueden provocar cambios de color, da\u00f1os, deformaciones o diferencias en el \u00e1rea de adhesi\u00f3n y el entorno circundante del producto. Deje de usarlo y reemplace el producto para evitar riesgos en el uso. Por favor, descontin\u00fae el uso y reemplace el producto para evitar posibles peligros.<br \/>\n\u2022 Los ni\u00f1os menores de doce a\u00f1os deben estar acompa\u00f1ados por sus padres al usarlo. Por favor, coloque o use en \u00e1reas fuera del alcance de los ni\u00f1os peque\u00f1os.<br \/>\n\u2022 No exceda el l\u00edmite de peso durante el uso. No cuelgue objetos fr\u00e1giles, valiosos o productos peligrosos.<\/p>\n","protected":false},"excerpt":{"rendered":"<ul>\n<li><span data-sheets-value=\"{\"1\":2,\"2\":\"\u2022Water washable wall hooks stick-Multifunctional holder\\n\u2022Easy tear, Waterproof\\n\u2022Maximum load\uff1a1.5KG\"}\" data-sheets-userformat=\"{\"2\":15297,\"3\":{\"1\":0},\"9\":0,\"10\":1,\"11\":4,\"12\":0,\"14\":{\"1\":2,\"2\":0},\"15\":\"Arial\",\"16\":10}\" data-sheets-textstyleruns=\"{\"1\":0}\uee10{\"1\":96,\"2\":{}}\">Ganchos de pared lavables con agua &#8211; Soporte multifuncional<\/span><\/li>\n<li><span data-sheets-value=\"{\"1\":2,\"2\":\"\u2022Water washable wall hooks stick-Multifunctional holder\\n\u2022Easy tear, Waterproof\\n\u2022Maximum load\uff1a1.5KG\"}\" data-sheets-userformat=\"{\"2\":15297,\"3\":{\"1\":0},\"9\":0,\"10\":1,\"11\":4,\"12\":0,\"14\":{\"1\":2,\"2\":0},\"15\":\"Arial\",\"16\":10}\" data-sheets-textstyleruns=\"{\"1\":0}\uee10{\"1\":96,\"2\":{}}\">F\u00e1cil de rasgar, impermeable<\/span><\/li>\n<li><span data-sheets-value=\"{\"1\":2,\"2\":\"\u2022Water washable wall hooks stick-Multifunctional holder\\n\u2022Easy tear, Waterproof\\n\u2022Maximum load\uff1a1.5KG\"}\" data-sheets-userformat=\"{\"2\":15297,\"3\":{\"1\":0},\"9\":0,\"10\":1,\"11\":4,\"12\":0,\"14\":{\"1\":2,\"2\":0},\"15\":\"Arial\",\"16\":10}\" data-sheets-textstyleruns=\"{\"1\":0}\uee10{\"1\":96,\"2\":{}}\">Carga m\u00e1xima: 1.5 kg<\/span><\/li>\n<\/ul>\n","protected":false},"featured_media":3306,"template":"","meta":{"_acf_changed":false},"product_cat":[115,114],"product_tag":[],"class_list":{"0":"post-3305","1":"product","2":"type-product","3":"status-publish","4":"has-post-thumbnail","6":"product_cat-no-drill-reusable-self-adhesive-hooks-for-walls","7":"product_cat-adhesive-hooks-caddies-metal-series","9":"first","10":"instock","11":"shipping-taxable","12":"product-type-simple"},"acf":[],"yoast_head":"<!-- This site is optimized with the Yoast SEO plugin v24.0 - https:\/\/yoast.com\/wordpress\/plugins\/seo\/ -->\n<title>Estante de Almacenamiento de Caja de Detergente de Lavander\u00eda Ensamblado en Pared Impermeable y Sin Rastro\u2502ONENICE<\/title>\n<meta name=\"description\" content=\"El estante de almacenamiento adhesivo de Onenice es f\u00e1cil de despegar, resistente al agua y ofrece una capacidad de carga m\u00e1xima de 1.5 KG. Descubre nuestros vers\u00e1tiles estantes de almacenamiento.\" \/>\n<meta name=\"robots\" content=\"index, follow, max-snippet:-1, max-image-preview:large, max-video-preview:-1\" \/>\n<link rel=\"canonical\" href=\"https:\/\/geckohaha.com\/es\/producto\/estanteria-autoadhesiva-para-bano-y-cocina\/\" \/>\n<meta property=\"og:locale\" content=\"es_ES\" \/>\n<meta property=\"og:type\" content=\"article\" \/>\n<meta property=\"og:title\" content=\"Estante de Almacenamiento de Caja de Detergente de Lavander\u00eda Ensamblado en Pared Impermeable y Sin Rastro\u2502ONENICE\" \/>\n<meta property=\"og:description\" content=\"El estante de almacenamiento adhesivo de Onenice es f\u00e1cil de despegar, resistente al agua y ofrece una capacidad de carga m\u00e1xima de 1.5 KG. Descubre nuestros vers\u00e1tiles estantes de almacenamiento.\" \/>\n<meta property=\"og:url\" content=\"https:\/\/geckohaha.com\/es\/producto\/estanteria-autoadhesiva-para-bano-y-cocina\/\" \/>\n<meta property=\"og:site_name\" content=\"Onenice Internaional Co., Ltd.\" \/>\n<meta property=\"article:modified_time\" content=\"2024-04-29T01:50:05+00:00\" \/>\n<meta property=\"og:image\" content=\"https:\/\/geckohaha.com\/wp-content\/uploads\/ON-136_ON-146-WALL-HOOKS-STICK-Storage-rack\u2502ONENICE_vivipic-1.png\" \/>\n\t<meta property=\"og:image:width\" content=\"1080\" \/>\n\t<meta property=\"og:image:height\" content=\"1080\" \/>\n\t<meta property=\"og:image:type\" content=\"image\/png\" \/>\n<meta name=\"twitter:card\" content=\"summary_large_image\" \/>\n<script type=\"application\/ld+json\" class=\"yoast-schema-graph\">{\"@context\":\"https:\/\/schema.org\",\"@graph\":[{\"@type\":\"WebPage\",\"@id\":\"https:\/\/geckohaha.com\/es\/producto\/estanteria-autoadhesiva-para-bano-y-cocina\/\",\"url\":\"https:\/\/geckohaha.com\/es\/producto\/estanteria-autoadhesiva-para-bano-y-cocina\/\",\"name\":\"Estante de Almacenamiento de Caja de Detergente de Lavander\u00eda Ensamblado en Pared Impermeable y Sin Rastro\u2502ONENICE\",\"isPartOf\":{\"@id\":\"https:\/\/geckohaha.com\/es\/#website\"},\"primaryImageOfPage\":{\"@id\":\"https:\/\/geckohaha.com\/es\/producto\/estanteria-autoadhesiva-para-bano-y-cocina\/#primaryimage\"},\"image\":{\"@id\":\"https:\/\/geckohaha.com\/es\/producto\/estanteria-autoadhesiva-para-bano-y-cocina\/#primaryimage\"},\"thumbnailUrl\":\"https:\/\/geckohaha.com\/wp-content\/uploads\/ON-136_ON-146-WALL-HOOKS-STICK-Storage-rack\u2502ONENICE_vivipic-1.png\",\"datePublished\":\"2023-04-21T09:04:37+00:00\",\"dateModified\":\"2024-04-29T01:50:05+00:00\",\"description\":\"El estante de almacenamiento adhesivo de Onenice es f\u00e1cil de despegar, resistente al agua y ofrece una capacidad de carga m\u00e1xima de 1.5 KG. Descubre nuestros vers\u00e1tiles estantes de almacenamiento.\",\"breadcrumb\":{\"@id\":\"https:\/\/geckohaha.com\/es\/producto\/estanteria-autoadhesiva-para-bano-y-cocina\/#breadcrumb\"},\"inLanguage\":\"es\",\"potentialAction\":[{\"@type\":\"ReadAction\",\"target\":[\"https:\/\/geckohaha.com\/es\/producto\/estanteria-autoadhesiva-para-bano-y-cocina\/\"]}]},{\"@type\":\"ImageObject\",\"inLanguage\":\"es\",\"@id\":\"https:\/\/geckohaha.com\/es\/producto\/estanteria-autoadhesiva-para-bano-y-cocina\/#primaryimage\",\"url\":\"https:\/\/geckohaha.com\/wp-content\/uploads\/ON-136_ON-146-WALL-HOOKS-STICK-Storage-rack\u2502ONENICE_vivipic-1.png\",\"contentUrl\":\"https:\/\/geckohaha.com\/wp-content\/uploads\/ON-136_ON-146-WALL-HOOKS-STICK-Storage-rack\u2502ONENICE_vivipic-1.png\",\"width\":1080,\"height\":1080},{\"@type\":\"BreadcrumbList\",\"@id\":\"https:\/\/geckohaha.com\/es\/producto\/estanteria-autoadhesiva-para-bano-y-cocina\/#breadcrumb\",\"itemListElement\":[{\"@type\":\"ListItem\",\"position\":1,\"name\":\"INICIO\",\"item\":\"https:\/\/geckohaha.com\/es\/\"},{\"@type\":\"ListItem\",\"position\":2,\"name\":\"Productos\",\"item\":\"https:\/\/geckohaha.com\/products\/\"},{\"@type\":\"ListItem\",\"position\":3,\"name\":\"Sin taladro\/ganchos autoadhesivos reutilizables para paredes\",\"item\":\"https:\/\/geckohaha.com\/es\/categoria-producto\/no-drill-reusable-self-adhesive-hooks-for-walls\/\"},{\"@type\":\"ListItem\",\"position\":4,\"name\":\"Estante de Almacenamiento de Caja de Detergente de Lavander\u00eda Ensamblado en Pared Impermeable y Sin Rastro\"}]},{\"@type\":\"WebSite\",\"@id\":\"https:\/\/geckohaha.com\/es\/#website\",\"url\":\"https:\/\/geckohaha.com\/es\/\",\"name\":\"Onenice Internaional Co., Ltd.\",\"description\":\"Free your idea, Enrich your life\",\"publisher\":{\"@id\":\"https:\/\/geckohaha.com\/es\/#organization\"},\"potentialAction\":[{\"@type\":\"SearchAction\",\"target\":{\"@type\":\"EntryPoint\",\"urlTemplate\":\"https:\/\/geckohaha.com\/es\/?s={search_term_string}\"},\"query-input\":{\"@type\":\"PropertyValueSpecification\",\"valueRequired\":true,\"valueName\":\"search_term_string\"}}],\"inLanguage\":\"es\"},{\"@type\":\"Organization\",\"@id\":\"https:\/\/geckohaha.com\/es\/#organization\",\"name\":\"\u842c\u99ff\u570b\u969b\u6709\u9650\u516c\u53f8\",\"url\":\"https:\/\/geckohaha.com\/es\/\",\"logo\":{\"@type\":\"ImageObject\",\"inLanguage\":\"es\",\"@id\":\"https:\/\/geckohaha.com\/es\/#\/schema\/logo\/image\/\",\"url\":\"http:\/\/geckohaha.com\/wp-content\/uploads\/2021\/12\/cropped-site_logo.png\",\"contentUrl\":\"http:\/\/geckohaha.com\/wp-content\/uploads\/2021\/12\/cropped-site_logo.png\",\"width\":512,\"height\":512,\"caption\":\"\u842c\u99ff\u570b\u969b\u6709\u9650\u516c\u53f8\"},\"image\":{\"@id\":\"https:\/\/geckohaha.com\/es\/#\/schema\/logo\/image\/\"}}]}<\/script>\n<!-- \/ Yoast SEO plugin. -->","yoast_head_json":{"title":"Estante de Almacenamiento de Caja de Detergente de Lavander\u00eda Ensamblado en Pared Impermeable y Sin Rastro\u2502ONENICE","description":"El estante de almacenamiento adhesivo de Onenice es f\u00e1cil de despegar, resistente al agua y ofrece una capacidad de carga m\u00e1xima de 1.5 KG. Descubre nuestros vers\u00e1tiles estantes de almacenamiento.","robots":{"index":"index","follow":"follow","max-snippet":"max-snippet:-1","max-image-preview":"max-image-preview:large","max-video-preview":"max-video-preview:-1"},"canonical":"https:\/\/geckohaha.com\/es\/producto\/estanteria-autoadhesiva-para-bano-y-cocina\/","og_locale":"es_ES","og_type":"article","og_title":"Estante de Almacenamiento de Caja de Detergente de Lavander\u00eda Ensamblado en Pared Impermeable y Sin Rastro\u2502ONENICE","og_description":"El estante de almacenamiento adhesivo de Onenice es f\u00e1cil de despegar, resistente al agua y ofrece una capacidad de carga m\u00e1xima de 1.5 KG. Descubre nuestros vers\u00e1tiles estantes de almacenamiento.","og_url":"https:\/\/geckohaha.com\/es\/producto\/estanteria-autoadhesiva-para-bano-y-cocina\/","og_site_name":"Onenice Internaional Co., Ltd.","article_modified_time":"2024-04-29T01:50:05+00:00","og_image":[{"width":1080,"height":1080,"url":"https:\/\/geckohaha.com\/wp-content\/uploads\/ON-136_ON-146-WALL-HOOKS-STICK-Storage-rack\u2502ONENICE_vivipic-1.png","type":"image\/png"}],"twitter_card":"summary_large_image","schema":{"@context":"https:\/\/schema.org","@graph":[{"@type":"WebPage","@id":"https:\/\/geckohaha.com\/es\/producto\/estanteria-autoadhesiva-para-bano-y-cocina\/","url":"https:\/\/geckohaha.com\/es\/producto\/estanteria-autoadhesiva-para-bano-y-cocina\/","name":"Estante de Almacenamiento de Caja de Detergente de Lavander\u00eda Ensamblado en Pared Impermeable y Sin Rastro\u2502ONENICE","isPartOf":{"@id":"https:\/\/geckohaha.com\/es\/#website"},"primaryImageOfPage":{"@id":"https:\/\/geckohaha.com\/es\/producto\/estanteria-autoadhesiva-para-bano-y-cocina\/#primaryimage"},"image":{"@id":"https:\/\/geckohaha.com\/es\/producto\/estanteria-autoadhesiva-para-bano-y-cocina\/#primaryimage"},"thumbnailUrl":"https:\/\/geckohaha.com\/wp-content\/uploads\/ON-136_ON-146-WALL-HOOKS-STICK-Storage-rack\u2502ONENICE_vivipic-1.png","datePublished":"2023-04-21T09:04:37+00:00","dateModified":"2024-04-29T01:50:05+00:00","description":"El estante de almacenamiento adhesivo de Onenice es f\u00e1cil de despegar, resistente al agua y ofrece una capacidad de carga m\u00e1xima de 1.5 KG. Descubre nuestros vers\u00e1tiles estantes de almacenamiento.","breadcrumb":{"@id":"https:\/\/geckohaha.com\/es\/producto\/estanteria-autoadhesiva-para-bano-y-cocina\/#breadcrumb"},"inLanguage":"es","potentialAction":[{"@type":"ReadAction","target":["https:\/\/geckohaha.com\/es\/producto\/estanteria-autoadhesiva-para-bano-y-cocina\/"]}]},{"@type":"ImageObject","inLanguage":"es","@id":"https:\/\/geckohaha.com\/es\/producto\/estanteria-autoadhesiva-para-bano-y-cocina\/#primaryimage","url":"https:\/\/geckohaha.com\/wp-content\/uploads\/ON-136_ON-146-WALL-HOOKS-STICK-Storage-rack\u2502ONENICE_vivipic-1.png","contentUrl":"https:\/\/geckohaha.com\/wp-content\/uploads\/ON-136_ON-146-WALL-HOOKS-STICK-Storage-rack\u2502ONENICE_vivipic-1.png","width":1080,"height":1080},{"@type":"BreadcrumbList","@id":"https:\/\/geckohaha.com\/es\/producto\/estanteria-autoadhesiva-para-bano-y-cocina\/#breadcrumb","itemListElement":[{"@type":"ListItem","position":1,"name":"INICIO","item":"https:\/\/geckohaha.com\/es\/"},{"@type":"ListItem","position":2,"name":"Productos","item":"https:\/\/geckohaha.com\/products\/"},{"@type":"ListItem","position":3,"name":"Sin taladro\/ganchos autoadhesivos reutilizables para paredes","item":"https:\/\/geckohaha.com\/es\/categoria-producto\/no-drill-reusable-self-adhesive-hooks-for-walls\/"},{"@type":"ListItem","position":4,"name":"Estante de Almacenamiento de Caja de Detergente de Lavander\u00eda Ensamblado en Pared Impermeable y Sin Rastro"}]},{"@type":"WebSite","@id":"https:\/\/geckohaha.com\/es\/#website","url":"https:\/\/geckohaha.com\/es\/","name":"Onenice Internaional Co., Ltd.","description":"Free your idea, Enrich your life","publisher":{"@id":"https:\/\/geckohaha.com\/es\/#organization"},"potentialAction":[{"@type":"SearchAction","target":{"@type":"EntryPoint","urlTemplate":"https:\/\/geckohaha.com\/es\/?s={search_term_string}"},"query-input":{"@type":"PropertyValueSpecification","valueRequired":true,"valueName":"search_term_string"}}],"inLanguage":"es"},{"@type":"Organization","@id":"https:\/\/geckohaha.com\/es\/#organization","name":"\u842c\u99ff\u570b\u969b\u6709\u9650\u516c\u53f8","url":"https:\/\/geckohaha.com\/es\/","logo":{"@type":"ImageObject","inLanguage":"es","@id":"https:\/\/geckohaha.com\/es\/#\/schema\/logo\/image\/","url":"http:\/\/geckohaha.com\/wp-content\/uploads\/2021\/12\/cropped-site_logo.png","contentUrl":"http:\/\/geckohaha.com\/wp-content\/uploads\/2021\/12\/cropped-site_logo.png","width":512,"height":512,"caption":"\u842c\u99ff\u570b\u969b\u6709\u9650\u516c\u53f8"},"image":{"@id":"https:\/\/geckohaha.com\/es\/#\/schema\/logo\/image\/"}}]}},"_links":{"self":[{"href":"https:\/\/geckohaha.com\/es\/wp-json\/wp\/v2\/product\/3305","targetHints":{"allow":["GET"]}}],"collection":[{"href":"https:\/\/geckohaha.com\/es\/wp-json\/wp\/v2\/product"}],"about":[{"href":"https:\/\/geckohaha.com\/es\/wp-json\/wp\/v2\/types\/product"}],"wp:featuredmedia":[{"embeddable":true,"href":"https:\/\/geckohaha.com\/es\/wp-json\/wp\/v2\/media\/3306"}],"wp:attachment":[{"href":"https:\/\/geckohaha.com\/es\/wp-json\/wp\/v2\/media?parent=3305"}],"wp:term":[{"taxonomy":"product_cat","embeddable":true,"href":"https:\/\/geckohaha.com\/es\/wp-json\/wp\/v2\/product_cat?post=3305"},{"taxonomy":"product_tag","embeddable":true,"href":"https:\/\/geckohaha.com\/es\/wp-json\/wp\/v2\/product_tag?post=3305"}],"curies":[{"name":"wp","href":"https:\/\/api.w.org\/{rel}","templated":true}]}}